{"id":71797,"date":"2026-01-22T12:20:19","date_gmt":"2026-01-22T11:20:19","guid":{"rendered":"https:\/\/scoliadarts.com\/?page_id=71797"},"modified":"2026-01-22T12:20:19","modified_gmt":"2026-01-22T11:20:19","slug":"privacy-policy-v4","status":"publish","type":"page","link":"https:\/\/scoliadarts.com\/pl\/privacy-policy-v4\/","title":{"rendered":"Polityka prywatno\u015bci v4"},"content":{"rendered":"<ol>\n<li><strong>Recitale<\/strong>\n<ul>\n<li>Scolia Technologies Sp. z o.o. (numer rejestracyjny sp\u00f3\u0142ki: 06-09-023973, siedziba: 6 Victor Hugo Street, 6720 Szeged, W\u0118GRY, dalej jako. <strong>\u2019Scolia\u2019<\/strong>) zobowi\u0105zuje si\u0119 do ochrony prywatno\u015bci u\u017cytkownik\u00f3w (zwanych dalej\u2018<strong>U\u017cytkownik lub Ty<\/strong>\u2019) tej strony internetowej (\u2018<strong>Strona internetowa<\/strong>\u2019) i do\u0142o\u017cy wszelkich stara\u0144, aby dane osobowe U\u017cytkownik\u00f3w by\u0142y traktowane z poszanowaniem ich podstawowych praw i wolno\u015bci, a tak\u017ce godno\u015bci osobistej, ze szczeg\u00f3lnym uwzgl\u0119dnieniem poufno\u015bci.<\/li>\n<li>Og\u00f3lnie rzecz bior\u0105c, wszelkie informacje i dane dostarczone przez U\u017cytkownika lub w inny spos\u00f3b zebrane przez Scolia w kontek\u015bcie Witryny b\u0119d\u0105 wykorzystywane przez Scolia zgodnie z Rozporz\u0105dzeniem (UE) 2016\/679 (\u201c<strong>RODO<\/strong>\u201d).<\/li>\n<li>W przypadku jakichkolwiek pyta\u0144 zwi\u0105zanych z niniejsz\u0105 Polityk\u0105 prywatno\u015bci prosimy o kontakt przy u\u017cyciu danych kontaktowych podanych poni\u017cej.<\/li>\n<\/ul>\n<\/li>\n<li><strong>Nazwa i dane kontaktowe administratora danych<\/strong>\n<ul>\n<li>Nazwa administratora danych: <strong>Scolia Technologies Ltd.<\/strong><\/li>\n<li>Numer rejestracyjny firmy administratora danych: <strong>06-09-023973<\/strong><\/li>\n<li>Siedziba administratora danych: <strong>6 Victor Hugo Street, 6720 Szeged, W\u0118GRY<\/strong><\/li>\n<li>Adres e-mail administratora danych: <strong>\u00a0<\/strong><strong>info@scoliadarts.com<\/strong><\/li>\n<\/ul>\n<\/li>\n<li><strong>Cele i podstawa prawna przetwarzania danych, zakres przetwarzanych danych, okres przetwarzania danych oraz konsekwencje niepodania danych<\/strong>\n<ul>\n<li>Dla u\u0142atwienia poni\u017cej przedstawiono cele ka\u017cdego z naszych dzia\u0142a\u0144 zwi\u0105zanych z przetwarzaniem danych, podstaw\u0119 prawn\u0105, na kt\u00f3rej je wykonujemy, okres, przez kt\u00f3ry przechowujemy dane osobowe u\u017cytkownika oraz ewentualne konsekwencje nieprzekazania lub odmowy przekazania nam danych przez u\u017cytkownika.<\/li>\n<\/ul>\n<\/li>\n<\/ol>\n<table width=\"100%\">\n<tbody>\n<tr>\n<td width=\"30%\"><strong>Cel <\/strong><strong>przetwarzanie danych:<\/strong><\/td>\n<td width=\"69%\"><strong>Aby zarejestrowa\u0107 si\u0119 i utworzy\u0107 konto na <\/strong><a href=\"https:\/\/scoliadarts.com\/pl\/\"><strong>https:\/\/scoliadarts.com\/<\/strong><\/a><strong>, aby wys\u0142a\u0107 przypomnienie has\u0142a w przypadku zapomnienia has\u0142a<\/strong><\/td>\n<\/tr>\n<tr>\n<td width=\"30%\">Podstawa prawna przetwarzania danych:<\/td>\n<td width=\"69%\">Wykonanie umowy zawartej z U\u017cytkownikiem (art. 6 ust. 1 lit. b RODO)<\/td>\n<\/tr>\n<tr>\n<td width=\"30%\">Zakres danych przetwarzanych przez Scolia:<\/td>\n<td width=\"69%\">Imi\u0119 i nazwisko, adres e-mail, has\u0142o, data urodzenia (opcjonalnie), adres (miasto)<\/td>\n<\/tr>\n<tr>\n<td width=\"30%\">Czas trwania przetwarzania danych:<\/td>\n<td width=\"69%\">5 lat od rozwi\u0105zania umowy (5 lat od usuni\u0119cia konta u\u017cytkownika)<\/td>\n<\/tr>\n<tr>\n<td width=\"30%\">Konsekwencje nieprzekazania danych:<\/td>\n<td width=\"69%\">Nie b\u0119dziemy w stanie zapewni\u0107 u\u017cytkownikowi konta potrzebnego do korzystania z naszych us\u0142ug lub produkt\u00f3w.<\/td>\n<\/tr>\n<tr>\n<td width=\"30%\"><\/td>\n<td width=\"69%\"><\/td>\n<\/tr>\n<tr>\n<td width=\"30%\"><strong>Cel <\/strong><strong>przetwarzanie danych:<\/strong><\/td>\n<td width=\"69%\"><strong>Rozliczenia za us\u0142ugi i produkty zam\u00f3wione za po\u015brednictwem strony internetowej https:\/\/scoliadarts.com\/ oraz wszelkie op\u0142aty zwi\u0105zane z tymi us\u0142ugami i produktami, weryfikacja danych U\u017cytkownika i przechowywanie dokument\u00f3w zwi\u0105zanych z rozliczeniami<\/strong><\/td>\n<\/tr>\n<tr>\n<td width=\"30%\">Podstawa prawna przetwarzania danych:<\/td>\n<td width=\"69%\">Wykonanie umowy zawartej z U\u017cytkownikiem (art. 6 ust. 1 lit. b RODO) oraz prawny obowi\u0105zek przestrzegania przepis\u00f3w o rachunkowo\u015bci (art. 6 ust. 1 lit. c RODO, art. 169 ust. 2 ustawy o rachunkowo\u015bci, zwanej dalej \u2018Ustaw\u0105 o rachunkowo\u015bci\"). 6 ust. 1 lit. c), art. 169 ust. 2 ustawy o rachunkowo\u015bci, zwanej dalej \"ustaw\u0105 o rachunkowo\u015bci\".\u2018<strong>Ustawa o rachunkowo\u015bci\u2019<\/strong>) (\u015bcis\u0142e obowi\u0105zki ksi\u0119gowe)<\/td>\n<\/tr>\n<tr>\n<td width=\"30%\">Zakres danych przetwarzanych przez Scolia:<\/td>\n<td width=\"69%\">Rodzaj us\u0142ugi, rodzaj produktu, pe\u0142na nazwa U\u017cytkownika oraz dane wymagane do zawarcia umowy, adres IP, op\u0142ata, kwota faktury, termin p\u0142atno\u015bci, data wystawienia faktury, data p\u0142atno\u015bci, inne dane faktury, spos\u00f3b i termin uiszczenia op\u0142aty, dane osoby uiszczaj\u0105cej op\u0142at\u0119 (imi\u0119 i nazwisko, dane karty bankowej, szczeg\u00f3\u0142y p\u0142atno\u015bci).<\/td>\n<\/tr>\n<tr>\n<td width=\"30%\">Czas trwania przetwarzania danych:<\/td>\n<td width=\"69%\">Przez 5 lat od rozwi\u0105zania umowy (od usuni\u0119cia konta u\u017cytkownika) Okres przechowywania dokument\u00f3w ksi\u0119gowych wynosi 8 lat kalendarzowych od ko\u0144ca danego roku kalendarzowego, zgodnie z art. 169 ust. 2 ustawy o rachunkowo\u015bci.<\/td>\n<\/tr>\n<tr>\n<td width=\"30%\">Konsekwencje nieprzekazania danych:<\/td>\n<td width=\"69%\">W przypadku braku odpowiednich danych nie mo\u017cemy \u015bwiadczy\u0107 us\u0142ug ani dostarcza\u0107 produkt\u00f3w U\u017cytkownikowi<\/td>\n<\/tr>\n<tr>\n<td width=\"30%\"><\/td>\n<td width=\"69%\"><\/td>\n<\/tr>\n<tr>\n<td width=\"30%\"><strong>Cel <\/strong><strong>przetwarzanie danych:<\/strong><\/td>\n<td width=\"69%\"><strong>Kontaktowanie si\u0119 z U\u017cytkownikiem przez e-mail, telefon<\/strong><\/td>\n<\/tr>\n<tr>\n<td width=\"30%\">Podstawa prawna przetwarzania danych:<\/td>\n<td width=\"69%\">Wykonanie umowy zawartej z U\u017cytkownikiem (art. 6 ust. 1 lit. b RODO)<\/td>\n<\/tr>\n<tr>\n<td width=\"30%\">Zakres danych przetwarzanych przez Scolia:<\/td>\n<td width=\"69%\">Imi\u0119 i nazwisko, adres e-mail, numer telefonu<\/td>\n<\/tr>\n<tr>\n<td width=\"30%\">Czas trwania przetwarzania danych:<\/td>\n<td width=\"69%\">Przez 5 lat od rozwi\u0105zania umowy (od usuni\u0119cia konta u\u017cytkownika).<\/td>\n<\/tr>\n<tr>\n<td width=\"30%\">Konsekwencje nieprzekazania danych:<\/td>\n<td width=\"69%\">Nie mo\u017cemy skontaktowa\u0107 si\u0119 z u\u017cytkownikiem bez powy\u017cszych informacji<\/td>\n<\/tr>\n<tr>\n<td width=\"30%\"><\/td>\n<td width=\"69%\"><\/td>\n<\/tr>\n<tr>\n<td width=\"30%\"><strong>Cel <\/strong><strong>przetwarzanie danych:<\/strong><\/td>\n<td width=\"69%\"><strong>Realizacja zam\u00f3wie\u0144<\/strong><\/td>\n<\/tr>\n<tr>\n<td width=\"30%\">Podstawa prawna przetwarzania danych:<\/td>\n<td width=\"69%\">Wykonanie umowy zawartej z U\u017cytkownikiem (art. 6 ust. 1 lit. b RODO)<\/td>\n<\/tr>\n<tr>\n<td width=\"30%\">Zakres danych przetwarzanych przez Scolia:<\/td>\n<td width=\"69%\">Imi\u0119 i nazwisko odbiorcy, adres, adres e-mail, numer telefonu, numer paczki, warto\u015b\u0107 przesy\u0142ki, wybrany spos\u00f3b p\u0142atno\u015bci i dostawy, kwota pobrania za pobraniem, nazwa i adres do faktury oraz wszelkie dodatkowe informacje dobrowolnie przekazane Scolia w zwi\u0105zku z pobytem pod podanym adresem, a tak\u017ce wszelkie inne informacje podane w notatce do zam\u00f3wienia (np. inna nazwa na dzwonku do drzwi).<\/td>\n<\/tr>\n<tr>\n<td width=\"30%\">Czas trwania przetwarzania danych:<\/td>\n<td width=\"69%\">Przez 5 lat od rozwi\u0105zania umowy (od usuni\u0119cia konta u\u017cytkownika)<\/td>\n<\/tr>\n<tr>\n<td width=\"30%\">Konsekwencje nieprzekazania danych:<\/td>\n<td width=\"69%\">Nie mo\u017cemy dostarczy\u0107 zam\u00f3wionych produkt\u00f3w bez powy\u017cszych informacji<\/td>\n<\/tr>\n<tr>\n<td width=\"30%\"><\/td>\n<td width=\"69%\"><\/td>\n<\/tr>\n<tr>\n<td width=\"30%\"><strong>Cel <\/strong><strong>przetwarzanie danych:<\/strong><\/td>\n<td width=\"69%\"><strong>Wysy\u0142anie wiadomo\u015bci elektronicznych, biuletyn\u00f3w (w tym m.in. wiadomo\u015bci e-mail i SMS oraz innych powiadomie\u0144, baner\u00f3w) promuj\u0105cych produkty i us\u0142ugi Scolia oraz prowadzenie analiz, bada\u0144, statystyk rynkowych lub ankiet zwi\u0105zanych z produktami i us\u0142ugami Scolia<\/strong><\/td>\n<\/tr>\n<tr>\n<td width=\"30%\">Podstawa prawna przetwarzania danych:<\/td>\n<td width=\"69%\">Na podstawie zgody U\u017cytkownika (art. 6 ust. 1a RODO)<strong>Zgoda mo\u017ce zosta\u0107 wycofana w dowolnym momencie poprzez wys\u0142anie wiadomo\u015bci na adres e-mail Scolia wskazany w pkt 1 powy\u017cej. Wycofanie zgody nie wp\u0142ywa na zgodno\u015b\u0107 z prawem przetwarzania, kt\u00f3rego dokonano na podstawie zgody przed jej wycofaniem.<\/strong><\/td>\n<\/tr>\n<tr>\n<td width=\"30%\">Zakres danych przetwarzanych przez Scolia:<\/td>\n<td width=\"69%\">Nast\u0119puj\u0105ce dane dobrowolnie podane przez U\u017cytkownika lub zebrane na temat U\u017cytkownika lub jego dzia\u0142a\u0144 (np. przegl\u0105danie, wyszukiwanie i wyb\u00f3r produkt\u00f3w)<\/td>\n<\/tr>\n<tr>\n<td width=\"30%\">Czas trwania przetwarzania danych:<\/td>\n<td width=\"69%\">Do czasu wycofania zgody (ale nie d\u0142u\u017cej ni\u017c 5 lat od usuni\u0119cia konta u\u017cytkownika).<\/td>\n<\/tr>\n<tr>\n<td width=\"30%\">Konsekwencje nieprzekazania danych:<\/td>\n<td width=\"69%\">Scolia nie b\u0119dzie wysy\u0142a\u0107 zapyta\u0144 marketingowych ani przeprowadza\u0107 ankiet bez zgody U\u017cytkownika.<\/td>\n<\/tr>\n<tr>\n<td width=\"30%\"><\/td>\n<td width=\"69%\"><\/td>\n<\/tr>\n<tr>\n<td width=\"30%\"><strong>Cel <\/strong><strong>przetwarzanie danych:<\/strong><\/td>\n<td width=\"69%\"><strong>Analiza statystyczna dla statystyk osobistych i globalnych<\/strong><\/td>\n<\/tr>\n<tr>\n<td width=\"30%\">Podstawa prawna przetwarzania danych:<\/td>\n<td width=\"69%\">Na podstawie zgody U\u017cytkownika (art. 6 ust. 1a RODO)<strong>Zgoda mo\u017ce zosta\u0107 wycofana w dowolnym momencie poprzez wys\u0142anie wiadomo\u015bci na adres e-mail Scolia wskazany w pkt 1 powy\u017cej. Wycofanie zgody nie wp\u0142ywa na zgodno\u015b\u0107 z prawem przetwarzania, kt\u00f3rego dokonano na podstawie zgody przed jej wycofaniem.<\/strong><\/td>\n<\/tr>\n<tr>\n<td width=\"30%\">Zakres danych przetwarzanych przez Scolia:<\/td>\n<td width=\"69%\">Uderzenie danych zwi\u0105zanych z u\u017cytkownikami<\/td>\n<\/tr>\n<tr>\n<td width=\"30%\">Czas trwania przetwarzania danych:<\/td>\n<td width=\"69%\">Do czasu wycofania zgody.<\/td>\n<\/tr>\n<tr>\n<td width=\"30%\">Konsekwencje nieprzekazania danych:<\/td>\n<td width=\"69%\">Scolia usuwa dane osobowe u\u017cytkownika i anonimizuje dane dotycz\u0105ce strajk\u00f3w. Zanonimizowane dane b\u0119d\u0105 wykorzystywane wy\u0142\u0105cznie do globalnych statystyk.<\/td>\n<\/tr>\n<\/tbody>\n<\/table>\n<table width=\"100%\">\n<tbody>\n<tr>\n<td width=\"30%\"><strong>\u00a0<\/strong><\/td>\n<td width=\"69%\"><strong>\u00a0<\/strong><\/td>\n<\/tr>\n<tr>\n<td width=\"30%\"><strong>Cel przetwarzania danych:<\/strong><\/td>\n<td width=\"69%\"><strong>Sprawdzanie zgodno\u015bci z kodeksem post\u0119powania<\/strong><\/td>\n<\/tr>\n<tr>\n<td width=\"30%\">Podstawa prawna przetwarzania danych:<\/td>\n<td width=\"69%\">Wykonanie umowy zawartej z U\u017cytkownikiem (art. 6 ust. 1 lit. b RODO)<\/td>\n<\/tr>\n<tr>\n<td width=\"30%\">Zakres danych przetwarzanych przez Scolia:<\/td>\n<td width=\"69%\">Historia czatu w lobby, historia wiadomo\u015bci bezpo\u015brednich, obrazy z kamery tarczy do rzutek<\/td>\n<\/tr>\n<tr>\n<td width=\"30%\">Czas trwania przetwarzania danych:<\/td>\n<td width=\"69%\">Przez 5 lat od rozwi\u0105zania umowy (od usuni\u0119cia konta u\u017cytkownika)<\/td>\n<\/tr>\n<tr>\n<td width=\"30%\">Konsekwencje nieprzekazania danych:<\/td>\n<td width=\"69%\">Nie mo\u017cemy zatwierdzi\u0107 skarg dotycz\u0105cych naruszenia Kodeksu post\u0119powania.<\/td>\n<\/tr>\n<\/tbody>\n<\/table>\n<ol start=\"4\">\n<li><strong>Transfer danych<\/strong>\n<ul>\n<li><strong>Poczta, dostawcy us\u0142ug logistycznych<\/strong>\n<ul>\n<li>Podstaw\u0105 prawn\u0105 przekazywania danych w przypadku korzystania z powszechnych us\u0142ug pocztowych (Magyar Posta Zrt.) jest art. 6 ust. 1 lit. e) RODO w \u015bwietle art. 6 i 18 ustawy o poczcie. 6 ust. 1 lit. e) w \u015bwietle art. 6 i 18 ustawy pocztowej, natomiast w przypadku us\u0142ug pocztowych poza zakresem powszechnych us\u0142ug pocztowych (Magyar Posta Zrt.) przekazanie danych jest niezb\u0119dne do realizacji uzasadnionych interes\u00f3w Scolia i operatora pocztowego, co przejawia si\u0119 w tym, \u017ce bez tego wykonanie i weryfikacja umowy nie by\u0142yby mo\u017cliwe zgodnie z warunkami prawnymi \u015bwiadczenia us\u0142ug pocztowych.<\/li>\n<li>Je\u017celi z przyczyn niezale\u017cnych od Scolia wybrana przez U\u017cytkownika us\u0142uga kurierska nie b\u0119dzie w stanie dostarczy\u0107 zam\u00f3wionego produktu w terminie wskazanym przy sk\u0142adaniu zam\u00f3wienia lub w oczekiwanej jako\u015bci, Scolia przeka\u017ce przesy\u0142k\u0119 (przesy\u0142ki) do dor\u0119czenia innemu us\u0142ugodawcy w celu zapewnienia terminowej dostawy i przeka\u017ce dane przetwarzane w zwi\u0105zku z dostaw\u0105, o czym poinformuje U\u017cytkownika w innej wiadomo\u015bci e-mail, odr\u0119bnej od wiadomo\u015bci e-mail o dor\u0119czeniu, wskazuj\u0105c fakt i przyczyn\u0119 zmiany.<\/li>\n<li>Us\u0142ugi \u015bwiadczone przez dostawc\u00f3w us\u0142ug pocztowych \/ kurierskich podlegaj\u0105 ich og\u00f3lnym warunkom i zasadom przetwarzania danych, kt\u00f3re U\u017cytkownik akceptuje, akceptuj\u0105c niniejsz\u0105 Polityk\u0119 prywatno\u015bci.<\/li>\n<li>W przypadku us\u0142ug pocztowych wykorzystywanych do dostarczenia zam\u00f3wionych produkt\u00f3w do miejsca dostawy, dostawca us\u0142ug pocztowych mo\u017ce przetwarza\u0107 dane osobowe U\u017cytkownika jako administrator danych zgodnie z przepisami ustawy Prawo pocztowe (art. 54), w przypadku innych dostawc\u00f3w us\u0142ug logistycznych, dostawcy us\u0142ug logistycznych Sp\u00f3\u0142ki b\u0119d\u0105 przechowywa\u0107 dane osobowe U\u017cytkownika tylko do momentu dostarczenia zam\u00f3wionych produkt\u00f3w, chyba \u017ce prawo wymaga dalszego przechowywania danych U\u017cytkownika przez dostawc\u00f3w us\u0142ug logistycznych w celu przekazania danych organom (np. organom podatkowym).<\/li>\n<\/ul>\n<\/li>\n<\/ul>\n<\/li>\n<\/ol>\n<table width=\"100%\">\n<tbody>\n<tr>\n<td width=\"33%\"><strong>Nazwa dostawcy us\u0142ug pocztowych<\/strong><\/td>\n<td width=\"33%\"><strong>Siedziba operatora pocztowego<\/strong><\/td>\n<td width=\"33%\"><strong>Czynno\u015bci przetwarzania danych wykonywane przez dostawc\u0119 us\u0142ug pocztowych<\/strong><\/td>\n<\/tr>\n<tr>\n<td width=\"33%\">DHL Express Magyarorsz\u00e1g Kft.<\/td>\n<td width=\"33%\">1185 Budapeszt, BUD International AirportBuilding 302W\u0118GRY<\/td>\n<td width=\"33%\">Dor\u0119czanie paczek<\/td>\n<\/tr>\n<\/tbody>\n<\/table>\n<ul>\n<li><strong>Przesy\u0142anie danych do dostawc\u00f3w us\u0142ug p\u0142atniczych<\/strong>\n<ul>\n<li>Podstawa prawna przekazywania danych RODO art. 6 ust. 1 lit. b (wykonanie umowy).<\/li>\n<li>Dostawca us\u0142ug p\u0142atno\u015bci kart\u0105 kredytow\u0105:\u00a0<strong>Stripe Payments Europe<\/strong><\/li>\n<li>Siedziba: 1, Lower Grand Canal Street, Dublin 2, Irlandia<\/li>\n<\/ul>\n<\/li>\n<li><strong>Transfer danych do dostawcy us\u0142ug hostingowych<\/strong>\n<ul>\n<li>Dostawca hostingu: <strong>Google Ireland Ltd.<\/strong><\/li>\n<li>Siedziba: Google Building Gordon House, 4 Barrow St, Grand Canal Dock, Dublin 4, D04 V4X7, Irlandia<\/li>\n<\/ul>\n<\/li>\n<\/ul>\n<ol start=\"10\">\n<li><strong>Prawa u\u017cytkownika<\/strong><\/li>\n<\/ol>\n<p style=\"padding-left: 40px;\">U\u017cytkownikowi przys\u0142uguj\u0105 nast\u0119puj\u0105ce prawa w odniesieniu do danych osobowych:<\/p>\n<ul>\n<li><strong>Prawo dost\u0119pu<\/strong> - U\u017cytkownik mo\u017ce za\u017c\u0105da\u0107 od Scolii informacji o zakresie przetwarzanych danych na jego temat oraz za\u017c\u0105da\u0107 dost\u0119pu do swoich danych osobowych. Prawo dost\u0119pu daje U\u017cytkownikowi mo\u017cliwo\u015b\u0107 uzyskania informacji zwrotnej na temat tego, czy jego dane osobowe s\u0105 przetwarzane, a je\u015bli tak, uzyskania dost\u0119pu do swoich danych osobowych, za\u017c\u0105dania kopii swoich danych osobowych oraz za\u017c\u0105dania od Scolia informacji na temat przetwarzania.<\/li>\n<li><strong>Prawo do sprostowania - <\/strong>U\u017cytkownik ma prawo za\u017c\u0105da\u0107 od Scolia poprawienia danych osobowych, kt\u00f3re uwa\u017ca za nieprawid\u0142owe. U\u017cytkownik ma r\u00f3wnie\u017c prawo za\u017c\u0105da\u0107 od Scolia uzupe\u0142nienia danych osobowych, kt\u00f3re uwa\u017ca za niekompletne.<\/li>\n<li><strong>Prawo do usuni\u0119cia danych<\/strong> - U\u017cytkownik ma prawo za\u017c\u0105da\u0107 od Scolia usuni\u0119cia jego danych osobowych pod pewnymi warunkami.<\/li>\n<li><strong>Prawo do ograniczenia przetwarzania<\/strong> - U\u017cytkownik ma prawo za\u017c\u0105da\u0107 od Scolia ograniczenia przetwarzania jego danych osobowych pod pewnymi warunkami.<\/li>\n<li><strong>Prawo do sprzeciwu wobec przetwarzania<\/strong> - U\u017cytkownik ma prawo sprzeciwi\u0107 si\u0119 przetwarzaniu jego danych osobowych przez Scolia, pod pewnymi warunkami.<\/li>\n<li><strong>Prawo do przenoszenia danych - <\/strong>U\u017cytkownik ma prawo do przenoszenia danych. W kontek\u015bcie prawa do przenoszenia danych U\u017cytkownik ma prawo do otrzymania swoich danych osobowych przetwarzanych przez Scolia w ustrukturyzowanym, powszechnie u\u017cywanym formacie nadaj\u0105cym si\u0119 do odczytu maszynowego oraz prawo do przekazania tych danych innemu administratorowi bez przeszk\u00f3d ze strony Scolia. O ile jest to technicznie wykonalne, U\u017cytkownik mo\u017ce r\u00f3wnie\u017c za\u017c\u0105da\u0107, aby Scolia przekaza\u0142a jego dane osobowe bezpo\u015brednio innemu administratorowi.<\/li>\n<li><strong>Prawo do wycofania zgody<\/strong> - U\u017cytkownik ma r\u00f3wnie\u017c prawo do wycofania wcze\u015bniejszej zgody na przetwarzanie danych, z kt\u00f3rego mo\u017ce skorzysta\u0107 w dowolnym momencie, bez podania przyczyny i bezp\u0142atnie. Nale\u017cy pami\u0119ta\u0107, \u017ce wycofanie zgody nie wp\u0142ywa na zgodno\u015b\u0107 z prawem przetwarzania opartego na zgodzie przed jej wycofaniem.<\/li>\n<li>U\u017cytkownik powinien r\u00f3wnie\u017c mie\u0107 \u015bwiadomo\u015b\u0107, \u017ce niekt\u00f3re z jego praw mog\u0105 by\u0107 ograniczone, w ca\u0142o\u015bci lub w cz\u0119\u015bci, przez zobowi\u0105zania prawne lub uzasadnione interesy Scolia.<\/li>\n<\/ul>\n<ol start=\"11\">\n<li><strong>Prawo do z\u0142o\u017cenia skargi, zado\u015b\u0107uczynienia prawnego<\/strong><\/li>\n<\/ol>\n<p style=\"padding-left: 40px;\">Je\u015bli u\u017cytkownik zauwa\u017cy naruszenie swoich praw w trakcie przetwarzania danych, ma nast\u0119puj\u0105ce mo\u017cliwo\u015bci:<\/p>\n<ol>\n<li>skontaktowa\u0107 si\u0119 bezpo\u015brednio ze Scolia poczt\u0105 tradycyjn\u0105 lub elektroniczn\u0105, korzystaj\u0105c z danych kontaktowych podanych w niniejszej Polityce prywatno\u015bci;<\/li>\n<li>mo\u017ce podj\u0105\u0107 kroki prawne w przypadku niezgodnego z prawem przetwarzania danych U\u017cytkownika lub naruszenia bezpiecze\u0144stwa danych U\u017cytkownika. Informacje na temat jurysdykcji i danych kontaktowych s\u0105du mo\u017cna znale\u017a\u0107 na stronie: www.birosagok.hu<\/li>\n<li>mo\u017ce z\u0142o\u017cy\u0107 skarg\u0119 do odpowiedniego organu nadzorczego, Krajowego Organu Ochrony Danych i Wolno\u015bci Informacji, je\u015bli uzna, \u017ce jego dane osobowe s\u0105 przetwarzane niezgodnie z prawem. Dane kontaktowe Krajowego Organu Ochrony Danych i Wolno\u015bci Informacji: H-1055 Budapeszt, Falk Miksa utca 9-11 Strona internetowa: www.naih.hu Email: <a href=\"mailto:ugyfelszolgalat@naih.hu\">ugyfelszolgalat@naih.hu<\/a><\/li>\n<li><strong>Zmiany w o\u015bwiadczeniu o ochronie prywatno\u015bci i ostrze\u017ceniu<\/strong><\/li>\n<\/ol>\n<p>Scolia zastrzega sobie prawo do jednostronnej zmiany niniejszej Polityki prywatno\u015bci w dowolnym momencie.<\/p>\n<p>Ostatnia aktualizacja: Czerwiec, 2024<\/p>\n<p>Nazwa administratora danych: Scolia Technologies Ltd.<\/p>","protected":false},"excerpt":{"rendered":"<p>Recitals Scolia Technologies Ltd. (company registration number: 06-09-023973, seat: 6 Victor Hugo Street, 6720 Szeged, HUNGARY, hereinafter referred to as \u2019Scolia\u2019) is committed to protecting the privacy of users (hereinafter referred to as \u2018User or You\u2019) of this website (the \u2018Website\u2019) and will do everything in its power to ensure that Users\u2019 personal data is [&hellip;]<\/p>\n","protected":false},"author":1,"featured_media":0,"parent":0,"menu_order":0,"comment_status":"closed","ping_status":"closed","template":"","meta":{"inline_featured_image":false,"site-sidebar-layout":"default","site-content-layout":"","ast-site-content-layout":"default","site-content-style":"default","site-sidebar-style":"default","ast-global-header-display":"","ast-banner-title-visibility":"","ast-main-header-display":"","ast-hfb-above-header-display":"","ast-hfb-below-header-display":"","ast-hfb-mobile-header-display":"","site-post-title":"","ast-breadcrumbs-content":"","ast-featured-img":"","footer-sml-layout":"","ast-disable-related-posts":"","theme-transparent-header-meta":"default","adv-header-id-meta":"","stick-header-meta":"default","header-above-stick-meta":"","header-main-stick-meta":"","header-below-stick-meta":"","astra-migrate-meta-layouts":"set","ast-page-background-enabled":"default","ast-page-background-meta":{"desktop":{"background-color":"","background-image":"","background-repeat":"repeat","background-position":"center center","background-size":"auto","background-attachment":"scroll","background-type":"","background-media":"","overlay-type":"","overlay-color":"","overlay-opacity":"","overlay-gradient":""},"tablet":{"background-color":"","background-image":"","background-repeat":"repeat","background-position":"center center","background-size":"auto","background-attachment":"scroll","background-type":"","background-media":"","overlay-type":"","overlay-color":"","overlay-opacity":"","overlay-gradient":""},"mobile":{"background-color":"","background-image":"","background-repeat":"repeat","background-position":"center center","background-size":"auto","background-attachment":"scroll","background-type":"","background-media":"","overlay-type":"","overlay-color":"","overlay-opacity":"","overlay-gradient":""}},"ast-content-background-meta":{"desktop":{"background-color":"var(--ast-global-color-5)","background-image":"","background-repeat":"repeat","background-position":"center center","background-size":"auto","background-attachment":"scroll","background-type":"","background-media":"","overlay-type":"","overlay-color":"","overlay-opacity":"","overlay-gradient":""},"tablet":{"background-color":"var(--ast-global-color-5)","background-image":"","background-repeat":"repeat","background-position":"center center","background-size":"auto","background-attachment":"scroll","background-type":"","background-media":"","overlay-type":"","overlay-color":"","overlay-opacity":"","overlay-gradient":""},"mobile":{"background-color":"var(--ast-global-color-5)","background-image":"","background-repeat":"repeat","background-position":"center center","background-size":"auto","background-attachment":"scroll","background-type":"","background-media":"","overlay-type":"","overlay-color":"","overlay-opacity":"","overlay-gradient":""}},"footnotes":""},"class_list":["post-71797","page","type-page","status-publish","hentry"],"aioseo_notices":[],"_links":{"self":[{"href":"https:\/\/scoliadarts.com\/pl\/wp-json\/wp\/v2\/pages\/71797","targetHints":{"allow":["GET"]}}],"collection":[{"href":"https:\/\/scoliadarts.com\/pl\/wp-json\/wp\/v2\/pages"}],"about":[{"href":"https:\/\/scoliadarts.com\/pl\/wp-json\/wp\/v2\/types\/page"}],"author":[{"embeddable":true,"href":"https:\/\/scoliadarts.com\/pl\/wp-json\/wp\/v2\/users\/1"}],"replies":[{"embeddable":true,"href":"https:\/\/scoliadarts.com\/pl\/wp-json\/wp\/v2\/comments?post=71797"}],"version-history":[{"count":0,"href":"https:\/\/scoliadarts.com\/pl\/wp-json\/wp\/v2\/pages\/71797\/revisions"}],"wp:attachment":[{"href":"https:\/\/scoliadarts.com\/pl\/wp-json\/wp\/v2\/media?parent=71797"}],"curies":[{"name":"wp","href":"https:\/\/api.w.org\/{rel}","templated":true}]}}