{"id":62894,"date":"2025-11-05T16:42:29","date_gmt":"2025-11-05T15:42:29","guid":{"rendered":"https:\/\/scoliadarts.com\/?page_id=62894"},"modified":"2026-03-31T09:31:10","modified_gmt":"2026-03-31T07:31:10","slug":"usermanual","status":"publish","type":"page","link":"https:\/\/scoliadarts.com\/pl\/social\/usermanual\/","title":{"rendered":"Podr\u0119cznik u\u017cytkownika"},"content":{"rendered":"<div data-elementor-type=\"wp-page\" data-elementor-id=\"62894\" class=\"elementor elementor-62894\" data-elementor-post-type=\"page\">\n\t\t\t\t<div class=\"elementor-element elementor-element-b1a42ab e-con-full e-flex e-con e-parent\" data-id=\"b1a42ab\" data-element_type=\"container\" data-e-type=\"container\" data-settings=\"{&quot;background_background&quot;:&quot;classic&quot;}\">\n\t\t\t\t<\/div>\n\t\t<div class=\"elementor-element elementor-element-9ff29ec e-con-full e-flex e-con e-parent\" data-id=\"9ff29ec\" data-element_type=\"container\" data-e-type=\"container\" data-settings=\"{&quot;background_background&quot;:&quot;classic&quot;}\">\n\t\t<div class=\"elementor-element elementor-element-d018726 belso-banner e-flex e-con-boxed e-con e-child\" data-id=\"d018726\" data-element_type=\"container\" data-e-type=\"container\">\n\t\t\t\t\t<div class=\"e-con-inner\">\n\t\t\t\t<div class=\"elementor-element elementor-element-4f8dd49 elementor-widget elementor-widget-html\" data-id=\"4f8dd49\" data-element_type=\"widget\" data-e-type=\"widget\" data-widget_type=\"html.default\">\n\t\t\t\t<div class=\"elementor-widget-container\">\n\t\t\t\t\t<style>\r\nh1, h2, h3, h4, h5 {\r\n  text-transform: none !important;\r\n}\r\n\r\n@media (max-width: 767px) {\r\n  p {\r\n    font-size: 1.1em !important;\r\n  }\r\n}\r\n\r\np {\r\n  hyphens: auto;\r\n  -webkit-hyphens: auto;\r\n  -ms-hyphens: auto;\r\n  overflow-wrap: normal;\r\n  word-break: normal;\r\n}\r\n\r\n@-moz-document url-prefix() {\r\n  p {\r\n    hyphens: auto;\r\n  }\r\n}\r\n<\/style>\r\n\t\t\t\t<\/div>\n\t\t\t\t<\/div>\n\t\t\t\t<div class=\"elementor-element elementor-element-05bb509 elementor-widget elementor-widget-heading\" data-id=\"05bb509\" data-element_type=\"widget\" data-e-type=\"widget\" data-settings=\"{&quot;_animation&quot;:&quot;none&quot;}\" data-widget_type=\"heading.default\">\n\t\t\t\t<div class=\"elementor-widget-container\">\n\t\t\t\t\t<h2 class=\"elementor-heading-title elementor-size-default\">Podr\u0119cznik u\u017cytkownika<\/h2>\t\t\t\t<\/div>\n\t\t\t\t<\/div>\n\t\t\t\t<div class=\"elementor-element elementor-element-ea2a9a3 elementor-widget elementor-widget-text-editor\" data-id=\"ea2a9a3\" data-element_type=\"widget\" data-e-type=\"widget\" data-widget_type=\"text-editor.default\">\n\t\t\t\t<div class=\"elementor-widget-container\">\n\t\t\t\t\t\t\t\t\t<p>Post\u0119puj zgodnie z tym przewodnikiem, aby szybko skonfigurowa\u0107 system Scolia Social.<\/p><h3>Monta\u017c urz\u0105dzenia<\/h3><p>Przed instalacj\u0105 Social Box nale\u017cy upewni\u0107 si\u0119, \u017ce system Scolia jest ju\u017c zainstalowany i dzia\u0142a. Instrukcje konfiguracji Scolia mo\u017cna znale\u017a\u0107 w pakiecie lub online <a href=\"https:\/\/scoliadarts.com\/pl\/user-manuals\/\">tutaj<\/a>. Po uruchomieniu systemu Scolia mo\u017cna przyst\u0105pi\u0107 do konfiguracji Social Box.<\/p><p>Social Box nie musi by\u0107 fizycznie pod\u0142\u0105czony do jednostki Scolia Board. Social Box komunikuje si\u0119 z istniej\u0105c\u0105 tablic\u0105 Scolia przez Internet, o ile oba urz\u0105dzenia s\u0105 online.<\/p><h4>Konfiguracja skrzynki spo\u0142eczno\u015bciowej:<\/h4><ol><li>Pod\u0142\u0105cz zasilacz do urz\u0105dzenia Social Box.<\/li><li>Pod\u0142\u0105cz Social Box do Internetu za pomoc\u0105 kabla Ethernet.<\/li><li>Pod\u0142\u0105cz Social Box do telewizora za pomoc\u0105 do\u0142\u0105czonego kabla HDMI.<\/li><li>W\u0142\u0105cz Social Box i telewizor - urz\u0105dzenie zainicjuje si\u0119 automatycznie i uruchomi ekran Scolia Social.<\/li><li>Chwy\u0107 tablet i zeskanuj kod QR wy\u015bwietlany na ekranie telewizora. Sesja rozpocznie si\u0119 automatycznie i b\u0119dziesz gotowy do gry!<\/li><\/ol><h4>Social Box Rejestracja<\/h4><p>Aby rozpocz\u0105\u0107 gr\u0119 w Scolia Social, nale\u017cy zarejestrowa\u0107 Social Box i do\u0142\u0105czy\u0107 go do tablicy pod adresem\u00a0<a href=\"http:\/\/game.scoliadarts.com\" target=\"_blank\" rel=\"noopener\">game.scoliadarts.com<\/a>. Obecnie jest to wykonywane r\u0119cznie podczas zamawiania Social Box, wi\u0119c skontaktuj si\u0119 z przedstawicielem swojego konta, aby upewni\u0107 si\u0119, \u017ce zosta\u0142o to wype\u0142nione.<\/p><h4>Activating Your Social Subscription<\/h4><p>Once the Social Box is attached to your board, navigate to the Board Details page in My Boards menu. If the device is recognized correctly, you will see the Social ready badge displayed on your board&#8217;s profile.<\/p><p>To get started:<\/p><ol><li>Click on the Subscribe button to open the subscription panel.<\/li><li>Fill out the form and complete the checkout process.<\/li><li>Once your subscription is confirmed, your board is immediately ready to use Social Games.<\/li><\/ol><p>Note: If the Social Ready badge does not appear on your Board&#8217;s profile, please contact your account representative to ensure the Social Box has been correctly added to your Board.<\/p><h4>Konfiguracja na tablecie<\/h4><ul><li>Na tablecie zeskanuj kod QR lub przejd\u017a do strony <a href=\"https:\/\/social.scoliadarts.com\" target=\"_blank\" rel=\"noopener\">social.scoliadarts.com<\/a> i wprowad\u017a kod wy\u015bwietlany na ekranie telewizora.<\/li><li>Aby uzyska\u0107 p\u0142ynniejsze dzia\u0142anie, zalecamy zapisanie aplikacji internetowej jako PWA (Progressive Web App) na ekranie g\u0142\u00f3wnym tabletu.<\/li><li>Istnieje mo\u017cliwo\u015b\u0107 sparowania tabletu z urz\u0105dzeniem wy\u015bwietlaj\u0105cym, dzi\u0119ki czemu u\u017cytkownicy nie musz\u0105 ponownie \u0142\u0105czy\u0107 urz\u0105dze\u0144 przy ka\u017cdym uruchomieniu systemu. Nazywamy to trybem sta\u0142ego urz\u0105dzenia.<\/li><\/ul>\t\t\t\t\t\t\t\t<\/div>\n\t\t\t\t<\/div>\n\t\t\t\t<div class=\"elementor-element elementor-element-5dd7fc0 elementor-widget elementor-widget-heading\" data-id=\"5dd7fc0\" data-element_type=\"widget\" data-e-type=\"widget\" data-widget_type=\"heading.default\">\n\t\t\t\t<div class=\"elementor-widget-container\">\n\t\t\t\t\t<h3 class=\"elementor-heading-title elementor-size-default\">Tryb urz\u0105dzenia stacjonarnego\n<\/h3>\t\t\t\t<\/div>\n\t\t\t\t<\/div>\n\t\t\t\t<div class=\"elementor-element elementor-element-b722650 elementor-widget elementor-widget-text-editor\" data-id=\"b722650\" data-element_type=\"widget\" data-e-type=\"widget\" data-widget_type=\"text-editor.default\">\n\t\t\t\t<div class=\"elementor-widget-container\">\n\t\t\t\t\t\t\t\t\t<p>Urz\u0105dzenie konfiguracyjne mo\u017cna sparowa\u0107 z urz\u0105dzeniem wy\u015bwietlaj\u0105cym, aby u\u017cytkownicy nie musieli ich ponownie pod\u0142\u0105cza\u0107 przy ka\u017cdym uruchomieniu systemu. Nazywamy to trybem sta\u0142ego urz\u0105dzenia. Po skonfigurowaniu trybu sta\u0142ego urz\u0105dzenia wystarczy w\u0142\u0105czy\u0107 Social Box, a urz\u0105dzenie konfiguracyjne automatycznie si\u0119 z nim po\u0142\u0105czy, bez konieczno\u015bci ponownego wprowadzania kodu.<\/p>\t\t\t\t\t\t\t\t<\/div>\n\t\t\t\t<\/div>\n\t\t\t\t<div class=\"elementor-element elementor-element-c5887ad elementor-widget elementor-widget-image\" data-id=\"c5887ad\" data-element_type=\"widget\" data-e-type=\"widget\" data-widget_type=\"image.default\">\n\t\t\t\t<div class=\"elementor-widget-container\">\n\t\t\t\t\t\t\t\t\t\t\t\t\t\t\t<img decoding=\"async\" width=\"1116\" height=\"707\" src=\"https:\/\/scoliadarts.com\/wp-content\/uploads\/2025\/11\/DisplayCodeBlackShadow.png\" class=\"attachment-full size-full wp-image-63670\" alt=\"Wy\u015bwietl kod\" srcset=\"https:\/\/scoliadarts.com\/wp-content\/uploads\/2025\/11\/DisplayCodeBlackShadow.png 1116w, https:\/\/scoliadarts.com\/wp-content\/uploads\/2025\/11\/DisplayCodeBlackShadow-300x190.png 300w, https:\/\/scoliadarts.com\/wp-content\/uploads\/2025\/11\/DisplayCodeBlackShadow-1024x649.png 1024w, https:\/\/scoliadarts.com\/wp-content\/uploads\/2025\/11\/DisplayCodeBlackShadow-768x487.png 768w, https:\/\/scoliadarts.com\/wp-content\/uploads\/2025\/11\/DisplayCodeBlackShadow-600x380.png 600w\" sizes=\"(max-width: 1116px) 100vw, 1116px\" \/>\t\t\t\t\t\t\t\t\t\t\t\t\t\t\t<\/div>\n\t\t\t\t<\/div>\n\t\t\t\t<div class=\"elementor-element elementor-element-5bca6de elementor-widget elementor-widget-text-editor\" data-id=\"5bca6de\" data-element_type=\"widget\" data-e-type=\"widget\" data-widget_type=\"text-editor.default\">\n\t\t\t\t<div class=\"elementor-widget-container\">\n\t\t\t\t\t\t\t\t\t<p>Po wy\u015bwietleniu ekranu pocz\u0105tkowego, zamiast wpisywa\u0107 kod urz\u0105dzenia wy\u015bwietlaj\u0105cego, u\u017cyj nast\u0119puj\u0105cego kodu: <strong>SC0LI4<\/strong>. Nale\u017cy pami\u0119ta\u0107, \u017ce <strong>0<\/strong> jest liczb\u0105 zero, a <strong>4<\/strong> to cyfra cztery. Nast\u0119pnie wprowad\u017a numer seryjny systemu Scolia w polu wprowadzania i kliknij przycisk <strong>Zestaw<\/strong>.<\/p><p>Spowoduje to pomy\u015blne w\u0142\u0105czenie trybu urz\u0105dzenia stacjonarnego. Je\u015bli chcesz usun\u0105\u0107 numer seryjny i wy\u0142\u0105czy\u0107 Fixed Device Mode, najpierw wy\u0142\u0105cz i w\u0142\u0105cz Social Box. Nast\u0119pnie wprowad\u017a<strong> SC0LI4<\/strong> ponownie i usun\u0105\u0107 numer seryjny. Spowoduje to powr\u00f3t systemu do trybu domy\u015blnego.<\/p>\t\t\t\t\t\t\t\t<\/div>\n\t\t\t\t<\/div>\n\t\t<div class=\"elementor-element elementor-element-3e6cfbc e-con-full e-flex e-con e-child\" data-id=\"3e6cfbc\" data-element_type=\"container\" data-e-type=\"container\">\n\t\t\t\t<div class=\"elementor-element elementor-element-f9a18c5 elementor-widget elementor-widget-image\" data-id=\"f9a18c5\" data-element_type=\"widget\" data-e-type=\"widget\" data-widget_type=\"image.default\">\n\t\t\t\t<div class=\"elementor-widget-container\">\n\t\t\t\t\t\t\t\t\t\t\t\t\t\t\t<img decoding=\"async\" width=\"374\" height=\"379\" src=\"https:\/\/scoliadarts.com\/wp-content\/uploads\/2025\/11\/SerialNumberInputBlackShadow.png\" class=\"attachment-large size-large wp-image-63669\" alt=\"Numer seryjny\" srcset=\"https:\/\/scoliadarts.com\/wp-content\/uploads\/2025\/11\/SerialNumberInputBlackShadow.png 374w, https:\/\/scoliadarts.com\/wp-content\/uploads\/2025\/11\/SerialNumberInputBlackShadow-296x300.png 296w, https:\/\/scoliadarts.com\/wp-content\/uploads\/2025\/11\/SerialNumberInputBlackShadow-100x100.png 100w, https:\/\/scoliadarts.com\/wp-content\/uploads\/2025\/11\/SerialNumberInputBlackShadow-32x32.png 32w\" sizes=\"(max-width: 374px) 100vw, 374px\" \/>\t\t\t\t\t\t\t\t\t\t\t\t\t\t\t<\/div>\n\t\t\t\t<\/div>\n\t\t\t\t<\/div>\n\t\t\t\t<div class=\"elementor-element elementor-element-a0de445 elementor-widget elementor-widget-heading\" data-id=\"a0de445\" data-element_type=\"widget\" data-e-type=\"widget\" data-widget_type=\"heading.default\">\n\t\t\t\t<div class=\"elementor-widget-container\">\n\t\t\t\t\t<h4 class=\"elementor-heading-title elementor-size-default\">Tryb kiosku\n<\/h4>\t\t\t\t<\/div>\n\t\t\t\t<\/div>\n\t\t\t\t<div class=\"elementor-element elementor-element-5a8ebec elementor-widget elementor-widget-text-editor\" data-id=\"5a8ebec\" data-element_type=\"widget\" data-e-type=\"widget\" data-widget_type=\"text-editor.default\">\n\t\t\t\t<div class=\"elementor-widget-container\">\n\t\t\t\t\t\t\t\t\t<p>Tryb kiosku jest idealny dla lokali i bar\u00f3w, aby zapobiec przypadkowej b\u0142\u0119dnej konfiguracji tabletu. Mo\u017cna go skonfigurowa\u0107 tak, aby na tablecie dzia\u0142a\u0142 tylko Scolia Social Configurator, zapewniaj\u0105c graczom dost\u0119p do niczego innego.<\/p><p>Wa\u017cne jest, aby pami\u0119ta\u0107, \u017ce chocia\u017c przypinanie ekranu w Androidzie jest przydatnym narz\u0119dziem do korzystania z pojedynczej aplikacji, ma pewne ograniczenia w por\u00f3wnaniu do Guided Access w iOS. Na przyk\u0142ad nie pozwala na ustawienie unikalnego has\u0142a dla przypi\u0119tego ekranu; ka\u017cdy, kto ma has\u0142o do g\u0142\u00f3wnego urz\u0105dzenia, mo\u017ce odpi\u0105\u0107 aplikacj\u0119. Ponadto nie uniemo\u017cliwia u\u017cytkownikom regulacji g\u0142o\u015bno\u015bci, wy\u0142\u0105czania wy\u015bwietlacza lub uzyskiwania dost\u0119pu do niekt\u00f3rych obszar\u00f3w ekranu.<\/p>\t\t\t\t\t\t\t\t<\/div>\n\t\t\t\t<\/div>\n\t\t\t\t<div class=\"elementor-element elementor-element-77c03c6 elementor-widget elementor-widget-heading\" data-id=\"77c03c6\" data-element_type=\"widget\" data-e-type=\"widget\" data-settings=\"{&quot;_animation&quot;:&quot;none&quot;}\" data-widget_type=\"heading.default\">\n\t\t\t\t<div class=\"elementor-widget-container\">\n\t\t\t\t\t<h4 class=\"elementor-heading-title elementor-size-default\">Dost\u0119p kierowany iOS\n<\/h4>\t\t\t\t<\/div>\n\t\t\t\t<\/div>\n\t\t\t\t<div class=\"elementor-element elementor-element-49ef53e elementor-widget elementor-widget-text-editor\" data-id=\"49ef53e\" data-element_type=\"widget\" data-e-type=\"widget\" data-widget_type=\"text-editor.default\">\n\t\t\t\t<div class=\"elementor-widget-container\">\n\t\t\t\t\t\t\t\t\t<ol><li>Przejd\u017a do Ustawienia &gt; Dost\u0119pno\u015b\u0107, a nast\u0119pnie w\u0142\u0105cz Dost\u0119p z przewodnikiem.<\/li><li>Stuknij Ustawienia kodu dost\u0119pu, a nast\u0119pnie stuknij Ustaw kod dost\u0119pu z przewodnikiem.<\/li><li>Wprowad\u017a has\u0142o, a nast\u0119pnie wprowad\u017a je ponownie. W tym miejscu mo\u017cesz r\u00f3wnie\u017c w\u0142\u0105czy\u0107 Face ID lub Touch ID jako spos\u00f3b na zako\u0144czenie sesji Guided Access.<\/li><\/ol>\t\t\t\t\t\t\t\t<\/div>\n\t\t\t\t<\/div>\n\t\t\t\t<div class=\"elementor-element elementor-element-caa6a64 elementor-widget elementor-widget-image\" data-id=\"caa6a64\" data-element_type=\"widget\" data-e-type=\"widget\" data-widget_type=\"image.default\">\n\t\t\t\t<div class=\"elementor-widget-container\">\n\t\t\t\t\t\t\t\t\t\t\t\t\t\t\t<img decoding=\"async\" width=\"1024\" height=\"712\" src=\"https:\/\/scoliadarts.com\/wp-content\/uploads\/2025\/11\/Guided-Access-min-1024x712.jpg\" class=\"attachment-large size-large wp-image-63621\" alt=\"Dost\u0119p z przewodnikiem\" srcset=\"https:\/\/scoliadarts.com\/wp-content\/uploads\/2025\/11\/Guided-Access-min-1024x712.jpg 1024w, https:\/\/scoliadarts.com\/wp-content\/uploads\/2025\/11\/Guided-Access-min-300x208.jpg 300w, https:\/\/scoliadarts.com\/wp-content\/uploads\/2025\/11\/Guided-Access-min-768x534.jpg 768w, https:\/\/scoliadarts.com\/wp-content\/uploads\/2025\/11\/Guided-Access-min-1536x1067.jpg 1536w, https:\/\/scoliadarts.com\/wp-content\/uploads\/2025\/11\/Guided-Access-min-2048x1423.jpg 2048w, https:\/\/scoliadarts.com\/wp-content\/uploads\/2025\/11\/Guided-Access-min-600x417.jpg 600w\" sizes=\"(max-width: 1024px) 100vw, 1024px\" \/>\t\t\t\t\t\t\t\t\t\t\t\t\t\t\t<\/div>\n\t\t\t\t<\/div>\n\t\t\t\t<div class=\"elementor-element elementor-element-f7403a4 elementor-widget elementor-widget-heading\" data-id=\"f7403a4\" data-element_type=\"widget\" data-e-type=\"widget\" data-widget_type=\"heading.default\">\n\t\t\t\t<div class=\"elementor-widget-container\">\n\t\t\t\t\t<h5 class=\"elementor-heading-title elementor-size-default\">Rozpocz\u0119cie sesji Guided Access \n\n<\/h5>\t\t\t\t<\/div>\n\t\t\t\t<\/div>\n\t\t\t\t<div class=\"elementor-element elementor-element-5cef2f0 elementor-widget elementor-widget-text-editor\" data-id=\"5cef2f0\" data-element_type=\"widget\" data-e-type=\"widget\" data-widget_type=\"text-editor.default\">\n\t\t\t\t<div class=\"elementor-widget-container\">\n\t\t\t\t\t\t\t\t\t<ol><li>Otw\u00f3rz wybran\u0105 aplikacj\u0119.<\/li><li>Na telefonie iPhone X lub nowszym kliknij trzykrotnie przycisk boczny. Na telefonie iPhone 8 lub nowszym kliknij trzykrotnie przycisk Pocz\u0105tek.<\/li><li>Je\u015bli chcesz, aby cz\u0119\u015bci ekranu przesta\u0142y reagowa\u0107 na dotyk, zakre\u015bl te obszary jednym palcem. Okr\u0105g mo\u017cna przesuwa\u0107, zmienia\u0107 jego rozmiar lub stukn\u0105\u0107 przycisk X, aby go usun\u0105\u0107.<\/li><li>Stuknij opcj\u0119 Guided Access, a nast\u0119pnie stuknij Start.<\/li><\/ol>\t\t\t\t\t\t\t\t<\/div>\n\t\t\t\t<\/div>\n\t\t\t\t<div class=\"elementor-element elementor-element-f6bd5db elementor-widget elementor-widget-heading\" data-id=\"f6bd5db\" data-element_type=\"widget\" data-e-type=\"widget\" data-widget_type=\"heading.default\">\n\t\t\t\t<div class=\"elementor-widget-container\">\n\t\t\t\t\t<h5 class=\"elementor-heading-title elementor-size-default\">Zako\u0144czenie sesji Guided Access\n\n<\/h5>\t\t\t\t<\/div>\n\t\t\t\t<\/div>\n\t\t\t\t<div class=\"elementor-element elementor-element-9c3a37e elementor-widget elementor-widget-text-editor\" data-id=\"9c3a37e\" data-element_type=\"widget\" data-e-type=\"widget\" data-widget_type=\"text-editor.default\">\n\t\t\t\t<div class=\"elementor-widget-container\">\n\t\t\t\t\t\t\t\t\t<ol><li>Kliknij trzykrotnie przycisk boczny lub przycisk ekranu startowego, wprowad\u017a kod dost\u0119pu z przewodnikiem, a nast\u0119pnie stuknij przycisk Zako\u0144cz. Je\u015bli dla funkcji Guided Access w\u0142\u0105czono Touch ID lub Face ID, kliknij dwukrotnie przycisk boczny lub przycisk ekranu startowego.<\/li><\/ol><p>Odniesienie: <a href=\"https:\/\/support.apple.com\/en-us\/111795\">https:\/\/support.apple.com\/en-us\/111795<\/a><\/p>\t\t\t\t\t\t\t\t<\/div>\n\t\t\t\t<\/div>\n\t\t\t\t<div class=\"elementor-element elementor-element-03b5466 elementor-widget elementor-widget-heading\" data-id=\"03b5466\" data-element_type=\"widget\" data-e-type=\"widget\" data-settings=\"{&quot;_animation&quot;:&quot;none&quot;}\" data-widget_type=\"heading.default\">\n\t\t\t\t<div class=\"elementor-widget-container\">\n\t\t\t\t\t<h4 class=\"elementor-heading-title elementor-size-default\">Ekrany przypinania i odpinania w systemie Android\n<\/h4>\t\t\t\t<\/div>\n\t\t\t\t<\/div>\n\t\t\t\t<div class=\"elementor-element elementor-element-85de06d elementor-widget elementor-widget-text-editor\" data-id=\"85de06d\" data-element_type=\"widget\" data-e-type=\"widget\" data-widget_type=\"text-editor.default\">\n\t\t\t\t<div class=\"elementor-widget-container\">\n\t\t\t\t\t\t\t\t\t<p>Odniesienie: <a href=\"https:\/\/support.google.com\/android\/answer\/9455138?hl=en#zippy=%2Cif-youre-using-android-below\">https:\/\/support.google.com\/android\/answer\/9455138?hl=en#zippy=%2Cif-youre-using-android-below<\/a><\/p>\t\t\t\t\t\t\t\t<\/div>\n\t\t\t\t<\/div>\n\t\t\t\t\t<\/div>\n\t\t\t\t<\/div>\n\t\t\t\t<\/div>\n\t\t\t\t<\/div>","protected":false},"excerpt":{"rendered":"<p>User Manual Follow this guide to set up your Scolia Social system quickly. Assembling Your Unit Before installing the Social Box, make sure that your Scolia system is already installed and working. You can find the Scolia setup manuals in your package or online here. Once your Scolia system is operational, you can proceed with [&hellip;]<\/p>\n","protected":false},"author":2,"featured_media":0,"parent":63899,"menu_order":0,"comment_status":"closed","ping_status":"closed","template":"","meta":{"inline_featured_image":false,"site-sidebar-layout":"no-sidebar","site-content-layout":"page-builder","ast-site-content-layout":"full-width-container","site-content-style":"default","site-sidebar-style":"default","ast-global-header-display":"","ast-banner-title-visibility":"","ast-main-header-display":"","ast-hfb-above-header-display":"","ast-hfb-below-header-display":"","ast-hfb-mobile-header-display":"","site-post-title":"disabled","ast-breadcrumbs-content":"","ast-featured-img":"disabled","footer-sml-layout":"","ast-disable-related-posts":"","theme-transparent-header-meta":"default","adv-header-id-meta":"","stick-header-meta":"default","header-above-stick-meta":"","header-main-stick-meta":"","header-below-stick-meta":"","astra-migrate-meta-layouts":"set","ast-page-background-enabled":"default","ast-page-background-meta":{"desktop":{"background-color":"","background-image":"","background-repeat":"repeat","background-position":"center center","background-size":"auto","background-attachment":"scroll","background-type":"","background-media":"","overlay-type":"","overlay-color":"","overlay-opacity":"","overlay-gradient":""},"tablet":{"background-color":"","background-image":"","background-repeat":"repeat","background-position":"center center","background-size":"auto","background-attachment":"scroll","background-type":"","background-media":"","overlay-type":"","overlay-color":"","overlay-opacity":"","overlay-gradient":""},"mobile":{"background-color":"","background-image":"","background-repeat":"repeat","background-position":"center center","background-size":"auto","background-attachment":"scroll","background-type":"","background-media":"","overlay-type":"","overlay-color":"","overlay-opacity":"","overlay-gradient":""}},"ast-content-background-meta":{"desktop":{"background-color":"var(--ast-global-color-5)","background-image":"","background-repeat":"repeat","background-position":"center center","background-size":"auto","background-attachment":"scroll","background-type":"","background-media":"","overlay-type":"","overlay-color":"","overlay-opacity":"","overlay-gradient":""},"tablet":{"background-color":"var(--ast-global-color-5)","background-image":"","background-repeat":"repeat","background-position":"center center","background-size":"auto","background-attachment":"scroll","background-type":"","background-media":"","overlay-type":"","overlay-color":"","overlay-opacity":"","overlay-gradient":""},"mobile":{"background-color":"var(--ast-global-color-5)","background-image":"","background-repeat":"repeat","background-position":"center center","background-size":"auto","background-attachment":"scroll","background-type":"","background-media":"","overlay-type":"","overlay-color":"","overlay-opacity":"","overlay-gradient":""}},"footnotes":""},"class_list":["post-62894","page","type-page","status-publish","hentry"],"aioseo_notices":[],"_links":{"self":[{"href":"https:\/\/scoliadarts.com\/pl\/wp-json\/wp\/v2\/pages\/62894","targetHints":{"allow":["GET"]}}],"collection":[{"href":"https:\/\/scoliadarts.com\/pl\/wp-json\/wp\/v2\/pages"}],"about":[{"href":"https:\/\/scoliadarts.com\/pl\/wp-json\/wp\/v2\/types\/page"}],"author":[{"embeddable":true,"href":"https:\/\/scoliadarts.com\/pl\/wp-json\/wp\/v2\/users\/2"}],"replies":[{"embeddable":true,"href":"https:\/\/scoliadarts.com\/pl\/wp-json\/wp\/v2\/comments?post=62894"}],"version-history":[{"count":0,"href":"https:\/\/scoliadarts.com\/pl\/wp-json\/wp\/v2\/pages\/62894\/revisions"}],"up":[{"embeddable":true,"href":"https:\/\/scoliadarts.com\/pl\/wp-json\/wp\/v2\/pages\/63899"}],"wp:attachment":[{"href":"https:\/\/scoliadarts.com\/pl\/wp-json\/wp\/v2\/media?parent=62894"}],"curies":[{"name":"wp","href":"https:\/\/api.w.org\/{rel}","templated":true}]}}