{"id":3,"date":"2019-04-15T12:13:08","date_gmt":"2019-04-15T12:13:08","guid":{"rendered":"https:\/\/scoliadarts.com\/?page_id=3"},"modified":"2023-06-01T06:31:52","modified_gmt":"2023-06-01T06:31:52","slug":"privacy-policy","status":"publish","type":"page","link":"https:\/\/scoliadarts.com\/pl\/privacy-policy\/","title":{"rendered":"Polityka prywatno\u015bci v1"},"content":{"rendered":"<header class=\"entry-header ast-no-thumbnail ast-no-meta\">\n<h1 class=\"entry-title\">SCOLIA TECHNOLOGIES LTD Polityka prywatno\u015bci<\/h1>\n<\/header>\n<div class=\"entry-content clear\">\n<p>SCOLIA Technologies Ltd. jest firm\u0105 prywatn\u0105. Niniejsza polityka prywatno\u015bci wyja\u015bnia, w jaki spos\u00f3b nasza organizacja wykorzystuje dane osobowe, kt\u00f3re zbieramy od Ciebie podczas korzystania z naszej strony internetowej.<\/p>\n<h2>Tematy:<\/h2>\n<ul>\n<li>Jakie dane gromadzimy?<\/li>\n<li>W jaki spos\u00f3b gromadzimy dane u\u017cytkownik\u00f3w?<\/li>\n<li>W jaki spos\u00f3b b\u0119dziemy wykorzystywa\u0107 Twoje dane?<\/li>\n<li>Jak przechowujemy dane u\u017cytkownik\u00f3w?<\/li>\n<li>Marketing<\/li>\n<li>Jakie s\u0105 prawa u\u017cytkownika w zakresie ochrony danych?<\/li>\n<li>Czym s\u0105 pliki cookie?<\/li>\n<li>Jak u\u017cywamy plik\u00f3w cookie?<\/li>\n<li>Jakich rodzaj\u00f3w plik\u00f3w cookie u\u017cywamy?<\/li>\n<li>Jak zarz\u0105dza\u0107 plikami cookie<\/li>\n<li>Polityki prywatno\u015bci innych witryn internetowych<\/li>\n<li>Zmiany w naszej polityce prywatno\u015bci<\/li>\n<li>Jak si\u0119 z nami skontaktowa\u0107<\/li>\n<li>Jak skontaktowa\u0107 si\u0119 z odpowiednimi w\u0142adzami<\/li>\n<\/ul>\n<h2><strong>Jakie dane gromadzimy?<\/strong><\/h2>\n<p>SCOLIA Technologies Ltd. gromadzi nast\u0119puj\u0105ce dane:<\/p>\n<ul>\n<li>Osobiste dane identyfikacyjne (imi\u0119 i nazwisko, adres e-mail, adres, numer telefonu itp.)<\/li>\n<li>Osobiste rekordy wynik\u00f3w do analizy statystycznej<\/li>\n<\/ul>\n<h2><strong>W jaki spos\u00f3b gromadzimy dane u\u017cytkownik\u00f3w?<\/strong><\/h2>\n<p>U\u017cytkownik bezpo\u015brednio przekazuje SCOLIA Technologies Ltd. wi\u0119kszo\u015b\u0107 gromadzonych przez nas danych. Gromadzimy i przetwarzamy dane, gdy<\/p>\n<ul>\n<li>Zarejestruj si\u0119 online lub z\u0142\u00f3\u017c zam\u00f3wienie na kt\u00f3rykolwiek z naszych produkt\u00f3w lub us\u0142ug.<\/li>\n<li>Dobrowolne wype\u0142nienie ankiety klienta lub przekazanie opinii na dowolnym z naszych for\u00f3w dyskusyjnych lub za po\u015brednictwem poczty elektronicznej.<\/li>\n<li>Korzystanie lub przegl\u0105danie naszej strony internetowej za pomoc\u0105 plik\u00f3w cookie przegl\u0105darki.<\/li>\n<li>Korzystaj z naszej us\u0142ugi gier pod nazw\u0105 domeny game.scoliadarts.com<\/li>\n<\/ul>\n<p>SCOLIA Technologies Ltd. mo\u017ce r\u00f3wnie\u017c otrzymywa\u0107 dane u\u017cytkownika po\u015brednio z nast\u0119puj\u0105cych \u017ar\u00f3de\u0142:<\/p>\n<ul>\n<li>Dane statystyczne gier rozegranych na twojej planszy przez innych graczy<\/li>\n<\/ul>\n<h2><strong>W jaki spos\u00f3b b\u0119dziemy wykorzystywa\u0107 Twoje dane?<\/strong><\/h2>\n<p>SCOLIA Technologies Ltd. gromadzi dane u\u017cytkownik\u00f3w, aby m\u00f3c:<\/p>\n<ul>\n<li>Przetwarzanie zam\u00f3wienia i zarz\u0105dzanie kontem.<\/li>\n<li>Wysy\u0142anie u\u017cytkownikowi wiadomo\u015bci e-mail z ofertami specjalnymi dotycz\u0105cymi innych produkt\u00f3w i us\u0142ug, kt\u00f3re naszym zdaniem mog\u0105 mu si\u0119 spodoba\u0107.<\/li>\n<li>Wy\u015bwietlanie historii gier i osobistych rekord\u00f3w w systemach Scolia<\/li>\n<\/ul>\n<p>Podczas przetwarzania zam\u00f3wienia SCOLIA Technologies Ltd. mo\u017ce przesy\u0142a\u0107 dane u\u017cytkownika do biur informacji kredytowej, a tak\u017ce wykorzystywa\u0107 uzyskane od nich informacje w celu zapobiegania nieuczciwym zakupom.<\/p>\n<h2><strong>Jak przechowujemy dane u\u017cytkownik\u00f3w?<\/strong><\/h2>\n<p>SCOLIA Technologies Ltd. bezpiecznie przechowuje dane u\u017cytkownika na platformie Google Cloud Platform hostowanej g\u0142\u00f3wnie w Belgii.<\/p>\n<p>SCOLIA Technologies Ltd. b\u0119dzie przechowywa\u0107 dane osobowe i dane gier do momentu podj\u0119cia decyzji o ich usuni\u0119ciu po anulowaniu rejestracji. Gdy u\u017cytkownik zainicjuje anulowanie rejestracji i nie b\u0119dzie ju\u017c uprawniony do korzystania z us\u0142ug Scolia, automatycznie usuniemy jego dane w ci\u0105gu 30 dni. Statystyki gry zostan\u0105 zanonimizowane i b\u0119d\u0105 dalej wykorzystywane do globalnych danych statystycznych.<\/p>\n<h2><strong>Marketing<\/strong><\/h2>\n<p>SCOLIA Technologies Ltd. pragnie przesy\u0142a\u0107 u\u017cytkownikom informacje o naszych produktach i us\u0142ugach, kt\u00f3re naszym zdaniem mog\u0105 im si\u0119 spodoba\u0107, a tak\u017ce o produktach i us\u0142ugach naszych firm partnerskich.<\/p>\n<p>Je\u015bli u\u017cytkownik wyrazi\u0142 zgod\u0119 na otrzymywanie materia\u0142\u00f3w marketingowych, zawsze mo\u017ce z nich zrezygnowa\u0107 w p\u00f3\u017aniejszym terminie.<\/p>\n<p>U\u017cytkownik ma prawo w dowolnym momencie uniemo\u017cliwi\u0107 SCOLIA Technologies Ltd. kontaktowanie si\u0119 z nim w celach marketingowych lub przekazywanie jego danych innym cz\u0142onkom grupy SCOLIA Technologies Ltd.. Group.<\/p>\n<p>Je\u015bli u\u017cytkownik nie chce, aby kontaktowano si\u0119 z nim w celach marketingowych, powinien wys\u0142a\u0107 wiadomo\u015b\u0107 e-mail na podany poni\u017cej adres e-mail.<\/p>\n<h2><strong>Jakie s\u0105 prawa u\u017cytkownika w zakresie ochrony danych?<\/strong><\/h2>\n<p>SCOLIA Technologies Ltd. pragnie upewni\u0107 si\u0119, \u017ce u\u017cytkownik jest w pe\u0142ni \u015bwiadomy wszystkich swoich praw do ochrony danych. Ka\u017cdy u\u017cytkownik ma prawo do nast\u0119puj\u0105cych praw:<\/p>\n<p><strong>Prawo dost\u0119pu<\/strong>\u00a0- U\u017cytkownik ma prawo za\u017c\u0105da\u0107 od SCOLIA Technologies Ltd. kopii swoich danych osobowych. Za t\u0119 us\u0142ug\u0119 mo\u017cemy pobra\u0107 niewielk\u0105 op\u0142at\u0119.<\/p>\n<p><strong>Prawo do sprostowania<\/strong>\u00a0- U\u017cytkownik ma prawo za\u017c\u0105da\u0107 od SCOLIA Technologies Ltd. poprawienia wszelkich informacji, kt\u00f3re uwa\u017ca za niedok\u0142adne. U\u017cytkownik ma r\u00f3wnie\u017c prawo za\u017c\u0105da\u0107 od SCOLIA Technologies Ltd. uzupe\u0142nienia informacji, kt\u00f3re uwa\u017ca za niekompletne.<\/p>\n<p><strong>Prawo do usuni\u0119cia danych<\/strong>\u00a0- U\u017cytkownik ma prawo za\u017c\u0105da\u0107 od SCOLIA Technologies Ltd. usuni\u0119cia swoich danych osobowych, pod pewnymi warunkami.<\/p>\n<p><strong>Prawo do ograniczenia przetwarzania<\/strong>\u00a0- U\u017cytkownik ma prawo za\u017c\u0105da\u0107 od SCOLIA Technologies Ltd. ograniczenia przetwarzania jego danych osobowych pod pewnymi warunkami.<\/p>\n<p><strong>Prawo do sprzeciwu wobec przetwarzania<\/strong>\u00a0- U\u017cytkownik ma prawo sprzeciwi\u0107 si\u0119 przetwarzaniu jego danych osobowych przez SCOLIA Technologies Ltd. pod pewnymi warunkami.<\/p>\n<p><strong>Prawo do przenoszenia danych<\/strong>\u00a0- U\u017cytkownik ma prawo za\u017c\u0105da\u0107, aby SCOLIA Technologies Ltd. przekaza\u0142a zebrane przez nas dane innej organizacji lub bezpo\u015brednio u\u017cytkownikowi, pod pewnymi warunkami.<\/p>\n<p>W przypadku z\u0142o\u017cenia wniosku mamy miesi\u0105c na udzielenie odpowiedzi. Je\u015bli chcesz skorzysta\u0107 z kt\u00f3regokolwiek z tych praw, skontaktuj si\u0119 z nami pod adresem e-mail:<\/p>\n<p>Lub napisz do nas: info@scoliadarts.com<\/p>\n<h2><strong>Pliki cookie<\/strong><\/h2>\n<p>Pliki cookie to pliki tekstowe umieszczane na komputerze u\u017cytkownika w celu gromadzenia standardowych informacji dziennika internetowego i informacji o zachowaniu odwiedzaj\u0105cych. Gdy u\u017cytkownik odwiedza nasze strony internetowe, mo\u017cemy automatycznie zbiera\u0107 od niego informacje za pomoc\u0105 plik\u00f3w cookie lub podobnej technologii<\/p>\n<p>Wi\u0119cej informacji mo\u017cna znale\u017a\u0107 na stronie\u00a0<a href=\"http:\/\/www.allaboutcookies.org\/\" target=\"_blank\" rel=\"noreferrer noopener\" aria-label=\" (otwiera si\u0119 w nowej karcie)\">allaboutcookies.org<\/a>.<\/p>\n<h2><strong>Jak u\u017cywamy plik\u00f3w cookie?<\/strong><\/h2>\n<p>SCOLIA Technologies Ltd. wykorzystuje pliki cookie na wiele sposob\u00f3w, aby poprawi\u0107 komfort korzystania z naszej witryny, w tym:<\/p>\n<ul>\n<li>Przechowywanie danych logowania<\/li>\n<li>Zrozumienie sposobu korzystania z naszej witryny<\/li>\n<\/ul>\n<p><strong>Jakich rodzaj\u00f3w plik\u00f3w cookie u\u017cywamy?<\/strong><\/p>\n<p>Istnieje jednak wiele r\u00f3\u017cnych rodzaj\u00f3w plik\u00f3w cookie, z kt\u00f3rych korzysta nasza witryna:<\/p>\n<ul>\n<li>Funkcjonalno\u015b\u0107 - SCOLIA Technologies Ltd. u\u017cywa tych plik\u00f3w cookie, aby\u015bmy mogli rozpozna\u0107 u\u017cytkownika na naszej stronie internetowej i zapami\u0119ta\u0107 jego wcze\u015bniej wybrane preferencje. Mog\u0105 one obejmowa\u0107 preferowany j\u0119zyk i lokalizacj\u0119. U\u017cywane s\u0105 zar\u00f3wno w\u0142asne, jak i zewn\u0119trzne pliki cookie.<\/li>\n<li>Reklama - SCOLIA Technologies Ltd. wykorzystuje te pliki cookie do zbierania informacji o Twojej wizycie na naszej stronie internetowej, przegl\u0105danych tre\u015bciach, linkach, kt\u00f3re odwiedzi\u0142e\u015b oraz informacji o Twojej przegl\u0105darce, urz\u0105dzeniu i adresie IP. SCOLIA Technologies Ltd. czasami udost\u0119pnia pewne ograniczone aspekty tych danych stronom trzecim w celach reklamowych. Mo\u017cemy r\u00f3wnie\u017c udost\u0119pnia\u0107 dane online zebrane za pomoc\u0105 plik\u00f3w cookie naszym partnerom reklamowym. Oznacza to, \u017ce gdy u\u017cytkownik odwiedza inn\u0105 witryn\u0119, mog\u0105 by\u0107 mu wy\u015bwietlane reklamy oparte na wzorcach przegl\u0105dania naszej witryny.<\/li>\n<\/ul>\n<h2><strong>Jak zarz\u0105dza\u0107 plikami cookie<\/strong><\/h2>\n<p>Mo\u017cesz ustawi\u0107 swoj\u0105 przegl\u0105dark\u0119 tak, aby nie akceptowa\u0142a plik\u00f3w cookie, a powy\u017csza strona internetowa zawiera informacje o tym, jak usun\u0105\u0107 pliki cookie z przegl\u0105darki. Jednak w kilku przypadkach niekt\u00f3re funkcje naszej witryny mog\u0105 nie dzia\u0142a\u0107.<\/p>\n<h2><strong>Polityki prywatno\u015bci innych witryn internetowych<\/strong><\/h2>\n<p>Strona internetowa SCOLIA Technologies Ltd. mo\u017ce zawiera\u0107 linki do innych stron internetowych. Nasza polityka prywatno\u015bci dotyczy tylko naszej witryny, wi\u0119c je\u015bli klikniesz \u0142\u0105cze do innej witryny, powiniene\u015b zapozna\u0107 si\u0119 z jej polityk\u0105 prywatno\u015bci.<\/p>\n<h2><strong>Zmiany w naszej polityce prywatno\u015bci<\/strong><\/h2>\n<p>SCOLIA Technologies Ltd. regularnie aktualizuje swoj\u0105 polityk\u0119 prywatno\u015bci i umieszcza wszelkie aktualizacje na tej stronie internetowej. Niniejsza polityka prywatno\u015bci zosta\u0142a ostatnio zaktualizowana 17 czerwca 2019 r.<\/p>\n<h2><strong>Jak si\u0119 z nami skontaktowa\u0107<\/strong><\/h2>\n<p>Je\u015bli masz jakiekolwiek pytania dotycz\u0105ce polityki prywatno\u015bci Scolia Technologies Ltd., danych, kt\u00f3re przechowujemy na Tw\u00f3j temat, lub chcesz skorzysta\u0107 z jednego ze swoich praw do ochrony danych, nie wahaj si\u0119 z nami skontaktowa\u0107.<\/p>\n<p>Napisz do nas na adres: info@scoliadarts.com<\/p>\n<h2><strong>Jak skontaktowa\u0107 si\u0119 z odpowiednim organem<\/strong><\/h2>\n<p>Je\u015bli chcesz zg\u0142osi\u0107 skarg\u0119 lub je\u015bli uwa\u017casz, \u017ce SCOLIA Technologies Ltd. nie rozwi\u0105za\u0142a Twoich obaw w zadowalaj\u0105cy spos\u00f3b, mo\u017cesz skontaktowa\u0107 si\u0119 z lokalnym biurem komisarza ds. informacji.<\/p>\n<p>Ostatnia aktualizacja: 17 \/ 06 \/ 2019<\/p>\n<\/div>","protected":false},"excerpt":{"rendered":"<p>SCOLIA TECHNOLOGIES LTD Privacy Policy SCOLIA Technologies Ltd. is a private company. This privacy policy will explain how our organization uses the personal data we collect from you when you use our website. Topics: What data do we collect? How do we collect your data? How will we use your data? How do we store [&hellip;]<\/p>\n","protected":false},"author":1,"featured_media":0,"parent":0,"menu_order":0,"comment_status":"closed","ping_status":"open","template":"","meta":{"inline_featured_image":false,"site-sidebar-layout":"default","site-content-layout":"default","ast-site-content-layout":"default","site-content-style":"default","site-sidebar-style":"default","ast-global-header-display":"","ast-banner-title-visibility":"","ast-main-header-display":"","ast-hfb-above-header-display":"","ast-hfb-below-header-display":"","ast-hfb-mobile-header-display":"","site-post-title":"","ast-breadcrumbs-content":"","ast-featured-img":"","footer-sml-layout":"","ast-disable-related-posts":"","theme-transparent-header-meta":"default","adv-header-id-meta":"","stick-header-meta":"default","header-above-stick-meta":"","header-main-stick-meta":"","header-below-stick-meta":"","astra-migrate-meta-layouts":"default","ast-page-background-enabled":"default","ast-page-background-meta":{"desktop":{"background-color":"","background-image":"","background-repeat":"repeat","background-position":"center center","background-size":"auto","background-attachment":"scroll","background-type":"","background-media":"","overlay-type":"","overlay-color":"","overlay-opacity":"","overlay-gradient":""},"tablet":{"background-color":"","background-image":"","background-repeat":"repeat","background-position":"center center","background-size":"auto","background-attachment":"scroll","background-type":"","background-media":"","overlay-type":"","overlay-color":"","overlay-opacity":"","overlay-gradient":""},"mobile":{"background-color":"","background-image":"","background-repeat":"repeat","background-position":"center center","background-size":"auto","background-attachment":"scroll","background-type":"","background-media":"","overlay-type":"","overlay-color":"","overlay-opacity":"","overlay-gradient":""}},"ast-content-background-meta":{"desktop":{"background-color":"var(--ast-global-color-5)","background-image":"","background-repeat":"repeat","background-position":"center center","background-size":"auto","background-attachment":"scroll","background-type":"","background-media":"","overlay-type":"","overlay-color":"","overlay-opacity":"","overlay-gradient":""},"tablet":{"background-color":"var(--ast-global-color-5)","background-image":"","background-repeat":"repeat","background-position":"center center","background-size":"auto","background-attachment":"scroll","background-type":"","background-media":"","overlay-type":"","overlay-color":"","overlay-opacity":"","overlay-gradient":""},"mobile":{"background-color":"var(--ast-global-color-5)","background-image":"","background-repeat":"repeat","background-position":"center center","background-size":"auto","background-attachment":"scroll","background-type":"","background-media":"","overlay-type":"","overlay-color":"","overlay-opacity":"","overlay-gradient":""}},"footnotes":""},"class_list":["post-3","page","type-page","status-publish","hentry"],"aioseo_notices":[],"_links":{"self":[{"href":"https:\/\/scoliadarts.com\/pl\/wp-json\/wp\/v2\/pages\/3","targetHints":{"allow":["GET"]}}],"collection":[{"href":"https:\/\/scoliadarts.com\/pl\/wp-json\/wp\/v2\/pages"}],"about":[{"href":"https:\/\/scoliadarts.com\/pl\/wp-json\/wp\/v2\/types\/page"}],"author":[{"embeddable":true,"href":"https:\/\/scoliadarts.com\/pl\/wp-json\/wp\/v2\/users\/1"}],"replies":[{"embeddable":true,"href":"https:\/\/scoliadarts.com\/pl\/wp-json\/wp\/v2\/comments?post=3"}],"version-history":[{"count":0,"href":"https:\/\/scoliadarts.com\/pl\/wp-json\/wp\/v2\/pages\/3\/revisions"}],"wp:attachment":[{"href":"https:\/\/scoliadarts.com\/pl\/wp-json\/wp\/v2\/media?parent=3"}],"curies":[{"name":"wp","href":"https:\/\/api.w.org\/{rel}","templated":true}]}}