{"id":23527,"date":"2024-04-15T09:11:43","date_gmt":"2024-04-15T09:11:43","guid":{"rendered":"https:\/\/scoliadarts.com\/?page_id=23527"},"modified":"2024-04-15T09:18:02","modified_gmt":"2024-04-15T09:18:02","slug":"end-user-license-agreement-amendment-for-tournament-tokens","status":"publish","type":"page","link":"https:\/\/scoliadarts.com\/pl\/end-user-license-agreement-amendment-for-tournament-tokens\/","title":{"rendered":"Poprawka do umowy licencyjnej u\u017cytkownika ko\u0144cowego dla token\u00f3w turniejowych"},"content":{"rendered":"<div data-elementor-type=\"wp-page\" data-elementor-id=\"23527\" class=\"elementor elementor-23527\" data-elementor-post-type=\"page\">\n\t\t\t\t<div class=\"elementor-element elementor-element-63d552f1 e-flex e-con-boxed e-con e-parent\" data-id=\"63d552f1\" data-element_type=\"container\" data-e-type=\"container\">\n\t\t\t\t\t<div class=\"e-con-inner\">\n\t\t\t\t<div class=\"elementor-element elementor-element-6626ce1b elementor-widget elementor-widget-text-editor\" data-id=\"6626ce1b\" data-element_type=\"widget\" data-e-type=\"widget\" data-widget_type=\"text-editor.default\">\n\t\t\t\t<div class=\"elementor-widget-container\">\n\t\t\t\t\t\t\t\t\t<p><\/p>\n<p>Niniejszy dokument (zwany dalej <strong>\u2018Poprawka\u2019 <\/strong>lub <strong>\u2018Umowa\u2019<\/strong>) stanowi poprawk\u0119 do Umowy Licencyjnej U\u017cytkownika Ko\u0144cowego (zwanej dalej <strong>\u2018EULA\u2019<\/strong>). EULA pozostaje wa\u017cna i skuteczna, uzupe\u0142niona postanowieniami zawartymi w niniejszym dokumencie.<\/p>\n<ol>\n<li>DEFINICJE<\/li>\n<\/ol>\n<p>Terminy pisane w niniejszej Umowie EULA wielkimi literami bez konkretnej definicji maj\u0105 znaczenie okre\u015blone poni\u017cej:<\/p>\n<p><strong>\u2018U\u017cytkownik-go\u015b\u0107\u2019<\/strong> oznacza osob\u0119 fizyczn\u0105, osob\u0119 prawn\u0105 lub inny podmiot, kt\u00f3ry nie jest zarejestrowany w Serwisie.<\/p>\n<p><strong>\u2018Licencjobiorca\u2019 lub \u2018U\u017cytkownik\u2019 <\/strong>oznacza osob\u0119 fizyczn\u0105, osob\u0119 prawn\u0105 lub inny podmiot korzystaj\u0105cy z Witryny lub wnioskuj\u0105cy o dost\u0119p do niej na podstawie niniejszej Umowy EULA i rejestruj\u0105cy si\u0119 w Witrynie.<\/p>\n<p><strong>\u2018Strona internetowa\u2019<\/strong> oznacza stron\u0119 internetow\u0105 dost\u0119pn\u0105 za po\u015brednictwem <a href=\"https:\/\/game.scoliadarts.com\">https:\/\/game.scoliadarts.com<\/a> link.<\/p>\n<p><strong>\u2018Produkt\u2019 <\/strong>to sprz\u0119t dostarczany przez Scolia Technologies Ltd. z preinstalowanym oprogramowaniem sk\u0142adaj\u0105cym si\u0119 z okre\u015blonych algorytm\u00f3w i zawarto\u015bci danych, a tak\u017ce oprogramowanie jako us\u0142uga do u\u017cytku w po\u0142\u0105czeniu ze sprz\u0119tem.<\/p>\n<p><strong>\u2018Us\u0142ugi p\u0142atne\u2019<\/strong> to funkcje oprogramowania Produktu, z kt\u00f3rych mo\u017cna korzysta\u0107 za op\u0142at\u0105. Op\u0142ata mo\u017ce by\u0107 oparta na subskrypcji (op\u0142ata cykliczna) lub jednorazowej p\u0142atno\u015bci w zale\u017cno\u015bci od p\u0142atnej us\u0142ugi. P\u0142atne Us\u0142ugi s\u0105 opisane w osobnych dokumentach, kt\u00f3re mo\u017cna znale\u017a\u0107 pod adresem <a href=\"https:\/\/scoliadarts.com\/pl\/paid-services\/\">https:\/\/scoliadarts.com\/paid-services\/<\/a><\/p>\n<p><strong>\u2018Oprogramowanie\u2019<\/strong> oznacza dowolne oprogramowanie (do pobrania lub jako us\u0142uga online), narz\u0119dzie, program narz\u0119dziowy, dokumentacj\u0119 lub podobne dostarczane przez Scolia Technologies Ltd., w tym wszelkie poprawki, aktualizacje lub uaktualnienia, kt\u00f3re s\u0105 udost\u0119pniane przez Scolia Technologies Ltd. U\u017cytkownikowi Ko\u0144cowemu na warunkach okre\u015blonych w EULA i niniejszej Poprawce.<\/p>\n<ol start=\"2\">\n<li>ZAKUP \u017ceton\u00f3w turniejowych<\/li>\n<\/ol>\n<ul>\n<li>Zakup \u017ceton\u00f3w turniejowych jest mo\u017cliwy w Oprogramowaniu Scolia za pomoc\u0105 jednorazowych zakup\u00f3w. Jednorazowe zakupy to jednorazowe nabycia w ramach Oprogramowania Scolia, kt\u00f3re maj\u0105 charakter jednorazowy. Aby unikn\u0105\u0107 jakichkolwiek w\u0105tpliwo\u015bci, u\u017cytkownik przyjmuje do wiadomo\u015bci i zgadza si\u0119, \u017ce zakup \u017ceton\u00f3w turniejowych jest opcjonaln\u0105 mo\u017cliwo\u015bci\u0105 w ramach us\u0142ugi gry dla u\u017cytkownika jako zarejestrowanego u\u017cytkownika, a zatem u\u017cytkownik jako u\u017cytkownik nie ma obowi\u0105zku dokonywania takich transakcji; podstawowa funkcjonalno\u015b\u0107 oprogramowania jest dost\u0119pna bez dokonywania takich zakup\u00f3w. .<\/li>\n<li>Oprogramowanie Scolia umo\u017cliwia zakup token\u00f3w (\u201cToken\u201d) poprzez jednorazowe zakupy. U\u017cytkownik niniejszym wyra\u017anie potwierdza i o\u015bwiadcza, \u017ce przed zaakceptowaniem niniejszej umowy EULA, zarejestrowaniem si\u0119, korzystaniem lub w inny spos\u00f3b uzyskiwaniem dost\u0119pu do Oprogramowania Scolia lub jakichkolwiek materia\u0142\u00f3w zawartych w us\u0142ugach Scolia lub z nimi zwi\u0105zanych, zapozna\u0142 si\u0119 z faktem, \u017ce dokonanie jednorazowego zakupu zgodnie z niniejsz\u0105 umow\u0105 EULA obejmuje obowi\u0105zek uiszczenia op\u0142aty \/ ceny zakupu za jednorazowy zakup - cen\u0119 zakupu okre\u015blonego pakietu Token\u00f3w.<\/li>\n<li><strong>Tokeny mog\u0105 by\u0107 u\u017cywane do tworzenia turniej\u00f3w w Scolia Software<\/strong>. Tokeny oznaczaj\u0105 walut\u0119 w grze i mog\u0105 mie\u0107 na celu rozszerzenie funkcjonalno\u015bci gry.<\/li>\n<li>U\u017cytkownik mo\u017ce kupi\u0107 Tokeny za po\u015brednictwem jednorazowej formy zakupu r\u00f3\u017cnego rodzaju pakiet\u00f3w Token\u00f3w, kt\u00f3re r\u00f3\u017cni\u0105 si\u0119 liczb\u0105 lub warto\u015bci\u0105, przy czym cena zakupu odpowiednich pakiet\u00f3w Token\u00f3w, w tym odpowiedniego <strong style=\"font-size: 16px; text-align: var(--text-align); background-color: var(--ast-global-color-5);\">podatek od warto\u015bci dodanej<\/strong><span style=\"font-size: 16px; text-align: var(--text-align); background-color: var(--ast-global-color-5);\"> oraz wszelkie inne stosowne podatki zwi\u0105zane z tym jednorazowym zakupem.<\/span><\/li>\n<li>Tokeny wchodz\u0105 w \u017cycie w momencie zakupu przez U\u017cytkownika i pozostaj\u0105 w mocy do momentu wypowiedzenia przez kt\u00f3r\u0105kolwiek ze stron.<\/li>\n<\/ul>\n<ol start=\"3\">\n<li>U\u017bYWANIE OPROGRAMOWANIA Z US\u0141UGAMI ONLINE FIRMY SCOLIA TECHNOLOGIES LTD.<\/li>\n<\/ol>\n<ul>\n<li>Niekt\u00f3re zastosowania Oprogramowania wymagaj\u0105, aby Oprogramowanie korzysta\u0142o z jednej lub wi\u0119cej us\u0142ug online na platformie przetwarzania w chmurze Google Cloud (lub innych platformach przetwarzania w chmurze). Wyra\u017anie stwierdza si\u0119, \u017ce Scolia Technologies Ltd. nie ponosi odpowiedzialno\u015bci za przestoje lub inne przerwy w \u015bwiadczeniu us\u0142ug zwi\u0105zane z Google Cloud (lub innymi platformami przetwarzania w chmurze) i\/lub w inny spos\u00f3b poza kontrol\u0105 Scolia Technologies Ltd..<\/li>\n<li>Podczas korzystania z us\u0142ug online Scolia Technologies Ltd. dane s\u0105 przesy\u0142ane do i z us\u0142ugi. Dane te s\u0105 przechowywane lub rejestrowane przez Scolia Technologies Ltd.. U\u017cytkownik akceptuje, \u017ce Scolia Technologies Ltd. mo\u017ce mie\u0107 dost\u0119p do danych w ramach incydentu wsparcia, prewencyjnego rozwi\u0105zywania problem\u00f3w, debugowania lub innych dzia\u0142a\u0144 w celu zapewnienia stabilnego dzia\u0142ania us\u0142ug online Scolia Technologies Ltd.. Scolia Technologies Ltd. mo\u017ce gromadzi\u0107 dane telemetryczne dotycz\u0105ce korzystania z oprogramowania w celu zapewnienia wydajno\u015bci, optymalizacji, ulepsze\u0144 i statystyk.<\/li>\n<\/ul>\n<ol start=\"4\">\n<li>AKTUALIZACJE<\/li>\n<\/ol>\n<ul>\n<li>Scolia Technologies Ltd. do\u0142o\u017cy wszelkich stara\u0144, aby zapewni\u0107 ci\u0105g\u0142y rozw\u00f3j Oprogramowania, w tym korekt\u0119 b\u0142\u0119d\u00f3w i niedoskona\u0142o\u015bci oraz, wed\u0142ug uznania Scolia Technologies Ltd., zmian\u0119 Oprogramowania w celu zapewnienia zgodno\u015bci Oprogramowania z nowymi wersjami standardowego oprogramowania stron trzecich.<\/li>\n<li>Licencja subskrypcyjna: Przy zakupie licencji subskrypcyjnej na Oprogramowanie, op\u0142ata za aktualizacj\u0119 jest zawarta w licencji subskrypcyjnej, dzi\u0119ki czemu U\u017cytkownik b\u0119dzie mia\u0142 dost\u0119p do odpowiednich aktualizacji.<\/li>\n<li>U\u017cytkownik przyjmuje do wiadomo\u015bci, \u017ce aktualizacje Oprogramowania mog\u0105 nie dzia\u0142a\u0107 z niestandardowym sprz\u0119tem U\u017cytkownika, dodatkami, oprogramowaniem stron trzecich lub niestandardowymi dostosowaniami lub modyfikacjami.<\/li>\n<\/ul>\n<ol start=\"5\">\n<li>WSPARCIE<\/li>\n<\/ol>\n<ul>\n<li>Scolia Technologies Ltd. jest pierwszym punktem kontaktowym i referencyjnym U\u017cytkownika w odniesieniu do wszystkich spraw dotycz\u0105cych Oprogramowania, w tym mi\u0119dzy innymi wsparcia.<\/li>\n<li>Scolia Technologies Ltd. oferuje U\u017cytkownikowi wsparcie online.<\/li>\n<li>Zapytania dotycz\u0105ce pomocy technicznej, kt\u00f3re nie s\u0105 zwi\u0105zane z b\u0142\u0119dami mo\u017cliwymi do odtworzenia w najnowszej wersji Oprogramowania i na kt\u00f3re nie mo\u017cna odpowiedzie\u0107 drog\u0105 elektroniczn\u0105 lub kt\u00f3re wymagaj\u0105 bardziej szczeg\u00f3\u0142owej rozmowy lub spotkania, b\u0119d\u0105 traktowane jako zg\u0142oszenia dotycz\u0105ce funkcji.<\/li>\n<\/ul>\n<ol start=\"6\">\n<li>PRZYDZIA\u0141<\/li>\n<\/ol>\n<ul>\n<li>U\u017cytkownik nie jest uprawniony do po\u017cyczania, dzier\u017cawienia, sublicencjonowania, przenoszenia lub w inny spos\u00f3b cedowania swoich praw i obowi\u0105zk\u00f3w wynikaj\u0105cych z niniejszej Umowy bez uprzedniej pisemnej zgody Scolia Technologies Ltd.. Jakakolwiek cesja bez uprzedniej pisemnej zgody Scolia Technologies Ltd. nie b\u0119dzie zgodna z prawem. Cesja obejmuje r\u00f3wnie\u017c przeniesienie lub przyj\u0119cie w zwi\u0105zku z fuzj\u0105, podzia\u0142em, outsourcingiem i podobnymi zdarzeniami lub dzia\u0142aniami w ramach i poza grup\u0105 sp\u00f3\u0142ek, do kt\u00f3rej nale\u017cy U\u017cytkownik.<\/li>\n<li>Je\u017celi U\u017cytkownik dokona cesji Oprogramowania niezgodnie z powy\u017cszymi postanowieniami, Scolia Technologies Ltd. mo\u017ce wypowiedzie\u0107 niniejsz\u0105 Umow\u0119 ze skutkiem natychmiastowym.<\/li>\n<li>Scolia Technologies Ltd. mo\u017ce w dowolnym momencie w ca\u0142o\u015bci lub w cz\u0119\u015bci scedowa\u0107 swoje prawa i obowi\u0105zki wynikaj\u0105ce z niniejszej Umowy na dowoln\u0105 stron\u0119 trzeci\u0105.<\/li>\n<\/ul>\n<ol start=\"7\">\n<li>NARUSZENIA PRAW OS\u00d3B TRZECICH<\/li>\n<\/ol>\n<ul>\n<li>Scolia Technologies Ltd. o\u015bwiadcza i gwarantuje, \u017ce ma prawo do udzielenia U\u017cytkownikowi licencji na Oprogramowanie, w tym na wszelk\u0105 dokumentacj\u0119, oraz \u017ce Scolia Technologies Ltd. posiada niezb\u0119dne prawa, tytu\u0142y i licencje umo\u017cliwiaj\u0105ce U\u017cytkownikowi wykonywanie wszystkich praw przewidzianych w niniejszej Poprawce, a tak\u017ce \u017ce Oprogramowanie nie narusza \u017cadnych praw os\u00f3b trzecich, kt\u00f3re s\u0105 wa\u017cne i wykonalne na W\u0119grzech.<\/li>\n<li>Je\u017celi osoba trzecia w stosunku do U\u017cytkownika twierdzi, \u017ce Oprogramowanie narusza prawa os\u00f3b trzecich, U\u017cytkownik niezw\u0142ocznie poinformuje Scolia Technologies Ltd. na pi\u015bmie, a Scolia Technologies Ltd. przejmie obron\u0119 roszczenia. Scolia Technologies Ltd. b\u0119dzie na sw\u00f3j koszt sprawowa\u0107 pe\u0142n\u0105 kontrol\u0119 nad wszelkimi post\u0119powaniami wynikaj\u0105cymi z naruszenia praw os\u00f3b trzecich.<\/li>\n<li>Je\u015bli U\u017cytkownik dowie si\u0119 o jakimkolwiek naruszeniu lub potencjalnym naruszeniu Oprogramowania, niezw\u0142ocznie powiadomi o tym Scolia Technologies Ltd. na pi\u015bmie.<\/li>\n<\/ul>\n<ol start=\"8\">\n<li>DOSTARCZANE \u201cTAK JAK JEST\u201d<\/li>\n<\/ol>\n<ul>\n<li>Oprogramowanie i wszelka powi\u0105zana dokumentacja s\u0105 dostarczane w stanie, w jakim si\u0119 znajduj\u0105, bez jakiejkolwiek gwarancji, wyra\u017anej lub dorozumianej, w tym, bez ogranicze\u0144, dorozumianych gwarancji przydatno\u015bci handlowej, przydatno\u015bci do okre\u015blonego celu. Ca\u0142kowite ryzyko wynikaj\u0105ce z u\u017cytkowania lub dzia\u0142ania Oprogramowania spoczywa na u\u017cytkowniku.<\/li>\n<li>Oprogramowanie dostarczone w ramach niniejszej Poprawki jest produktem standardowym, a U\u017cytkownik jest \u015bwiadomy, \u017ce \u017cadne oprogramowanie nie jest bezb\u0142\u0119dne we wszystkich sytuacjach i kombinacjach.<\/li>\n<li>Scolia Technologies Ltd. nie ponosi odpowiedzialno\u015bci za jakiekolwiek wady. Niniejsza Umowa nie obejmuje r\u0119kojmi za wady ani gwarancji przydatno\u015bci lub przydatno\u015bci do okre\u015blonego celu.<\/li>\n<li>Natychmiast po wykryciu powtarzalnego b\u0142\u0119du lub wady, U\u017cytkownik musi powiadomi\u0107 Scolia Technologies Ltd. o tym fakcie. W powiadomieniu U\u017cytkownik musi okre\u015bli\u0107 b\u0142\u0105d lub wad\u0119.<\/li>\n<li>Scolia Technologies Ltd. do\u0142o\u017cy wszelkich stara\u0144, aby usun\u0105\u0107 b\u0142\u0119dy i wady, kt\u00f3re mo\u017cna odtworzy\u0107 w najnowszej wersji Oprogramowania.<\/li>\n<li>Rzeczywisty zakres i procedura usuwania wszelkich b\u0142\u0119d\u00f3w lub wad zale\u017cy od swobodnego i niezale\u017cnego uznania Scolia Technologies Ltd., kt\u00f3ra mo\u017ce usun\u0105\u0107 istotne b\u0142\u0119dy i wady poprzez wydanie aktualizacji Oprogramowania. Scolia Technologies Ltd. usunie nieistotne b\u0142\u0119dy i wady w zakresie, w jakim Scolia Technologies Ltd. uzna to za konieczne.<\/li>\n<\/ul>\n<ol start=\"9\">\n<li>ZAKO\u0143CZENIE<\/li>\n<\/ol>\n<ul>\n<li>U\u017cytkownik mo\u017ce wypowiedzie\u0107 niniejsz\u0105 umow\u0119 EULA na przysz\u0142o\u015b\u0107 w dowolnym momencie, zaprzestaj\u0105c korzystania z Oprogramowania i niezw\u0142ocznie usuwaj\u0105c swoje konto. U\u017cytkownik nie jest uprawniony do zwrotu Token\u00f3w, wszelkie pozosta\u0142e Tokeny na usuni\u0119tym koncie u\u017cytkownika zostan\u0105 trwale usuni\u0119te.<\/li>\n<li>W przypadku nieprzestrzegania przez U\u017cytkownika kt\u00f3regokolwiek z warunk\u00f3w EULA i niniejszej Zmiany, Scolia Technologies Ltd. mo\u017ce wypowiedzie\u0107 U\u017cytkownikowi prawo do korzystania z Oprogramowania za pisemnym wypowiedzeniem z 30-dniowym wyprzedzeniem. Po takim wypowiedzeniu U\u017cytkownik nie b\u0119dzie m\u00f3g\u0142 korzysta\u0107 z Oprogramowania. U\u017cytkownik nie b\u0119dzie uprawniony do zwrotu op\u0142aty licencyjnej po takim wypowiedzeniu.<\/li>\n<\/ul>\n<ol start=\"10\">\n<li>ODPOWIEDZIALNO\u015a\u0106 U\u017bYTKOWNIKA<\/li>\n<\/ol>\n<ul>\n<li>Og\u00f3lne zasady prawa w\u0119gierskiego maj\u0105 zastosowanie do naruszenia umowy przez U\u017cytkownika. W przypadku naruszenia przez U\u017cytkownika kt\u00f3regokolwiek z jego zobowi\u0105za\u0144 okre\u015blonych w EULA i niniejszej Poprawce, Scolia Technologies Ltd. b\u0119dzie uprawniona do rozwi\u0105zania niniejszej umowy ze skutkiem natychmiastowym.<\/li>\n<\/ul>\n<ol start=\"11\">\n<li>OGRANICZENIE ODPOWIEDZIALNO\u015aCI<\/li>\n<\/ol>\n<ul>\n<li>Scolia Technologies Ltd. wyra\u017anie zrzeka si\u0119 wszelkiej odpowiedzialno\u015bci, wyra\u017anej lub dorozumianej, w odniesieniu do (i) wad i b\u0142\u0119d\u00f3w, kt\u00f3re nie s\u0105 zwi\u0105zane z Oprogramowaniem, ale kt\u00f3re s\u0105 zwi\u0105zane z czynnikami zewn\u0119trznymi, w tym innymi produktami oprogramowania U\u017cytkownika, (ii) dzia\u0142a\u0144 lub zaniecha\u0144 Partner\u00f3w Scolia Technologies Ltd. (iii) interakcji mi\u0119dzy Oprogramowaniem a jakimkolwiek innym \u015brodowiskiem sprz\u0119towym i\/lub programowym oraz organizacj\u0105 w lokalizacji U\u017cytkownika lub w jakiejkolwiek zdalnej lokalizacji, w tym mi\u0119dzy innymi w hostingu lub centrach danych (iii) interakcji mi\u0119dzy Oprogramowaniem a jakimkolwiek innym \u015brodowiskiem sprz\u0119towym i\/lub programowym oraz organizacj\u0105 w lokalizacji U\u017cytkownika lub w dowolnej lokalizacji zdalnej, w tym mi\u0119dzy innymi w centrach hostingowych lub centrach danych, (iv) b\u0142\u0119d\u00f3w, usterek i niesprawno\u015bci standardowych produkt\u00f3w stron trzecich, dostarczanych przez Scolia Technologies Ltd., (v) zmian wprowadzonych przez U\u017cytkownika w Oprogramowaniu. (v) zmian i\/lub modyfikacji dokonanych przez U\u017cytkownika w Oprogramowaniu lub z Oprogramowaniem oraz (vi) kompatybilno\u015bci pomi\u0119dzy Oprogramowaniem a jak\u0105kolwiek now\u0105 wersj\u0105, aktualizacj\u0105 itp. oprogramowania strony trzeciej.<\/li>\n<li>Scolia Technologies Ltd. w \u017caden spos\u00f3b nie ponosi odpowiedzialno\u015bci za okoliczno\u015bci zwi\u0105zane z niewykonaniem przez U\u017cytkownika obowi\u0105zk\u00f3w wynikaj\u0105cych z niniejszej Umowy. W \u017cadnym wypadku Scolia Technologies Ltd. nie ponosi odpowiedzialno\u015bci za jakiekolwiek szkody wynikaj\u0105ce z utraty danych, utraty zysk\u00f3w lub warto\u015bci firmy lub innych szk\u00f3d wt\u00f3rnych. Odpowiedzialno\u015b\u0107 Scolia Technologies Ltd. w \u017cadnym wypadku nie mo\u017ce przekroczy\u0107 op\u0142aty licencyjnej uiszczonej przez U\u017cytkownika na mocy Umowy.<\/li>\n<\/ul>\n<ol start=\"12\">\n<li>WARTO\u015a\u0106<\/li>\n<\/ol>\n<ul>\n<li>Je\u017celi jakiekolwiek postanowienie niniejszej Umowy zostanie uznane za niezgodne z prawem, niewa\u017cne lub niewykonalne, takie postanowienie(a) b\u0119dzie(b\u0119d\u0105) jednak egzekwowane w najszerszym zakresie dozwolonym przez obowi\u0105zuj\u0105ce prawo, tak aby odzwierciedla\u0142o(y) pierwotny zamiar stron. Takie postanowienia nie b\u0119d\u0105 mia\u0142y wp\u0142ywu na zgodno\u015b\u0107 z prawem i wa\u017cno\u015b\u0107 pozosta\u0142ych postanowie\u0144 niniejszej Umowy.<\/li>\n<\/ul>\n<ol start=\"13\">\n<li>PRAWO W\u0141A\u015aCIWE I ROZSTRZYGANIE SPOR\u00d3W<\/li>\n<\/ol>\n<ul>\n<li>Niniejsza Umowa podlega i b\u0119dzie interpretowana zgodnie z prawem w\u0119gierskim i zast\u0119puje wszystkie wcze\u015bniejsze i r\u00f3wnoczesne ustne i pisemne propozycje i komunikaty dotycz\u0105ce przedmiotu niniejszej Umowy.<\/li>\n<li>Strony do\u0142o\u017c\u0105 wszelkich uzasadnionych stara\u0144 w celu polubownego rozwi\u0105zania wszelkich kontrowersji, kt\u00f3re mog\u0105 wynikn\u0105\u0107 z niniejszej Umowy, na wy\u017cszych szczeblach kierowniczych obu stron. Spory, kt\u00f3rych nie mo\u017cna rozstrzygn\u0105\u0107 polubownie, b\u0119d\u0105 rozstrzygane przez S\u0105d Miejski w Szeged.<\/li>\n<\/ul>\n<ol start=\"14\">\n<li>INTERPRETACJA<\/li>\n<\/ol>\n<ul>\n<li>Je\u015bli kt\u00f3rekolwiek z postanowie\u0144 niniejszej Umowy zostanie uznane za niezgodne z prawem lub niewykonalne przez jakikolwiek s\u0105d w\u0142a\u015bciwej jurysdykcji, takie postanowienie zostanie uznane za odr\u0119bne od pozosta\u0142ych postanowie\u0144 niniejszej umowy i nie b\u0119dzie mia\u0142o wp\u0142ywu na wa\u017cno\u015b\u0107 ani wykonalno\u015b\u0107 pozosta\u0142ych postanowie\u0144 niniejszej umowy.<\/li>\n<\/ul>\n<p><\/p>\t\t\t\t\t\t\t\t<\/div>\n\t\t\t\t<\/div>\n\t\t\t\t\t<\/div>\n\t\t\t\t<\/div>\n\t\t\t\t<\/div>","protected":false},"excerpt":{"rendered":"<p>Present document (hereinafter referred to as \u2018Amendment\u2019 or \u2018Agreement\u2019) is an amendment to the End User License Agreement (hereinafter referred to as \u2018EULA\u2019). The EULA shall remain valid and in effect, supplemented by the provisions contained in this document. DEFINITIONS The terms used with capital initials in the present EULA without specific definition have the [&hellip;]<\/p>\n","protected":false},"author":1,"featured_media":0,"parent":0,"menu_order":0,"comment_status":"closed","ping_status":"closed","template":"","meta":{"inline_featured_image":false,"site-sidebar-layout":"default","site-content-layout":"","ast-site-content-layout":"default","site-content-style":"default","site-sidebar-style":"default","ast-global-header-display":"","ast-banner-title-visibility":"","ast-main-header-display":"","ast-hfb-above-header-display":"","ast-hfb-below-header-display":"","ast-hfb-mobile-header-display":"","site-post-title":"","ast-breadcrumbs-content":"","ast-featured-img":"","footer-sml-layout":"","ast-disable-related-posts":"","theme-transparent-header-meta":"","adv-header-id-meta":"","stick-header-meta":"","header-above-stick-meta":"","header-main-stick-meta":"","header-below-stick-meta":"","astra-migrate-meta-layouts":"set","ast-page-background-enabled":"default","ast-page-background-meta":{"desktop":{"background-color":"","background-image":"","background-repeat":"repeat","background-position":"center center","background-size":"auto","background-attachment":"scroll","background-type":"","background-media":"","overlay-type":"","overlay-color":"","overlay-opacity":"","overlay-gradient":""},"tablet":{"background-color":"","background-image":"","background-repeat":"repeat","background-position":"center center","background-size":"auto","background-attachment":"scroll","background-type":"","background-media":"","overlay-type":"","overlay-color":"","overlay-opacity":"","overlay-gradient":""},"mobile":{"background-color":"","background-image":"","background-repeat":"repeat","background-position":"center center","background-size":"auto","background-attachment":"scroll","background-type":"","background-media":"","overlay-type":"","overlay-color":"","overlay-opacity":"","overlay-gradient":""}},"ast-content-background-meta":{"desktop":{"background-color":"var(--ast-global-color-5)","background-image":"","background-repeat":"repeat","background-position":"center center","background-size":"auto","background-attachment":"scroll","background-type":"","background-media":"","overlay-type":"","overlay-color":"","overlay-opacity":"","overlay-gradient":""},"tablet":{"background-color":"var(--ast-global-color-5)","background-image":"","background-repeat":"repeat","background-position":"center center","background-size":"auto","background-attachment":"scroll","background-type":"","background-media":"","overlay-type":"","overlay-color":"","overlay-opacity":"","overlay-gradient":""},"mobile":{"background-color":"var(--ast-global-color-5)","background-image":"","background-repeat":"repeat","background-position":"center center","background-size":"auto","background-attachment":"scroll","background-type":"","background-media":"","overlay-type":"","overlay-color":"","overlay-opacity":"","overlay-gradient":""}},"footnotes":""},"class_list":["post-23527","page","type-page","status-publish","hentry"],"aioseo_notices":[],"_links":{"self":[{"href":"https:\/\/scoliadarts.com\/pl\/wp-json\/wp\/v2\/pages\/23527","targetHints":{"allow":["GET"]}}],"collection":[{"href":"https:\/\/scoliadarts.com\/pl\/wp-json\/wp\/v2\/pages"}],"about":[{"href":"https:\/\/scoliadarts.com\/pl\/wp-json\/wp\/v2\/types\/page"}],"author":[{"embeddable":true,"href":"https:\/\/scoliadarts.com\/pl\/wp-json\/wp\/v2\/users\/1"}],"replies":[{"embeddable":true,"href":"https:\/\/scoliadarts.com\/pl\/wp-json\/wp\/v2\/comments?post=23527"}],"version-history":[{"count":0,"href":"https:\/\/scoliadarts.com\/pl\/wp-json\/wp\/v2\/pages\/23527\/revisions"}],"wp:attachment":[{"href":"https:\/\/scoliadarts.com\/pl\/wp-json\/wp\/v2\/media?parent=23527"}],"curies":[{"name":"wp","href":"https:\/\/api.w.org\/{rel}","templated":true}]}}