{"id":23503,"date":"2024-04-15T07:58:30","date_gmt":"2024-04-15T07:58:30","guid":{"rendered":"https:\/\/scoliadarts.com\/?page_id=23503"},"modified":"2024-04-15T08:02:48","modified_gmt":"2024-04-15T08:02:48","slug":"end-user-license-agreement-amendment-for-flex","status":"publish","type":"page","link":"https:\/\/scoliadarts.com\/pl\/end-user-license-agreement-amendment-for-flex\/","title":{"rendered":"Poprawka do umowy licencyjnej u\u017cytkownika ko\u0144cowego dla FLEX"},"content":{"rendered":"<div data-elementor-type=\"wp-page\" data-elementor-id=\"23503\" class=\"elementor elementor-23503\" data-elementor-post-type=\"page\">\n\t\t\t\t<div class=\"elementor-element elementor-element-3348a491 e-flex e-con-boxed e-con e-parent\" data-id=\"3348a491\" data-element_type=\"container\" data-e-type=\"container\">\n\t\t\t\t\t<div class=\"e-con-inner\">\n\t\t\t\t<div class=\"elementor-element elementor-element-7d946745 elementor-widget elementor-widget-text-editor\" data-id=\"7d946745\" data-element_type=\"widget\" data-e-type=\"widget\" data-widget_type=\"text-editor.default\">\n\t\t\t\t<div class=\"elementor-widget-container\">\n\t\t\t\t\t\t\t\t\t<p>Niniejszy dokument (zwany dalej <strong>\u2018Poprawka\u2019 <\/strong>lub <strong>\u2018Umowa\u2019<\/strong>) stanowi poprawk\u0119 do Umowy Licencyjnej U\u017cytkownika Ko\u0144cowego (zwanej dalej <strong>\u2018EULA\u2019<\/strong>). EULA pozostaje wa\u017cna i skuteczna, uzupe\u0142niona postanowieniami zawartymi w niniejszym dokumencie.<\/p>\n<ol>\n<li>DEFINICJE<\/li>\n<\/ol>\n<p>Terminy pisane w niniejszej Umowie EULA wielkimi literami bez konkretnej definicji maj\u0105 znaczenie okre\u015blone poni\u017cej:<\/p>\n<p><strong>\u2018U\u017cytkownik-go\u015b\u0107\u2019<\/strong> oznacza osob\u0119 fizyczn\u0105, osob\u0119 prawn\u0105 lub inny podmiot, kt\u00f3ry nie jest zarejestrowany w Serwisie.<\/p>\n<p><strong>\u2018Licencjobiorca\u2019 lub \u2018U\u017cytkownik\u2019 <\/strong>oznacza osob\u0119 fizyczn\u0105, osob\u0119 prawn\u0105 lub inny podmiot korzystaj\u0105cy z Witryny lub wnioskuj\u0105cy o dost\u0119p do niej na podstawie niniejszej Umowy EULA i rejestruj\u0105cy si\u0119 w Witrynie.<\/p>\n<p><strong>\u2018Strona internetowa\u2019<\/strong> oznacza stron\u0119 internetow\u0105 dost\u0119pn\u0105 za po\u015brednictwem <a href=\"https:\/\/game.scoliadarts.com\">https:\/\/game.scoliadarts.com<\/a> link.<\/p>\n<p><strong>\u2018Produkt\u2019 <\/strong>to sprz\u0119t dostarczany przez Scolia Technologies Ltd. z preinstalowanym oprogramowaniem sk\u0142adaj\u0105cym si\u0119 z okre\u015blonych algorytm\u00f3w i zawarto\u015bci danych, a tak\u017ce oprogramowanie jako us\u0142uga do u\u017cytku w po\u0142\u0105czeniu ze sprz\u0119tem.<\/p>\n<p><strong>\u2018Us\u0142ugi p\u0142atne\u2019<\/strong> to funkcje oprogramowania Produktu, z kt\u00f3rych mo\u017cna korzysta\u0107 za op\u0142at\u0105. Op\u0142ata mo\u017ce by\u0107 oparta na subskrypcji (op\u0142ata cykliczna) lub jednorazowej p\u0142atno\u015bci w zale\u017cno\u015bci od p\u0142atnej us\u0142ugi. P\u0142atne Us\u0142ugi s\u0105 opisane w osobnych dokumentach, kt\u00f3re mo\u017cna znale\u017a\u0107 pod adresem <a href=\"https:\/\/scoliadarts.com\/pl\/paid-services\/\">https:\/\/scoliadarts.com\/paid-services\/<\/a><\/p>\n<p><strong>\u2018Oprogramowanie\u2019<\/strong> oznacza dowolne oprogramowanie (do pobrania lub jako us\u0142uga online), narz\u0119dzie, program narz\u0119dziowy, dokumentacj\u0119 lub podobne dostarczane przez Scolia Technologies Ltd., w tym wszelkie poprawki, aktualizacje lub uaktualnienia, kt\u00f3re s\u0105 udost\u0119pniane przez Scolia Technologies Ltd. U\u017cytkownikowi Ko\u0144cowemu na warunkach okre\u015blonych w EULA i niniejszej Poprawce.<\/p>\n<ol start=\"2\">\n<li>ZAKRES LICENCJI FLEX<\/li>\n<\/ol>\n<ul>\n<li>Licencja wchodzi w \u017cycie z chwil\u0105 zakupu przez Licencjobiorc\u0119 i pozostaje w mocy do momentu jej wypowiedzenia przez kt\u00f3r\u0105kolwiek ze stron.<\/li>\n<li>Oprogramowanie mo\u017ce by\u0107 licencjonowane jako licencja subskrypcyjna, kt\u00f3r\u0105 nale\u017cy odnawia\u0107 co miesi\u0105c, co kwarta\u0142 lub co rok (co 12 miesi\u0119cy).<\/li>\n<li>Licencja subskrypcyjna daje Licencjobiorcy prawo do korzystania z Oprogramowania (aktualnej lub w dowolnym momencie najnowszej wersji) przez jeden (1) miesi\u0105c, jeden kwarta\u0142 (3 miesi\u0105ce) lub jeden (1) rok od daty zakupu. Plan Scolia FLEX okre\u015bli, kt\u00f3re opcje s\u0105 dost\u0119pne. Je\u015bli licencja subskrypcyjna nie zostanie odnowiona, Licencjobiorca ma prawo do korzystania z Oprogramowania z ograniczonym dost\u0119pem, jak opisano w Planie Scolia FLEX.<\/li>\n<li>Licencja subskrypcyjna jest automatycznie odnawiana, chyba \u017ce Licencjobiorca j\u0105 anuluje. Warunki anulowania opisano w rozdziale 9.<\/li>\n<li>Szczeg\u00f3\u0142y planu Scolia FLEX mo\u017cna znale\u017a\u0107 na stronie <a href=\"https:\/\/scoliadarts.com\/pl\/flex\/\">https:\/\/scoliadarts.com\/flex\/<\/a><\/li>\n<li>Oprogramowanie jest produktem standardowym. Licencjobiorca ponosi wy\u0142\u0105czn\u0105 odpowiedzialno\u015b\u0107 za zapewnienie, \u017ce funkcje Oprogramowania spe\u0142niaj\u0105 wymagania i oczekiwania Licencjobiorcy.<\/li>\n<li>Prawo Licencjobiorcy do korzystania z Oprogramowania wymaga zaakceptowania przez Licencjobiorc\u0119 warunk\u00f3w umowy EULA i niniejszej Poprawki. Jedna licencja daje Licencjobiorcy prawo do korzystania z Oprogramowania dla jednego fizycznego Produktu.<\/li>\n<\/ul>\n<ol start=\"3\">\n<li>KORZYSTANIE Z OPROGRAMOWANIA W RAMACH US\u0141UG ONLINE SCOLIA TECHNOLOGIES LTD.<\/li>\n<\/ol>\n<ul>\n<li>Niekt\u00f3re zastosowania Oprogramowania wymagaj\u0105, aby Oprogramowanie korzysta\u0142o z jednej lub wi\u0119cej us\u0142ug online na platformie przetwarzania w chmurze Google Cloud (lub innych platformach przetwarzania w chmurze). Wyra\u017anie stwierdza si\u0119, \u017ce Scolia Technologies Ltd. nie ponosi odpowiedzialno\u015bci za przestoje lub inne przerwy w \u015bwiadczeniu us\u0142ug zwi\u0105zane z Google Cloud (lub innymi platformami przetwarzania w chmurze) i\/lub w inny spos\u00f3b poza kontrol\u0105 Scolia Technologies Ltd..<\/li>\n<li>Podczas korzystania z us\u0142ug online Scolia Technologies Ltd. dane s\u0105 przesy\u0142ane do i z us\u0142ugi. Dane te s\u0105 przechowywane lub rejestrowane przez Scolia Technologies Ltd.. Licencjobiorca akceptuje, \u017ce Scolia Technologies Ltd. mo\u017ce mie\u0107 dost\u0119p do danych w ramach incydentu wsparcia, prewencyjnego rozwi\u0105zywania problem\u00f3w, debugowania lub innych dzia\u0142a\u0144 w celu zapewnienia stabilnego dzia\u0142ania us\u0142ug online Scolia Technologies Ltd.. Scolia Technologies Ltd. mo\u017ce gromadzi\u0107 dane telemetryczne dotycz\u0105ce korzystania z oprogramowania w celu zapewnienia wydajno\u015bci, optymalizacji, ulepsze\u0144 i statystyk.<\/li>\n<\/ul>\n<ol start=\"4\">\n<li>AKTUALIZACJE<\/li>\n<\/ol>\n<ul>\n<li>Scolia Technologies Ltd. do\u0142o\u017cy wszelkich stara\u0144, aby zapewni\u0107 ci\u0105g\u0142y rozw\u00f3j Oprogramowania, w tym korekt\u0119 b\u0142\u0119d\u00f3w i niedoskona\u0142o\u015bci oraz, wed\u0142ug uznania Scolia Technologies Ltd., zmian\u0119 Oprogramowania w celu zapewnienia zgodno\u015bci Oprogramowania z nowymi wersjami standardowego oprogramowania stron trzecich.<\/li>\n<li>Licencja subskrypcyjna: Przy zakupie licencji subskrypcyjnej na Oprogramowanie, op\u0142ata za aktualizacj\u0119 jest wliczona w licencj\u0119 subskrypcyjn\u0105, dzi\u0119ki czemu Licencjobiorca b\u0119dzie mia\u0142 dost\u0119p do odpowiednich aktualizacji.<\/li>\n<li>Licencjobiorca przyjmuje do wiadomo\u015bci, \u017ce aktualizacje Oprogramowania mog\u0105 nie dzia\u0142a\u0107 z niestandardowym sprz\u0119tem Licencjobiorcy, dodatkami, oprogramowaniem stron trzecich lub niestandardowymi dostosowaniami lub modyfikacjami.<\/li>\n<\/ul>\n<ol start=\"5\">\n<li>WSPARCIE<\/li>\n<\/ol>\n<ul>\n<li>Scolia Technologies Ltd. jest pierwszym punktem kontaktowym i referencyjnym Licencjobiorcy we wszystkich sprawach dotycz\u0105cych Oprogramowania, w tym mi\u0119dzy innymi wsparcia.<\/li>\n<li>Scolia Technologies Ltd. oferuje Licencjobiorcy wsparcie online.<\/li>\n<li>Zapytania dotycz\u0105ce pomocy technicznej, kt\u00f3re nie s\u0105 zwi\u0105zane z b\u0142\u0119dami mo\u017cliwymi do odtworzenia w najnowszej wersji Oprogramowania i na kt\u00f3re nie mo\u017cna odpowiedzie\u0107 drog\u0105 elektroniczn\u0105 lub kt\u00f3re wymagaj\u0105 bardziej szczeg\u00f3\u0142owej rozmowy lub spotkania, b\u0119d\u0105 traktowane jako zg\u0142oszenia dotycz\u0105ce funkcji.<\/li>\n<\/ul>\n<ol start=\"6\">\n<li>PRZYDZIA\u0141<\/li>\n<\/ol>\n<ul>\n<li>Licencjobiorca nie jest uprawniony do po\u017cyczania, dzier\u017cawienia, sublicencjonowania, przenoszenia lub innej cesji swoich praw i obowi\u0105zk\u00f3w wynikaj\u0105cych z niniejszej Umowy bez uprzedniej pisemnej zgody Scolia Technologies Ltd.. Jakakolwiek cesja bez uprzedniej pisemnej zgody Scolia Technologies Ltd. nie b\u0119dzie zgodna z prawem. Cesja obejmuje r\u00f3wnie\u017c przeniesienie lub przyj\u0119cie w zwi\u0105zku z fuzj\u0105, podzia\u0142em, outsourcingiem i podobnymi zdarzeniami lub dzia\u0142aniami w ramach i poza grup\u0105 sp\u00f3\u0142ek, do kt\u00f3rej nale\u017cy Licencjobiorca.<\/li>\n<li>Je\u017celi Licencjobiorca dokona cesji Oprogramowania niezgodnie z powy\u017cszymi postanowieniami, Scolia Technologies Ltd. mo\u017ce rozwi\u0105za\u0107 niniejsz\u0105 Umow\u0119 ze skutkiem natychmiastowym.<\/li>\n<li>Scolia Technologies Ltd. mo\u017ce w dowolnym momencie w ca\u0142o\u015bci lub w cz\u0119\u015bci scedowa\u0107 swoje prawa i obowi\u0105zki wynikaj\u0105ce z niniejszej Umowy na dowoln\u0105 stron\u0119 trzeci\u0105.<\/li>\n<\/ul>\n<ol start=\"7\">\n<li>NARUSZENIA PRAW OS\u00d3B TRZECICH<\/li>\n<\/ol>\n<ul>\n<li>Scolia Technologies Ltd. o\u015bwiadcza i gwarantuje, \u017ce ma prawo do udzielenia Licencjobiorcy licencji na Oprogramowanie, w tym na wszelk\u0105 dokumentacj\u0119, oraz \u017ce Scolia Technologies Ltd. posiada niezb\u0119dne prawa, tytu\u0142y i licencje umo\u017cliwiaj\u0105ce Licencjobiorcy wykonywanie wszystkich praw przewidzianych w niniejszym Aneksie, a tak\u017ce \u017ce Oprogramowanie nie narusza \u017cadnych praw os\u00f3b trzecich, kt\u00f3re s\u0105 wa\u017cne i wykonalne na W\u0119grzech.<\/li>\n<li>Je\u017celi osoba trzecia w stosunku do Licencjobiorcy twierdzi, \u017ce Oprogramowanie narusza prawa os\u00f3b trzecich, Licencjobiorca niezw\u0142ocznie poinformuje Scolia Technologies Ltd. na pi\u015bmie, a Scolia Technologies Ltd. przejmie obron\u0119 roszczenia. Scolia Technologies Ltd. b\u0119dzie na sw\u00f3j koszt sprawowa\u0107 pe\u0142n\u0105 kontrol\u0119 nad wszelkimi post\u0119powaniami wynikaj\u0105cymi z naruszenia praw os\u00f3b trzecich.<\/li>\n<li>Je\u015bli Licencjobiorca dowie si\u0119 o jakimkolwiek naruszeniu lub potencjalnym naruszeniu Oprogramowania, niezw\u0142ocznie powiadomi o tym Scolia Technologies Ltd. na pi\u015bmie.<\/li>\n<\/ul>\n<ol start=\"8\">\n<li>DOSTARCZANE \u201cTAK JAK JEST\u201d<\/li>\n<\/ol>\n<ul>\n<li>Oprogramowanie i wszelka powi\u0105zana dokumentacja s\u0105 dostarczane w stanie, w jakim si\u0119 znajduj\u0105, bez jakiejkolwiek gwarancji, wyra\u017anej lub dorozumianej, w tym, bez ogranicze\u0144, dorozumianych gwarancji przydatno\u015bci handlowej, przydatno\u015bci do okre\u015blonego celu. Ca\u0142kowite ryzyko wynikaj\u0105ce z u\u017cytkowania lub dzia\u0142ania Oprogramowania pozostaje po stronie Licencjobiorcy.<\/li>\n<li>Oprogramowanie dostarczone na mocy niniejszej Poprawki jest produktem standardowym, a Licencjobiorca jest \u015bwiadomy, \u017ce \u017cadne oprogramowanie nie jest bezb\u0142\u0119dne we wszystkich sytuacjach i kombinacjach.<\/li>\n<li>Scolia Technologies Ltd. nie ponosi odpowiedzialno\u015bci za jakiekolwiek wady. Niniejsza Umowa nie obejmuje r\u0119kojmi za wady ani gwarancji przydatno\u015bci lub przydatno\u015bci do okre\u015blonego celu.<\/li>\n<li>Licencjobiorca musi powiadomi\u0107 Scolia Technologies Ltd. niezw\u0142ocznie po wykryciu lub wykryciu powtarzalnego b\u0142\u0119du lub wady. W powiadomieniu Licencjobiorca musi okre\u015bli\u0107 b\u0142\u0105d lub wad\u0119.<\/li>\n<li>Scolia Technologies Ltd. do\u0142o\u017cy wszelkich stara\u0144, aby usun\u0105\u0107 b\u0142\u0119dy i wady, kt\u00f3re mo\u017cna odtworzy\u0107 w najnowszej wersji Oprogramowania.<\/li>\n<li>Rzeczywisty zakres i procedura usuwania wszelkich b\u0142\u0119d\u00f3w lub wad zale\u017cy od swobodnego i niezale\u017cnego uznania Scolia Technologies Ltd., kt\u00f3ra mo\u017ce usun\u0105\u0107 istotne b\u0142\u0119dy i wady poprzez wydanie aktualizacji Oprogramowania. Scolia Technologies Ltd. usunie nieistotne b\u0142\u0119dy i wady w zakresie, w jakim Scolia Technologies Ltd. uzna to za konieczne.<\/li>\n<\/ul>\n<ol start=\"9\">\n<li>ZAKO\u0143CZENIE<\/li>\n<\/ol>\n<ul>\n<li>Licencjobiorca mo\u017ce wypowiedzie\u0107 niniejsz\u0105 umow\u0119 EULA na przysz\u0142o\u015b\u0107 w dowolnym momencie poprzez zaprzestanie korzystania z Oprogramowania i niezw\u0142oczne anulowanie planu subskrypcji. Anulowanie subskrypcji spowoduje zako\u0144czenie planu subskrypcji z ko\u0144cem okresu subskrypcji. Licencjobiorca nie b\u0119dzie uprawniony do zwrotu op\u0142aty licencyjnej.<\/li>\n<li>W przypadku, gdy Licencjobiorca nie spe\u0142ni kt\u00f3regokolwiek z warunk\u00f3w EULA i niniejszej Poprawki, Scolia Technologies Ltd. mo\u017ce wypowiedzie\u0107 Licencjobiorcy prawo do korzystania z Oprogramowania z zachowaniem 30-dniowego okresu wypowiedzenia. Po takim wypowiedzeniu Licencjobiorca nie b\u0119dzie m\u00f3g\u0142 korzysta\u0107 z Oprogramowania. Licencjobiorca nie b\u0119dzie uprawniony do zwrotu op\u0142aty licencyjnej po takim wypowiedzeniu.<\/li>\n<\/ul>\n<ol start=\"10\">\n<li>ODPOWIEDZIALNO\u015a\u0106 LICENCJOBIORCY<\/li>\n<\/ol>\n<ul>\n<li>Og\u00f3lne zasady prawa w\u0119gierskiego maj\u0105 zastosowanie do naruszenia umowy przez Licencjobiorc\u0119. W przypadku naruszenia przez Licencjobiorc\u0119 kt\u00f3regokolwiek z jego zobowi\u0105za\u0144 okre\u015blonych w EULA i niniejszej Poprawce, Scolia Technologies Ltd. b\u0119dzie uprawniona do rozwi\u0105zania niniejszej umowy ze skutkiem natychmiastowym.<\/li>\n<\/ul>\n<ol start=\"11\">\n<li>OGRANICZENIE ODPOWIEDZIALNO\u015aCI<\/li>\n<\/ol>\n<ul>\n<li>Scolia Technologies Ltd. wyra\u017anie zrzeka si\u0119 wszelkiej odpowiedzialno\u015bci, wyra\u017anej lub dorozumianej, w odniesieniu do (i) wad i b\u0142\u0119d\u00f3w, kt\u00f3re nie s\u0105 zwi\u0105zane z Oprogramowaniem, ale kt\u00f3re s\u0105 zwi\u0105zane z czynnikami zewn\u0119trznymi, w tym z innymi produktami oprogramowania Licencjobiorcy, (ii) dzia\u0142a\u0144 lub zaniecha\u0144 Partner\u00f3w Scolia Technologies Ltd. (iii) interakcji mi\u0119dzy Oprogramowaniem a jakimkolwiek innym \u015brodowiskiem sprz\u0119towym i\/lub programowym oraz organizacj\u0105 w lokalizacji Licencjobiorcy lub w jakiejkolwiek zdalnej lokalizacji, w tym m.in. w hostingu lub centrach danych (iii) interakcji pomi\u0119dzy Oprogramowaniem a jakimkolwiek innym \u015brodowiskiem sprz\u0119towym i\/lub programowym oraz organizacj\u0105 w lokalizacji Licencjobiorcy lub w jakiejkolwiek zdalnej lokalizacji, w tym mi\u0119dzy innymi hostingiem lub centrami danych, (iv) b\u0142\u0119d\u00f3w, wad i niesprawno\u015bci standardowych produkt\u00f3w stron trzecich, dostarczanych przez Scolia Technologies Ltd., (v) b\u0142\u0119d\u00f3w i wad oprogramowania Licencjobiorcy, (v) b\u0142\u0119d\u00f3w i wad oprogramowania Licencjobiorcy. (v) zmian i\/lub modyfikacji dokonanych przez Licencjobiorc\u0119 w Oprogramowaniu lub z Oprogramowaniem oraz (vi) kompatybilno\u015bci pomi\u0119dzy Oprogramowaniem a jak\u0105kolwiek now\u0105 wersj\u0105, aktualizacj\u0105 itp. oprogramowania strony trzeciej.<\/li>\n<li>Scolia Technologies Ltd. w \u017caden spos\u00f3b nie ponosi odpowiedzialno\u015bci za okoliczno\u015bci zwi\u0105zane z niewype\u0142nieniem obowi\u0105zk\u00f3w Licencjobiorcy w odniesieniu do niniejszej Umowy. W \u017cadnym wypadku Scolia Technologies Ltd. nie ponosi odpowiedzialno\u015bci za jakiekolwiek szkody wynikaj\u0105ce z utraty danych, utraty zysk\u00f3w lub warto\u015bci firmy lub innych szk\u00f3d wt\u00f3rnych. Odpowiedzialno\u015b\u0107 Scolia Technologies Ltd. w \u017cadnym wypadku nie mo\u017ce przekroczy\u0107 op\u0142aty licencyjnej uiszczonej przez Licencjobiorc\u0119 na mocy Umowy.<\/li>\n<\/ul>\n<ol start=\"12\">\n<li>WARTO\u015a\u0106<\/li>\n<\/ol>\n<ul>\n<li>Je\u017celi jakiekolwiek postanowienie niniejszej Umowy zostanie uznane za niezgodne z prawem, niewa\u017cne lub niewykonalne, takie postanowienie(a) b\u0119dzie(b\u0119d\u0105) jednak egzekwowane w najszerszym zakresie dozwolonym przez obowi\u0105zuj\u0105ce prawo, tak aby odzwierciedla\u0142o(y) pierwotny zamiar stron. Takie postanowienia nie b\u0119d\u0105 mia\u0142y wp\u0142ywu na zgodno\u015b\u0107 z prawem i wa\u017cno\u015b\u0107 pozosta\u0142ych postanowie\u0144 niniejszej Umowy.<\/li>\n<\/ul>\n<ol start=\"13\">\n<li>PRAWO W\u0141A\u015aCIWE I ROZSTRZYGANIE SPOR\u00d3W<\/li>\n<\/ol>\n<ul>\n<li>Niniejsza Umowa podlega i b\u0119dzie interpretowana zgodnie z prawem w\u0119gierskim i zast\u0119puje wszystkie wcze\u015bniejsze i r\u00f3wnoczesne ustne i pisemne propozycje i komunikaty dotycz\u0105ce przedmiotu niniejszej Umowy.<\/li>\n<li>Strony do\u0142o\u017c\u0105 wszelkich uzasadnionych stara\u0144 w celu polubownego rozwi\u0105zania wszelkich kontrowersji, kt\u00f3re mog\u0105 wynikn\u0105\u0107 z niniejszej Umowy, na wy\u017cszych szczeblach kierowniczych obu stron. Spory, kt\u00f3rych nie mo\u017cna rozstrzygn\u0105\u0107 polubownie, b\u0119d\u0105 rozstrzygane przez S\u0105d Miejski w Szeged.<\/li>\n<\/ul>\n<ol start=\"14\">\n<li>INTERPRETACJA<\/li>\n<\/ol>\n<ul>\n<li>Je\u015bli kt\u00f3rekolwiek z postanowie\u0144 niniejszej Umowy zostanie uznane za niezgodne z prawem lub niewykonalne przez jakikolwiek s\u0105d w\u0142a\u015bciwej jurysdykcji, takie postanowienie zostanie uznane za odr\u0119bne od pozosta\u0142ych postanowie\u0144 niniejszej umowy i nie b\u0119dzie mia\u0142o wp\u0142ywu na wa\u017cno\u015b\u0107 ani wykonalno\u015b\u0107 pozosta\u0142ych postanowie\u0144 niniejszej umowy.<\/li>\n<\/ul>\t\t\t\t\t\t\t\t<\/div>\n\t\t\t\t<\/div>\n\t\t\t\t\t<\/div>\n\t\t\t\t<\/div>\n\t\t\t\t<\/div>","protected":false},"excerpt":{"rendered":"<p>Present document (hereinafter referred to as \u2018Amendment\u2019 or \u2018Agreement\u2019) is an amendment to the End User License Agreement (hereinafter referred to as \u2018EULA\u2019). The EULA shall remain valid and in effect, supplemented by the provisions contained in this document. DEFINITIONS The terms used with capital initials in the present EULA without specific definition have the [&hellip;]<\/p>\n","protected":false},"author":1,"featured_media":0,"parent":0,"menu_order":0,"comment_status":"closed","ping_status":"closed","template":"","meta":{"inline_featured_image":false,"site-sidebar-layout":"default","site-content-layout":"","ast-site-content-layout":"default","site-content-style":"default","site-sidebar-style":"default","ast-global-header-display":"","ast-banner-title-visibility":"","ast-main-header-display":"","ast-hfb-above-header-display":"","ast-hfb-below-header-display":"","ast-hfb-mobile-header-display":"","site-post-title":"","ast-breadcrumbs-content":"","ast-featured-img":"","footer-sml-layout":"","ast-disable-related-posts":"","theme-transparent-header-meta":"","adv-header-id-meta":"","stick-header-meta":"","header-above-stick-meta":"","header-main-stick-meta":"","header-below-stick-meta":"","astra-migrate-meta-layouts":"set","ast-page-background-enabled":"default","ast-page-background-meta":{"desktop":{"background-color":"","background-image":"","background-repeat":"repeat","background-position":"center center","background-size":"auto","background-attachment":"scroll","background-type":"","background-media":"","overlay-type":"","overlay-color":"","overlay-opacity":"","overlay-gradient":""},"tablet":{"background-color":"","background-image":"","background-repeat":"repeat","background-position":"center center","background-size":"auto","background-attachment":"scroll","background-type":"","background-media":"","overlay-type":"","overlay-color":"","overlay-opacity":"","overlay-gradient":""},"mobile":{"background-color":"","background-image":"","background-repeat":"repeat","background-position":"center center","background-size":"auto","background-attachment":"scroll","background-type":"","background-media":"","overlay-type":"","overlay-color":"","overlay-opacity":"","overlay-gradient":""}},"ast-content-background-meta":{"desktop":{"background-color":"var(--ast-global-color-5)","background-image":"","background-repeat":"repeat","background-position":"center center","background-size":"auto","background-attachment":"scroll","background-type":"","background-media":"","overlay-type":"","overlay-color":"","overlay-opacity":"","overlay-gradient":""},"tablet":{"background-color":"var(--ast-global-color-5)","background-image":"","background-repeat":"repeat","background-position":"center center","background-size":"auto","background-attachment":"scroll","background-type":"","background-media":"","overlay-type":"","overlay-color":"","overlay-opacity":"","overlay-gradient":""},"mobile":{"background-color":"var(--ast-global-color-5)","background-image":"","background-repeat":"repeat","background-position":"center center","background-size":"auto","background-attachment":"scroll","background-type":"","background-media":"","overlay-type":"","overlay-color":"","overlay-opacity":"","overlay-gradient":""}},"footnotes":""},"class_list":["post-23503","page","type-page","status-publish","hentry"],"aioseo_notices":[],"_links":{"self":[{"href":"https:\/\/scoliadarts.com\/pl\/wp-json\/wp\/v2\/pages\/23503","targetHints":{"allow":["GET"]}}],"collection":[{"href":"https:\/\/scoliadarts.com\/pl\/wp-json\/wp\/v2\/pages"}],"about":[{"href":"https:\/\/scoliadarts.com\/pl\/wp-json\/wp\/v2\/types\/page"}],"author":[{"embeddable":true,"href":"https:\/\/scoliadarts.com\/pl\/wp-json\/wp\/v2\/users\/1"}],"replies":[{"embeddable":true,"href":"https:\/\/scoliadarts.com\/pl\/wp-json\/wp\/v2\/comments?post=23503"}],"version-history":[{"count":0,"href":"https:\/\/scoliadarts.com\/pl\/wp-json\/wp\/v2\/pages\/23503\/revisions"}],"wp:attachment":[{"href":"https:\/\/scoliadarts.com\/pl\/wp-json\/wp\/v2\/media?parent=23503"}],"curies":[{"name":"wp","href":"https:\/\/api.w.org\/{rel}","templated":true}]}}