{"id":16828,"date":"2023-05-18T11:27:09","date_gmt":"2023-05-18T11:27:09","guid":{"rendered":"https:\/\/scoliadarts.com\/?page_id=16828"},"modified":"2023-05-18T11:27:09","modified_gmt":"2023-05-18T11:27:09","slug":"eula-v1","status":"publish","type":"page","link":"https:\/\/scoliadarts.com\/pl\/eula-v1\/","title":{"rendered":"EULA v1"},"content":{"rendered":"<h2>Sekcja 1 - Zakres<\/h2>\n<ol>\n<li>Niniejsze Og\u00f3lne Warunki Licencjonowania Oprogramowania maj\u0105 zastosowanie do korzystania, przez ograniczony czas, z oprogramowania \u201cUs\u0142ugi gier online i analiza wynik\u00f3w\u201d (w dalszej cz\u0119\u015bci jako produkty oprogramowania) nale\u017c\u0105cego do Scolia Technologies Ltd. (dalej: \u201cSCOLIA\u201d) przez Licencjobiorc\u0119 b\u0119d\u0105cego osob\u0105 prawn\u0105. (dalej: \"SCOLIA\") przez Licencjobiorc\u0119 b\u0119d\u0105cego osob\u0105 prawn\u0105.<\/li>\n<li>Zastosowanie maj\u0105 r\u00f3wnie\u017c Og\u00f3lne Warunki Licencjonowania Oprogramowania, z p\u00f3\u017aniejszymi zmianami (najnowsza wersja dost\u0119pna pod adresem\u00a0<a href=\"https:\/\/scoliadarts.com\/pl\/\">https:\/\/scoliadarts.com<\/a>) do zobowi\u0105za\u0144 przedumownych i przysz\u0142ych um\u00f3w podobnego rodzaju reguluj\u0105cych korzystanie z oprogramowania o tym samym numerze licencji przez okre\u015blony czas, bez konieczno\u015bci ponownego odwo\u0142ywania si\u0119 do nich przez SCOLIA w ka\u017cdym indywidualnym przypadku.<\/li>\n<li>Zastosowanie maj\u0105 wy\u0142\u0105cznie niniejsze Og\u00f3lne Warunki Licencjonowania Oprogramowania. Odmienne, sprzeczne lub uzupe\u0142niaj\u0105ce og\u00f3lne warunki handlowe ze strony Licencjobiorcy stan\u0105 si\u0119 integraln\u0105 cz\u0119\u015bci\u0105 umowy tylko wtedy i tylko w takim zakresie, w jakim SCOLIA wyra\u017anie zgodzi si\u0119 na ich wa\u017cno\u015b\u0107. Ten wym\u00f3g zatwierdzenia ma zastosowanie we wszystkich przypadkach - na przyk\u0142ad nawet je\u015bli SCOLIA realizuje dostaw\u0119 do Licencjobiorcy bez zastrze\u017ce\u0144, z pe\u0142n\u0105 \u015bwiadomo\u015bci\u0105 warunk\u00f3w handlowych Licencjobiorcy.<\/li>\n<\/ol>\n<h2>Sekcja 2 - Zawarcie umowy<\/h2>\n<ol>\n<li>Oferty z\u0142o\u017cone przez SCOLIA s\u0105 niewi\u0105\u017c\u0105ce i podlegaj\u0105 potwierdzeniu.<\/li>\n<li>Zamawiaj\u0105c oprogramowanie, Licencjobiorca sk\u0142ada wi\u0105\u017c\u0105c\u0105 ofert\u0119 zawarcia umowy. O ile w zam\u00f3wieniu nie okre\u015blono inaczej, SCOLIA jest uprawniona do przyj\u0119cia tej oferty zawarcia umowy w ci\u0105gu czterech tygodni od jej otrzymania.<\/li>\n<li>Przyj\u0119cie zam\u00f3wienia nast\u0119puje poprzez pisemne potwierdzenie zam\u00f3wienia lub poprzez przekazanie Licencjobiorcy danych dost\u0119powych do logowania.<\/li>\n<\/ol>\n<h2>Sekcja 3 - Przedmiot umowy<\/h2>\n<ol>\n<li>Zakres, rodzaj i jako\u015b\u0107 oprogramowania s\u0105 okre\u015blone w tre\u015bci potwierdzenia zam\u00f3wienia lub faktury, w przypadku gdy dostawa zosta\u0142a zrealizowana bez wcze\u015bniejszego potwierdzenia. Wszelkie inne specyfikacje lub wymagania stan\u0105 si\u0119 integraln\u0105 cz\u0119\u015bci\u0105 umowy tylko wtedy, gdy strony uzgodni\u0105 to na pi\u015bmie lub je\u015bli SCOLIA potwierdzi to na pi\u015bmie.<\/li>\n<li>SCOLIA niniejszym zezwala Licencjobiorcy na korzystanie, przez ograniczony okres czasu, z oprogramowania wskazanego w potwierdzeniu zam\u00f3wienia lub na fakturze i przyznaje Licencjobiorcy niezb\u0119dne prawa do umownego korzystania z tego oprogramowania zgodnie z punktem 4.<\/li>\n<li>SCOLIA udost\u0119pni Licencjobiorcy oprogramowanie do u\u017cytku za po\u015brednictwem serwera. SCOLIA powiadomi Licencjobiorc\u0119 o danych dost\u0119powych umo\u017cliwiaj\u0105cych zalogowanie si\u0119 do obszaru chronionego.<\/li>\n<li>SCOLIA zastrzega sobie prawo do ulepszenia lub zmiany oprogramowania w dowolnym momencie.<\/li>\n<\/ol>\n<h2>Sekcja 4 - Przyznanie praw<\/h2>\n<ol>\n<li>Oprogramowanie (okre\u015blone algorytmy i zawarto\u015b\u0107 danych) jest chronione prawem. Prawa autorskie, prawa patentowe, prawa do znak\u00f3w towarowych i wszelkie inne prawa pomocnicze do oprogramowania oraz do wszelkich innych przedmiot\u00f3w, kt\u00f3re SCOLIA przekazuje lub udost\u0119pnia Licencjobiorcy w ramach rozpocz\u0119cia i wykonania umowy, nale\u017c\u0105 wy\u0142\u0105cznie do SCOLIA, pod warunkiem, \u017ce SCOLIA jest posiadaczem tych praw.<\/li>\n<li>Licencjobiorca jest uprawniony do korzystania z oprogramowania wy\u0142\u0105cznie w celu przetwarzania w\u0142asnych danych Licencjobiorcy we w\u0142asnej instytucji do w\u0142asnych cel\u00f3w. \u2018W\u0142asna instytucja\u2019 oznacza zak\u0142ad Licencjobiorcy. SCOLIA udzieli Nabywcy niezb\u0119dnego upowa\u017cnienia do takiego u\u017cytkowania w formie niewy\u0142\u0105cznego, niezbywalnego prawa u\u017cytkowania, kt\u00f3re jest ograniczone w czasie do okresu obowi\u0105zywania umowy licencyjnej. \u017badne dodatkowe wykorzystanie przez osoby trzecie nie jest dozwolone, chyba \u017ce SCOLIA udzieli wyra\u017anej, pisemnej zgody.<\/li>\n<li>Dane dost\u0119powe do logowania, kt\u00f3re zosta\u0142y przekazane Licencjobiorcy, nie mog\u0105 by\u0107 przekazywane osobom trzecim. W szczeg\u00f3lno\u015bci Licencjobiorcy nie wolno sprzedawa\u0107, wypo\u017cycza\u0107 ani wynajmowa\u0107 oprogramowania, ani udziela\u0107 na nie sublicencji w jakikolwiek inny spos\u00f3b, ani te\u017c przekazywa\u0107 oprogramowania publicznie lub udost\u0119pnia\u0107 go publicznie.<\/li>\n<li>Sprz\u0119t SCOLIA obejmuje trzy kamery (po jednej w ka\u017cdym ramieniu konfiguracji), z kt\u00f3rych wszystkie wysy\u0142aj\u0105 obrazy tarczy do jednostki przetwarzaj\u0105cej. Obrazy opuszczaj\u0105 jednostk\u0119 przetwarzaj\u0105c\u0105 tylko w nast\u0119puj\u0105cych trzech przypadkach:<\/li>\n<\/ol>\n<ul>\n<li>\n<ul>\n<li>Po nieudanej kalibracji systemu obrazy mog\u0105 by\u0107 przechowywane na serwerach SCOLIA w celu dalszego przetwarzania i rozwi\u0105zywania problem\u00f3w.<\/li>\n<li>Podczas dostrajania wyr\u00f3wnania kamer obrazy mog\u0105 by\u0107 r\u00f3wnie\u017c przesy\u0142ane strumieniowo do klienckiej aplikacji internetowej. Obrazy w tym przypadku nie s\u0105 przechowywane na serwerach SCOLIA, a jedynie przekazywane przez serwery SCOLIA z jednostki przetwarzaj\u0105cej do aplikacji klienckiej.<\/li>\n<li>W celu rozwi\u0105zywania problem\u00f3w personel SCOLIA mo\u017ce r\u00f3wnie\u017c przesy\u0142a\u0107 obrazy strumieniowo, aby okre\u015bli\u0107 nieprawid\u0142owe zachowanie systemu. Obrazy s\u0105 przekazywane tylko przez serwery SCOLIA z jednostki przetwarzaj\u0105cej do aplikacji internetowej klienta.<\/li>\n<\/ul>\n<\/li>\n<\/ul>\n<h2>Sekcja 5 - Dostawa\/wykonanie<\/h2>\n<p>Dostawa\/\u015bwiadczenie odbywa si\u0119 w siedzibie SCOLIA, kt\u00f3ra jest r\u00f3wnie\u017c miejscem realizacji.<\/p>\n<h2>Sekcja 6 - Ceny i warunki p\u0142atno\u015bci<\/h2>\n<ol>\n<li>O ile w indywidualnych przypadkach nie uzgodniono inaczej, obowi\u0105zuj\u0105 ceny SCOLIA aktualne w chwili zawarcia umowy, powi\u0119kszone o obowi\u0105zuj\u0105cy ustawowy podatek od towar\u00f3w i us\u0142ug.<\/li>\n<li>Wszelkie c\u0142a, op\u0142aty, podatki lub inne nale\u017cno\u015bci publiczne b\u0119d\u0105 ponoszone przez Licencjobiorc\u0119. Ka\u017cda ze stron ponosi w\u0142asne op\u0142aty bankowe.<\/li>\n<\/ol>\n<h2>Sekcja 7 - Okres obowi\u0105zywania i rozwi\u0105zanie umowy<\/h2>\n<ol>\n<li>Umowa zostaje zawarta na podstawie potwierdzenia zam\u00f3wienia lub faktury zakupu.<\/li>\n<li>Ka\u017cde wypowiedzenie musi by\u0107 dokonane na pi\u015bmie.<\/li>\n<li>Wszystkie dane analityczne Licencjobiorcy zostan\u0105 usuni\u0119te 30 dni po wyga\u015bni\u0119ciu licencji.<\/li>\n<\/ol>\n<h2>Sekcja 8 - Roszczenia z tytu\u0142u wad<\/h2>\n<ol>\n<li>Przepisy ustawowe maj\u0105 zastosowanie w odniesieniu do praw Licencjobiorcy w przypadku wad rzeczowych i wad prawnych, chyba \u017ce poni\u017cej okre\u015blono inaczej.<\/li>\n<li>Oprogramowanie nadaje si\u0119 do u\u017cytku zgodnie z umow\u0105. Spe\u0142nia kryterium praktycznej przydatno\u015bci i jest standardowej jako\u015bci dla oprogramowania tego typu. B\u0142\u0119dy oprogramowania s\u0105 technicznie nieuniknione. Uszkodzenie funkcjonalne programu wynikaj\u0105ce z wad sprz\u0119tu, warunk\u00f3w \u015brodowiskowych, b\u0142\u0119d\u00f3w operacyjnych lub podobnych przyczyn nie jest wad\u0105 oprogramowania. Nieistotne obni\u017cenie jako\u015bci nie b\u0119dzie brane pod uwag\u0119.<\/li>\n<li>Je\u015bli dostarczone oprogramowanie jest wadliwe, SCOLIA usunie wad\u0119 w rozs\u0105dnym terminie. Licencjobiorca pomo\u017ce firmie SCOLIA w analizie i usuni\u0119ciu wady, podaj\u0105c dok\u0142adny opis wszelkich wyst\u0119puj\u0105cych problem\u00f3w i dostarczaj\u0105c firmie SCOLIA wyczerpuj\u0105cych informacji.<\/li>\n<li>Licencjobiorca jest uprawniony do \u017c\u0105dania odszkodowania za szkody lub zwrotu wydatk\u00f3w poniesionych na pr\u00f3\u017cno wy\u0142\u0105cznie zgodnie z Punktem 9; wszelkie inne roszczenia s\u0105 wykluczone.<\/li>\n<\/ol>\n<h2>Sekcja 9 - Odpowiedzialno\u015b\u0107<\/h2>\n<ol>\n<li>SCOLIA b\u0119dzie zobowi\u0105zana do wyp\u0142aty odszkodowania - niezale\u017cnie od podstawy prawnej - w przypadkach umy\u015blnego dzia\u0142ania lub ra\u017c\u0105cego niedbalstwa. W przypadku zwyk\u0142ego zaniedbania SCOLIA ponosi odpowiedzialno\u015b\u0107 wy\u0142\u0105cznie za\n<ul>\n<li><strong>a)<\/strong>\u00a0za szkody spowodowane utrat\u0105 \u017cycia, obra\u017ceniami cia\u0142a lub uszczerbkiem na zdrowiu lub, w przypadku roszcze\u0144 wnoszonych na podstawie dyrektywy UE w sprawie odpowiedzialno\u015bci za produkt (85\/374\/EWG),<\/li>\n<li><strong>b)<\/strong>\u00a0za szkody spowodowane naruszeniem istotnego zobowi\u0105zania umownego (zobowi\u0105zania, kt\u00f3rego wype\u0142nienie jest warunkiem wst\u0119pnym prawid\u0142owego wykonania umowy i na kt\u00f3rego przestrzeganiu druga strona umowy mo\u017ce zasadnie polega\u0107); w takim przypadku odpowiedzialno\u015b\u0107 SCOLIA b\u0119dzie jednak ograniczona do odszkodowania za wszelkie przewidywalne, typowo wyst\u0119puj\u0105ce szkody. Odszkodowanie za szkody nast\u0119pcze - tj. szkody, kt\u00f3re nie zosta\u0142y naprawione przez podj\u0119te dzia\u0142ania naprawcze i zosta\u0142y poniesione przez aktywa inne ni\u017c przedmiotowe towary, np. awaria operacyjna spowodowana wad\u0105 - jest wykluczone.<\/li>\n<\/ul>\n<\/li>\n<li>SCOLIA nie ponosi odpowiedzialno\u015bci za wady pocz\u0105tkowe, chyba \u017ce spe\u0142nione s\u0105 warunki okre\u015blone w podpunkcie (1).<\/li>\n<li>SCOLIA nie ponosi odpowiedzialno\u015bci za utrat\u0119 danych przez Licencjobiorc\u0119.<\/li>\n<\/ol>\n<h2>Sekcja 10 - Nieujawnianie informacji<\/h2>\n<ol>\n<li>Strony niniejszej umowy zobowi\u0105zuj\u0105 si\u0119 wzajemnie do traktowania jako poufne - nawet po wyga\u015bni\u0119ciu niniejszej umowy - wszelkich informacji udost\u0119pnionych im przed lub w trakcie realizacji umowy (w formie pisemnej, ustnej lub w jakikolwiek inny spos\u00f3b, bezpo\u015brednio lub po\u015brednio) - w szczeg\u00f3lno\u015bci informacji o charakterze technicznym, handlowym lub finansowym, w tym wszelkich dokument\u00f3w i know-how. Zobowi\u0105zuj\u0105 si\u0119 r\u00f3wnie\u017c do nieprzekazywania takich informacji osobom trzecim i nieudost\u0119pniania ich w \u017cadnej innej formie, do podj\u0119cia wszelkich niezb\u0119dnych \u015brodk\u00f3w ostro\u017cno\u015bci w celu uniemo\u017cliwienia osobom trzecim dost\u0119pu do tych informacji oraz do udost\u0119pniania ich wy\u0142\u0105cznie tym pracownikom i\/lub przedstawicielom lub wykonawcom, kt\u00f3rzy r\u00f3wnie\u017c zobowi\u0105zali si\u0119 do przestrzegania wy\u017cej wymienionego wymogu poufno\u015bci, nawet po zako\u0144czeniu zatrudnienia, pod warunkiem, \u017ce informacje te s\u0105 oznaczone jako \u201c<em>poufny<\/em>\u201d lub opisane jako \u201c<em>poufny<\/em>\u201d, gdy s\u0105 przekazywane ustnie i chyba \u017ce dane informacje by\u0142y powszechnie znane przed ich ujawnieniem lub sta\u0142y si\u0119 powszechnie znane po ich ujawnieniu bez winy strony otrzymuj\u0105cej, lub informacje by\u0142y ju\u017c w posiadaniu strony otrzymuj\u0105cej przed ich ujawnieniem, lub zosta\u0142y lub s\u0105 zgodnie z prawem uzyskane od strony trzeciej bez ogranicze\u0144, lub je\u015bli strona ujawniaj\u0105ca zrzek\u0142a si\u0119 tego obowi\u0105zku nieujawniania na pi\u015bmie.<\/li>\n<li>SCOLIA b\u0119dzie przetwarza\u0107 dane osobowe wymagane do realizacji transakcji biznesowej zgodnie z przepisami o ochronie danych. Po pomy\u015blnym dostarczeniu us\u0142ugi\/produktu SCOLIA mo\u017ce powo\u0142a\u0107 si\u0119 na Licencjobiorc\u0119 jako klienta referencyjnego.<\/li>\n<\/ol>\n<h2>Sekcja 11 - Wyb\u00f3r prawa i jurysdykcji<\/h2>\n<ol>\n<li>Niniejsze Og\u00f3lne Warunki Licencjonowania Oprogramowania oraz wszelkie stosunki prawne pomi\u0119dzy SCOLIA a Licencjobiorc\u0105 podlegaj\u0105 prawu w\u0119gierskiemu, z wy\u0142\u0105czeniem wszelkich przepis\u00f3w mi\u0119dzynarodowych i ponadnarodowych (umownych).<\/li>\n<li>Je\u015bli Licencjobiorca jest handlowcem, wy\u0142\u0105cznym - i mi\u0119dzynarodowym - miejscem jurysdykcji dla wszystkich spor\u00f3w wynikaj\u0105cych bezpo\u015brednio lub po\u015brednio z niniejszego stosunku umownego jest siedziba SCOLIA w Szeged na W\u0119grzech.<\/li>\n<\/ol>\n<h2>Sekcja 12 - Postanowienia ko\u0144cowe<\/h2>\n<ol>\n<li>Je\u015bli jedno z postanowie\u0144 niniejszych Og\u00f3lnych Warunk\u00f3w Licencjonowania Oprogramowania oka\u017ce si\u0119 niewa\u017cne, nie wp\u0142ynie to na wa\u017cno\u015b\u0107 pozosta\u0142ych warunk\u00f3w lub um\u00f3w. Zamiast niewa\u017cnego postanowienia za uzgodnione zostanie uznane postanowienie, kt\u00f3re najbardziej zbli\u017cone jest do ekonomicznego ducha i celu niewa\u017cnego postanowienia.<\/li>\n<li>SCOLIA zachowuje prawo do zmiany, poprawiania lub modyfikowania dowolnych postanowie\u0144 niniejszych Og\u00f3lnych Warunk\u00f3w Licencjonowania Oprogramowania w dowolnym czasie. Postanowienia, na kt\u00f3re zmiany lub poprawki nie maj\u0105 wp\u0142ywu, pozostaj\u0105 w mocy.<\/li>\n<\/ol>\n<p>Ostatnia aktualizacja: Czerwiec 2019<\/p>","protected":false},"excerpt":{"rendered":"<p>Section 1 \u2013 Scope These General Software Licensing Conditions apply to the use, for a limited period of time, of \u201cOnline game services and score analytics\u201d software products (in the following as software products) belonging to Scolia Technologies Ltd. (hereinafter: \u201cSCOLIA\u201d) by the Licensee, who is a legal person. The General Software Licensing Conditions also [&hellip;]<\/p>\n","protected":false},"author":1,"featured_media":0,"parent":0,"menu_order":0,"comment_status":"closed","ping_status":"closed","template":"","meta":{"inline_featured_image":false,"site-sidebar-layout":"default","site-content-layout":"default","ast-site-content-layout":"default","site-content-style":"default","site-sidebar-style":"default","ast-global-header-display":"","ast-banner-title-visibility":"","ast-main-header-display":"","ast-hfb-above-header-display":"","ast-hfb-below-header-display":"","ast-hfb-mobile-header-display":"","site-post-title":"","ast-breadcrumbs-content":"","ast-featured-img":"","footer-sml-layout":"","ast-disable-related-posts":"","theme-transparent-header-meta":"default","adv-header-id-meta":"","stick-header-meta":"default","header-above-stick-meta":"","header-main-stick-meta":"","header-below-stick-meta":"","astra-migrate-meta-layouts":"default","ast-page-background-enabled":"default","ast-page-background-meta":{"desktop":{"background-color":"","background-image":"","background-repeat":"repeat","background-position":"center center","background-size":"auto","background-attachment":"scroll","background-type":"","background-media":"","overlay-type":"","overlay-color":"","overlay-opacity":"","overlay-gradient":""},"tablet":{"background-color":"","background-image":"","background-repeat":"repeat","background-position":"center center","background-size":"auto","background-attachment":"scroll","background-type":"","background-media":"","overlay-type":"","overlay-color":"","overlay-opacity":"","overlay-gradient":""},"mobile":{"background-color":"","background-image":"","background-repeat":"repeat","background-position":"center center","background-size":"auto","background-attachment":"scroll","background-type":"","background-media":"","overlay-type":"","overlay-color":"","overlay-opacity":"","overlay-gradient":""}},"ast-content-background-meta":{"desktop":{"background-color":"var(--ast-global-color-5)","background-image":"","background-repeat":"repeat","background-position":"center center","background-size":"auto","background-attachment":"scroll","background-type":"","background-media":"","overlay-type":"","overlay-color":"","overlay-opacity":"","overlay-gradient":""},"tablet":{"background-color":"var(--ast-global-color-5)","background-image":"","background-repeat":"repeat","background-position":"center center","background-size":"auto","background-attachment":"scroll","background-type":"","background-media":"","overlay-type":"","overlay-color":"","overlay-opacity":"","overlay-gradient":""},"mobile":{"background-color":"var(--ast-global-color-5)","background-image":"","background-repeat":"repeat","background-position":"center center","background-size":"auto","background-attachment":"scroll","background-type":"","background-media":"","overlay-type":"","overlay-color":"","overlay-opacity":"","overlay-gradient":""}},"footnotes":""},"class_list":["post-16828","page","type-page","status-publish","hentry"],"aioseo_notices":[],"_links":{"self":[{"href":"https:\/\/scoliadarts.com\/pl\/wp-json\/wp\/v2\/pages\/16828","targetHints":{"allow":["GET"]}}],"collection":[{"href":"https:\/\/scoliadarts.com\/pl\/wp-json\/wp\/v2\/pages"}],"about":[{"href":"https:\/\/scoliadarts.com\/pl\/wp-json\/wp\/v2\/types\/page"}],"author":[{"embeddable":true,"href":"https:\/\/scoliadarts.com\/pl\/wp-json\/wp\/v2\/users\/1"}],"replies":[{"embeddable":true,"href":"https:\/\/scoliadarts.com\/pl\/wp-json\/wp\/v2\/comments?post=16828"}],"version-history":[{"count":0,"href":"https:\/\/scoliadarts.com\/pl\/wp-json\/wp\/v2\/pages\/16828\/revisions"}],"wp:attachment":[{"href":"https:\/\/scoliadarts.com\/pl\/wp-json\/wp\/v2\/media?parent=16828"}],"curies":[{"name":"wp","href":"https:\/\/api.w.org\/{rel}","templated":true}]}}