{"id":71797,"date":"2026-01-22T12:20:19","date_gmt":"2026-01-22T11:20:19","guid":{"rendered":"https:\/\/scoliadarts.com\/?page_id=71797"},"modified":"2026-01-22T12:20:19","modified_gmt":"2026-01-22T11:20:19","slug":"privacy-policy-v4","status":"publish","type":"page","link":"https:\/\/scoliadarts.com\/fr\/privacy-policy-v4\/","title":{"rendered":"Politique de confidentialit\u00e9 v4"},"content":{"rendered":"<ol>\n<li><strong>R\u00e9citals<\/strong>\n<ul>\n<li>Scolia Technologies Ltd. (num\u00e9ro d'enregistrement de la soci\u00e9t\u00e9 : 06-09-023973, si\u00e8ge : 6 Victor Hugo Street, 6720 Szeged, HUNGARY, ci-apr\u00e8s d\u00e9nomm\u00e9e <strong>\u2019Scolia\u2019<\/strong>) s'engage \u00e0 prot\u00e9ger la vie priv\u00e9e des utilisateurs (ci-apr\u00e8s d\u00e9nomm\u00e9s \u2018utilisateurs\").\u2018<strong>Utilisateur ou Vous<\/strong>\u2019) de ce site web (le\u2018<strong>Site web<\/strong>\u2019) et fera tout ce qui est en son pouvoir pour s'assurer que les donn\u00e9es personnelles des utilisateurs sont trait\u00e9es dans le respect de leurs droits et libert\u00e9s fondamentaux ainsi que de leur dignit\u00e9 personnelle, en particulier en ce qui concerne la confidentialit\u00e9.<\/li>\n<li>De mani\u00e8re g\u00e9n\u00e9rale, toutes les informations et donn\u00e9es que Vous fournissez, ou qui sont par ailleurs collect\u00e9es par Scolia dans le cadre du Site Internet, seront utilis\u00e9es par Scolia en conformit\u00e9 avec le R\u00e8glement (UE) 2016\/679 (\u201c<strong>GDPR<\/strong>\u201d).<\/li>\n<li>Si vous avez des questions concernant la pr\u00e9sente politique de confidentialit\u00e9, veuillez nous contacter en utilisant les coordonn\u00e9es indiqu\u00e9es ci-dessous.<\/li>\n<\/ul>\n<\/li>\n<li><strong>Nom et coordonn\u00e9es du contr\u00f4leur des donn\u00e9es<\/strong>\n<ul>\n<li>Nom du contr\u00f4leur des donn\u00e9es : <strong>Scolia Technologies Ltd.<\/strong><\/li>\n<li>Num\u00e9ro d'enregistrement de la soci\u00e9t\u00e9 du contr\u00f4leur de donn\u00e9es : <strong>06-09-023973<\/strong><\/li>\n<li>Si\u00e8ge du contr\u00f4leur des donn\u00e9es : <strong>6 Victor Hugo Street, 6720 Szeged, HUNGARY<\/strong><\/li>\n<li>Adresse \u00e9lectronique du contr\u00f4leur des donn\u00e9es : <strong>\u00a0<\/strong><strong>info@scoliadarts.com<\/strong><\/li>\n<\/ul>\n<\/li>\n<li><strong>Les finalit\u00e9s et la base juridique du traitement des donn\u00e9es, l'\u00e9tendue des donn\u00e9es trait\u00e9es, la dur\u00e9e du traitement des donn\u00e9es et les cons\u00e9quences de la non-fourniture des donn\u00e9es.<\/strong>\n<ul>\n<li>Par souci de commodit\u00e9, nous pr\u00e9sentons ci-dessous les finalit\u00e9s de chacune de nos activit\u00e9s de traitement, la base juridique sur laquelle nous nous appuyons pour les r\u00e9aliser, la dur\u00e9e de conservation de vos donn\u00e9es \u00e0 caract\u00e8re personnel et les cons\u00e9quences, le cas \u00e9ch\u00e9ant, de votre manquement ou de votre refus de nous fournir vos donn\u00e9es.<\/li>\n<\/ul>\n<\/li>\n<\/ol>\n<table width=\"100%\">\n<tbody>\n<tr>\n<td width=\"30%\"><strong>Objectif de la <\/strong><strong>le traitement des donn\u00e9es :<\/strong><\/td>\n<td width=\"69%\"><strong>Pour s'inscrire et cr\u00e9er un compte sur <\/strong><a href=\"https:\/\/scoliadarts.com\/fr\/\"><strong>https:\/\/scoliadarts.com\/<\/strong><\/a><strong>, pour envoyer un rappel de mot de passe en cas de mot de passe oubli\u00e9<\/strong><\/td>\n<\/tr>\n<tr>\n<td width=\"30%\">Base juridique du traitement des donn\u00e9es :<\/td>\n<td width=\"69%\">Ex\u00e9cution du contrat conclu avec l'utilisateur (GDPR art. 6,1b)<\/td>\n<\/tr>\n<tr>\n<td width=\"30%\">Le p\u00e9rim\u00e8tre des donn\u00e9es trait\u00e9es par Scolia :<\/td>\n<td width=\"69%\">Nom complet, adresse \u00e9lectronique, mot de passe, date de naissance (facultatif), adresse (ville)<\/td>\n<\/tr>\n<tr>\n<td width=\"30%\">Dur\u00e9e du traitement des donn\u00e9es :<\/td>\n<td width=\"69%\">5 ans \u00e0 compter de la r\u00e9siliation du contrat (5 ans \u00e0 compter de la suppression du compte d'utilisateur)<\/td>\n<\/tr>\n<tr>\n<td width=\"30%\">Les cons\u00e9quences de l'absence de donn\u00e9es :<\/td>\n<td width=\"69%\">Nous ne serons pas en mesure de vous fournir le compte dont vous avez besoin pour utiliser nos services ou nos produits.<\/td>\n<\/tr>\n<tr>\n<td width=\"30%\"><\/td>\n<td width=\"69%\"><\/td>\n<\/tr>\n<tr>\n<td width=\"30%\"><strong>Objectif de la <\/strong><strong>le traitement des donn\u00e9es :<\/strong><\/td>\n<td width=\"69%\"><strong>la facturation des services et produits command\u00e9s sur le site web https:\/\/scoliadarts.com\/ et des frais associ\u00e9s \u00e0 ces services et produits, la v\u00e9rification des donn\u00e9es de l'utilisateur et la conservation des documents li\u00e9s \u00e0 la facturation<\/strong><\/td>\n<\/tr>\n<tr>\n<td width=\"30%\">Base juridique du traitement des donn\u00e9es :<\/td>\n<td width=\"69%\">L'ex\u00e9cution du contrat conclu avec l'utilisateur (GDPR art. 6,1b) et l'obligation l\u00e9gale de respecter la l\u00e9gislation comptable (GDPR art. 6,1c, article 169, paragraphe (2) de la loi sur la comptabilit\u00e9, ci-apr\u00e8s d\u00e9nomm\u00e9e \u2018loi sur la comptabilit\u00e9\", et l'obligation l\u00e9gale de se conformer \u00e0 la l\u00e9gislation comptable (article 6,1c du RGPD).\u2018<strong>Loi sur la comptabilit\u00e9\u2019<\/strong>) (obligations comptables strictes)<\/td>\n<\/tr>\n<tr>\n<td width=\"30%\">Le p\u00e9rim\u00e8tre des donn\u00e9es trait\u00e9es par Scolia :<\/td>\n<td width=\"69%\">Le type de service, le type de produit, le nom complet de l'utilisateur et les donn\u00e9es n\u00e9cessaires \u00e0 la conclusion du contrat, l'adresse IP, la redevance, le montant de la facture, la date limite de paiement, la date d'\u00e9mission de la facture, la date de paiement, les autres donn\u00e9es de la facture, le mode et la date de paiement de la redevance, les donn\u00e9es de la personne qui paie la redevance (nom, donn\u00e9es de la carte bancaire, donn\u00e9es de paiement).<\/td>\n<\/tr>\n<tr>\n<td width=\"30%\">Dur\u00e9e du traitement des donn\u00e9es :<\/td>\n<td width=\"69%\">La p\u00e9riode de conservation des documents comptables stricts est de 8 ann\u00e9es civiles \u00e0 compter de la fin de l'ann\u00e9e civile concern\u00e9e, conform\u00e9ment \u00e0 l'article 169, paragraphe 2, de la loi sur la comptabilit\u00e9.<\/td>\n<\/tr>\n<tr>\n<td width=\"30%\">Les cons\u00e9quences de l'absence de donn\u00e9es :<\/td>\n<td width=\"69%\">En l'absence de donn\u00e9es pertinentes, nous ne pouvons pas vous fournir de services ou de produits.<\/td>\n<\/tr>\n<tr>\n<td width=\"30%\"><\/td>\n<td width=\"69%\"><\/td>\n<\/tr>\n<tr>\n<td width=\"30%\"><strong>Objectif de la <\/strong><strong>le traitement des donn\u00e9es :<\/strong><\/td>\n<td width=\"69%\"><strong>Contacter l'utilisateur par courrier \u00e9lectronique, par t\u00e9l\u00e9phone<\/strong><\/td>\n<\/tr>\n<tr>\n<td width=\"30%\">Base juridique du traitement des donn\u00e9es :<\/td>\n<td width=\"69%\">Ex\u00e9cution du contrat conclu avec l'utilisateur (GDPR art. 6,1b)<\/td>\n<\/tr>\n<tr>\n<td width=\"30%\">Le p\u00e9rim\u00e8tre des donn\u00e9es trait\u00e9es par Scolia :<\/td>\n<td width=\"69%\">Nom complet, adresse \u00e9lectronique, num\u00e9ro de t\u00e9l\u00e9phone<\/td>\n<\/tr>\n<tr>\n<td width=\"30%\">Dur\u00e9e du traitement des donn\u00e9es :<\/td>\n<td width=\"69%\">Pendant 5 ans \u00e0 compter de la r\u00e9siliation du contrat (suppression du compte d'utilisateur).<\/td>\n<\/tr>\n<tr>\n<td width=\"30%\">Les cons\u00e9quences de l'absence de donn\u00e9es :<\/td>\n<td width=\"69%\">Nous ne pouvons pas vous contacter sans les informations ci-dessus<\/td>\n<\/tr>\n<tr>\n<td width=\"30%\"><\/td>\n<td width=\"69%\"><\/td>\n<\/tr>\n<tr>\n<td width=\"30%\"><strong>Objectif de la <\/strong><strong>le traitement des donn\u00e9es :<\/strong><\/td>\n<td width=\"69%\"><strong>Ex\u00e9cution des commandes<\/strong><\/td>\n<\/tr>\n<tr>\n<td width=\"30%\">Base juridique du traitement des donn\u00e9es :<\/td>\n<td width=\"69%\">Ex\u00e9cution du contrat conclu avec l'utilisateur (GDPR art. 6,1b)<\/td>\n<\/tr>\n<tr>\n<td width=\"30%\">Le p\u00e9rim\u00e8tre des donn\u00e9es trait\u00e9es par Scolia :<\/td>\n<td width=\"69%\">Nom, adresse, adresse \u00e9lectronique, num\u00e9ro de t\u00e9l\u00e9phone, num\u00e9ro de colis, valeur de l'envoi, mode de paiement et de livraison choisi, montant du contre-remboursement \u00e0 percevoir, nom et adresse de facturation du destinataire, et toute autre information volontairement fournie \u00e0 Scolia dans le cadre du s\u00e9jour \u00e0 l'adresse fournie, ainsi que toute autre information fournie dans le bon de commande (par exemple, nom diff\u00e9rent sur la sonnette de la porte).<\/td>\n<\/tr>\n<tr>\n<td width=\"30%\">Dur\u00e9e du traitement des donn\u00e9es :<\/td>\n<td width=\"69%\">Pendant 5 ans \u00e0 compter de la r\u00e9siliation du contrat (suppression du compte d'utilisateur)<\/td>\n<\/tr>\n<tr>\n<td width=\"30%\">Les cons\u00e9quences de l'absence de donn\u00e9es :<\/td>\n<td width=\"69%\">Nous ne pouvons pas livrer les produits command\u00e9s sans les informations ci-dessus.<\/td>\n<\/tr>\n<tr>\n<td width=\"30%\"><\/td>\n<td width=\"69%\"><\/td>\n<\/tr>\n<tr>\n<td width=\"30%\"><strong>Objectif de la <\/strong><strong>le traitement des donn\u00e9es :<\/strong><\/td>\n<td width=\"69%\"><strong>l'envoi de messages \u00e9lectroniques, de bulletins d'information (y compris, mais sans s'y limiter, des messages \u00e9lectroniques et SMS et d'autres notifications, des banni\u00e8res) promouvant les produits et services de Scolia, et la r\u00e9alisation d'\u00e9tudes, de recherches, de statistiques de march\u00e9 ou d'enqu\u00eates li\u00e9es aux produits et services de Scolia.<\/strong><\/td>\n<\/tr>\n<tr>\n<td width=\"30%\">Base juridique du traitement des donn\u00e9es :<\/td>\n<td width=\"69%\">Sur la base du consentement de l'utilisateur (GDPR art. 6,1a)<strong>Le consentement peut \u00eatre retir\u00e9 \u00e0 tout moment en envoyant un message \u00e0 l'adresse \u00e9lectronique de Scolia indiqu\u00e9e au point 1 ci-dessus. Le retrait du consentement n'affecte pas la l\u00e9galit\u00e9 du traitement fond\u00e9 sur le consentement avant son retrait.<\/strong><\/td>\n<\/tr>\n<tr>\n<td width=\"30%\">Le p\u00e9rim\u00e8tre des donn\u00e9es trait\u00e9es par Scolia :<\/td>\n<td width=\"69%\">Les donn\u00e9es suivantes fournies volontairement par l'utilisateur ou collect\u00e9es \u00e0 propos de l'utilisateur ou de ses activit\u00e9s (par exemple, navigation, recherche et s\u00e9lection de produits)<\/td>\n<\/tr>\n<tr>\n<td width=\"30%\">Dur\u00e9e du traitement des donn\u00e9es :<\/td>\n<td width=\"69%\">Jusqu'\u00e0 ce que le consentement soit retir\u00e9 (mais pas plus de 5 ans apr\u00e8s la suppression du compte d'utilisateur).<\/td>\n<\/tr>\n<tr>\n<td width=\"30%\">Les cons\u00e9quences de l'absence de donn\u00e9es :<\/td>\n<td width=\"69%\">Scolia n'enverra pas de demandes de marketing ou ne m\u00e8nera pas d'enqu\u00eates sans le consentement de l'utilisateur.<\/td>\n<\/tr>\n<tr>\n<td width=\"30%\"><\/td>\n<td width=\"69%\"><\/td>\n<\/tr>\n<tr>\n<td width=\"30%\"><strong>Objectif de la <\/strong><strong>le traitement des donn\u00e9es :<\/strong><\/td>\n<td width=\"69%\"><strong>Analyse statistique pour les statistiques personnelles et les statistiques globales<\/strong><\/td>\n<\/tr>\n<tr>\n<td width=\"30%\">Base juridique du traitement des donn\u00e9es :<\/td>\n<td width=\"69%\">Sur la base du consentement de l'utilisateur (GDPR art. 6,1a)<strong>Le consentement peut \u00eatre retir\u00e9 \u00e0 tout moment en envoyant un message \u00e0 l'adresse \u00e9lectronique de Scolia indiqu\u00e9e au point 1 ci-dessus. Le retrait du consentement n'affecte pas la l\u00e9galit\u00e9 du traitement fond\u00e9 sur le consentement avant son retrait.<\/strong><\/td>\n<\/tr>\n<tr>\n<td width=\"30%\">Le p\u00e9rim\u00e8tre des donn\u00e9es trait\u00e9es par Scolia :<\/td>\n<td width=\"69%\">Donn\u00e9es de gr\u00e8ve relatives aux utilisateurs<\/td>\n<\/tr>\n<tr>\n<td width=\"30%\">Dur\u00e9e du traitement des donn\u00e9es :<\/td>\n<td width=\"69%\">Jusqu'au retrait du consentement.<\/td>\n<\/tr>\n<tr>\n<td width=\"30%\">Les cons\u00e9quences de l'absence de donn\u00e9es :<\/td>\n<td width=\"69%\">Scolia supprime les donn\u00e9es personnelles de l'utilisateur et anonymise les donn\u00e9es de gr\u00e8ve. Les donn\u00e9es anonymes ne seront utilis\u00e9es que pour les statistiques globales.<\/td>\n<\/tr>\n<\/tbody>\n<\/table>\n<table width=\"100%\">\n<tbody>\n<tr>\n<td width=\"30%\"><strong>\u00a0<\/strong><\/td>\n<td width=\"69%\"><strong>\u00a0<\/strong><\/td>\n<\/tr>\n<tr>\n<td width=\"30%\"><strong>Objectif du traitement des donn\u00e9es :<\/strong><\/td>\n<td width=\"69%\"><strong>V\u00e9rifier le respect du code de conduite<\/strong><\/td>\n<\/tr>\n<tr>\n<td width=\"30%\">Base juridique du traitement des donn\u00e9es :<\/td>\n<td width=\"69%\">Ex\u00e9cution du contrat conclu avec l'utilisateur (GDPR art. 6,1b)<\/td>\n<\/tr>\n<tr>\n<td width=\"30%\">Le p\u00e9rim\u00e8tre des donn\u00e9es trait\u00e9es par Scolia :<\/td>\n<td width=\"69%\">Historique des discussions dans le lobby, historique des messages directs, images du jeu de fl\u00e9chettes prises par la cam\u00e9ra<\/td>\n<\/tr>\n<tr>\n<td width=\"30%\">Dur\u00e9e du traitement des donn\u00e9es :<\/td>\n<td width=\"69%\">Pendant 5 ans \u00e0 compter de la r\u00e9siliation du contrat (suppression du compte d'utilisateur)<\/td>\n<\/tr>\n<tr>\n<td width=\"30%\">Les cons\u00e9quences de l'absence de donn\u00e9es :<\/td>\n<td width=\"69%\">Nous ne pouvons pas valider les plaintes pour infraction au code de conduite.<\/td>\n<\/tr>\n<\/tbody>\n<\/table>\n<ol start=\"4\">\n<li><strong>Transfert de donn\u00e9es<\/strong>\n<ul>\n<li><strong>Fournisseurs de services postaux et logistiques<\/strong>\n<ul>\n<li>La base juridique du transfert de donn\u00e9es en cas de recours \u00e0 un prestataire de services postaux universels (Magyar Posta Zrt.) est l'article 6, paragraphe 1, point e), du RGPD, \u00e0 la lumi\u00e8re des articles 6 et 18 de la loi sur les services postaux. 6,1e, \u00e0 la lumi\u00e8re des articles 6 et 18 de la loi postale, tandis que pour les services postaux ne relevant pas du service postal universel (Magyar Posta Zrt.), la transmission des donn\u00e9es est n\u00e9cessaire au respect des int\u00e9r\u00eats l\u00e9gitimes de Scolia et du prestataire de services postaux, ce qui se manifeste par le fait que, sans cela, l'ex\u00e9cution et la v\u00e9rification du contrat ne seraient pas possibles dans le cadre des conditions l\u00e9gales de prestation des services postaux.<\/li>\n<li>Si, pour des raisons ind\u00e9pendantes de la volont\u00e9 de Scolia, le service de messagerie choisi par l'Utilisateur n'est pas en mesure de livrer le produit command\u00e9 dans les d\u00e9lais indiqu\u00e9s lors de la commande ou dans la qualit\u00e9 attendue, Scolia transf\u00e9rera le(s) colis \u00e0 livrer \u00e0 un autre prestataire afin d'assurer la livraison dans les d\u00e9lais et transmettra les donn\u00e9es trait\u00e9es dans le cadre de la livraison, qui seront communiqu\u00e9es \u00e0 l'Utilisateur dans un autre e-mail, distinct de l'e-mail de livraison, indiquant le fait et la raison de ce changement.<\/li>\n<li>Les services fournis par les prestataires de services postaux \/ services de messagerie sont soumis \u00e0 leurs conditions g\u00e9n\u00e9rales et \u00e0 leurs r\u00e8gles de traitement des donn\u00e9es, que l'utilisateur accepte en acceptant la pr\u00e9sente politique de confidentialit\u00e9.<\/li>\n<li>Dans le cas des services postaux utilis\u00e9s pour livrer les produits command\u00e9s au lieu de livraison, le prestataire de services postaux peut traiter les donn\u00e9es \u00e0 caract\u00e8re personnel de l'utilisateur en tant que responsable du traitement conform\u00e9ment aux dispositions de la loi sur la poste (article 54) ; dans le cas des autres prestataires de services logistiques, les prestataires de services logistiques de la soci\u00e9t\u00e9 ne conservent les donn\u00e9es \u00e0 caract\u00e8re personnel de l'utilisateur que jusqu'\u00e0 la livraison des produits command\u00e9s, \u00e0 moins que la loi n'exige le stockage ult\u00e9rieur des donn\u00e9es de l'utilisateur par les prestataires de services logistiques dans le but de fournir des donn\u00e9es aux autorit\u00e9s (par exemple, les autorit\u00e9s fiscales).<\/li>\n<\/ul>\n<\/li>\n<\/ul>\n<\/li>\n<\/ol>\n<table width=\"100%\">\n<tbody>\n<tr>\n<td width=\"33%\"><strong>Nom du prestataire de services postaux<\/strong><\/td>\n<td width=\"33%\"><strong>Si\u00e8ge du prestataire de services postaux<\/strong><\/td>\n<td width=\"33%\"><strong>Activit\u00e9s de traitement des donn\u00e9es men\u00e9es par le prestataire de services postaux<\/strong><\/td>\n<\/tr>\n<tr>\n<td width=\"33%\">DHL Express Magyarorsz\u00e1g Kft.<\/td>\n<td width=\"33%\">1185 Budapest, BUD International AirportBuilding 302HUNGARY<\/td>\n<td width=\"33%\">Livraison de colis<\/td>\n<\/tr>\n<\/tbody>\n<\/table>\n<ul>\n<li><strong>Transmission des donn\u00e9es aux prestataires de services de paiement<\/strong>\n<ul>\n<li>Base juridique pour le transfert de donn\u00e9es GDPR art. 6,1b (ex\u00e9cution du contrat).<\/li>\n<li>Fournisseur de services de paiement par carte de cr\u00e9dit :\u00a0<strong>Stripe Payments Europe<\/strong><\/li>\n<li>Si\u00e8ge : 1, Lower Grand Canal Street, Dublin 2, Irlande<\/li>\n<\/ul>\n<\/li>\n<li><strong>Transfert des donn\u00e9es au fournisseur d'h\u00e9bergement<\/strong>\n<ul>\n<li>Fournisseur d'h\u00e9bergement : <strong>Google Ireland Ltd.<\/strong><\/li>\n<li>Si\u00e8ge : Google Building Gordon House, 4 Barrow St, Grand Canal Dock, Dublin 4, D04 V4X7, Irlande<\/li>\n<\/ul>\n<\/li>\n<\/ul>\n<ol start=\"10\">\n<li><strong>Droits de l'utilisateur<\/strong><\/li>\n<\/ol>\n<p style=\"padding-left: 40px;\">L'utilisateur a les droits suivants en ce qui concerne les donn\u00e9es \u00e0 caract\u00e8re personnel :<\/p>\n<ul>\n<li><strong>Droit d'acc\u00e8s<\/strong> - Vous pouvez demander \u00e0 Scolia des informations sur l'\u00e9tendue des donn\u00e9es trait\u00e9es \u00e0 votre sujet et demander l'acc\u00e8s \u00e0 vos donn\u00e9es personnelles. Le droit d'acc\u00e8s vous permet de savoir si vos donn\u00e9es personnelles sont trait\u00e9es et, le cas \u00e9ch\u00e9ant, d'avoir acc\u00e8s \u00e0 vos donn\u00e9es personnelles, de demander une copie de vos donn\u00e9es personnelles et de demander des informations \u00e0 Scolia sur le traitement.<\/li>\n<li><strong>Le droit de rectification - <\/strong>Vous avez le droit de demander \u00e0 Scolia de corriger toute donn\u00e9e personnelle que vous estimez inexacte. Vous avez \u00e9galement le droit de demander \u00e0 Scolia de compl\u00e9ter les donn\u00e9es personnelles que vous estimez incompl\u00e8tes.<\/li>\n<li><strong>Le droit \u00e0 l'effacement<\/strong> - Vous avez le droit de demander \u00e0 Scolia d'effacer vos donn\u00e9es personnelles, sous certaines conditions.<\/li>\n<li><strong>Le droit de restreindre le traitement<\/strong> - Vous avez le droit de demander \u00e0 Scolia de limiter le traitement de vos donn\u00e9es personnelles, sous certaines conditions.<\/li>\n<li><strong>Le droit de s'opposer au traitement<\/strong> - Vous avez le droit de vous opposer au traitement de vos donn\u00e9es personnelles par Scolia, sous certaines conditions.<\/li>\n<li><strong>Le droit \u00e0 la portabilit\u00e9 des donn\u00e9es - <\/strong>Vous avez le droit \u00e0 la portabilit\u00e9 des donn\u00e9es. Dans le cadre du droit \u00e0 la portabilit\u00e9 des donn\u00e9es, vous avez le droit de recevoir vos donn\u00e9es personnelles trait\u00e9es par Scolia dans un format structur\u00e9, couramment utilis\u00e9 et lisible par machine, et le droit de transmettre ces donn\u00e9es \u00e0 un autre responsable de traitement sans entrave de la part de Scolia. Lorsque cela est techniquement possible, l'utilisateur peut \u00e9galement demander \u00e0 Scolia de transf\u00e9rer vos donn\u00e9es \u00e0 caract\u00e8re personnel directement \u00e0 un autre responsable du traitement.<\/li>\n<li><strong>Le droit de retirer son consentement<\/strong> - Vous avez \u00e9galement le droit de retirer votre consentement ant\u00e9rieur au traitement des donn\u00e9es, que vous pouvez exercer \u00e0 tout moment, sans donner de raison et gratuitement. Veuillez noter que le retrait du consentement n'affecte pas la l\u00e9galit\u00e9 du traitement fond\u00e9 sur le consentement avant son retrait.<\/li>\n<li>Vous devez \u00e9galement savoir que certains de vos droits peuvent \u00eatre limit\u00e9s, en tout ou en partie, par des obligations l\u00e9gales ou des int\u00e9r\u00eats l\u00e9gitimes de Scolia.<\/li>\n<\/ul>\n<ol start=\"11\">\n<li><strong>Droit de d\u00e9poser une plainte, recours juridique<\/strong><\/li>\n<\/ol>\n<p style=\"padding-left: 40px;\">Si vous constatez une violation de vos droits dans le cadre du traitement des donn\u00e9es, vous disposez des options suivantes :<\/p>\n<ol>\n<li>contacter Scolia directement par courrier ou par e-mail aux coordonn\u00e9es indiqu\u00e9es dans la pr\u00e9sente politique de confidentialit\u00e9 ;<\/li>\n<li>peut intenter une action en justice en cas de traitement ill\u00e9gal de vos donn\u00e9es ou de violation de la s\u00e9curit\u00e9 de vos donn\u00e9es. Pour obtenir des informations sur la juridiction et les coordonn\u00e9es du tribunal, veuillez consulter : www.birosagok.hu<\/li>\n<li>peut d\u00e9poser une plainte aupr\u00e8s de l'autorit\u00e9 de contr\u00f4le concern\u00e9e, l'Autorit\u00e9 nationale pour la protection des donn\u00e9es et la libert\u00e9 d'information, si vous estimez que vos donn\u00e9es \u00e0 caract\u00e8re personnel font l'objet d'un traitement ill\u00e9gal. Coordonn\u00e9es de l'Autorit\u00e9 nationale pour la protection des donn\u00e9es et la libert\u00e9 d'information : H-1055 Budapest, Falk Miksa utca 9-11 Site web : www.naih.hu Courriel : <a href=\"mailto:ugyfelszolgalat@naih.hu\">ugyfelszolgalat@naih.hu<\/a><\/li>\n<li><strong>Modifications de l'avis de confidentialit\u00e9 et de l'avertissement<\/strong><\/li>\n<\/ol>\n<p>Scolia se r\u00e9serve le droit de modifier unilat\u00e9ralement et \u00e0 tout moment la pr\u00e9sente politique de confidentialit\u00e9.<\/p>\n<p>Derni\u00e8re mise \u00e0 jour : juin 2024<\/p>\n<p>Nom du contr\u00f4leur des donn\u00e9es : Scolia Technologies Ltd.<\/p>","protected":false},"excerpt":{"rendered":"<p>Recitals Scolia Technologies Ltd. (company registration number: 06-09-023973, seat: 6 Victor Hugo Street, 6720 Szeged, HUNGARY, hereinafter referred to as \u2019Scolia\u2019) is committed to protecting the privacy of users (hereinafter referred to as \u2018User or You\u2019) of this website (the \u2018Website\u2019) and will do everything in its power to ensure that Users\u2019 personal data is [&hellip;]<\/p>\n","protected":false},"author":1,"featured_media":0,"parent":0,"menu_order":0,"comment_status":"closed","ping_status":"closed","template":"","meta":{"inline_featured_image":false,"site-sidebar-layout":"default","site-content-layout":"","ast-site-content-layout":"default","site-content-style":"default","site-sidebar-style":"default","ast-global-header-display":"","ast-banner-title-visibility":"","ast-main-header-display":"","ast-hfb-above-header-display":"","ast-hfb-below-header-display":"","ast-hfb-mobile-header-display":"","site-post-title":"","ast-breadcrumbs-content":"","ast-featured-img":"","footer-sml-layout":"","ast-disable-related-posts":"","theme-transparent-header-meta":"default","adv-header-id-meta":"","stick-header-meta":"default","header-above-stick-meta":"","header-main-stick-meta":"","header-below-stick-meta":"","astra-migrate-meta-layouts":"set","ast-page-background-enabled":"default","ast-page-background-meta":{"desktop":{"background-color":"","background-image":"","background-repeat":"repeat","background-position":"center center","background-size":"auto","background-attachment":"scroll","background-type":"","background-media":"","overlay-type":"","overlay-color":"","overlay-opacity":"","overlay-gradient":""},"tablet":{"background-color":"","background-image":"","background-repeat":"repeat","background-position":"center center","background-size":"auto","background-attachment":"scroll","background-type":"","background-media":"","overlay-type":"","overlay-color":"","overlay-opacity":"","overlay-gradient":""},"mobile":{"background-color":"","background-image":"","background-repeat":"repeat","background-position":"center center","background-size":"auto","background-attachment":"scroll","background-type":"","background-media":"","overlay-type":"","overlay-color":"","overlay-opacity":"","overlay-gradient":""}},"ast-content-background-meta":{"desktop":{"background-color":"var(--ast-global-color-5)","background-image":"","background-repeat":"repeat","background-position":"center center","background-size":"auto","background-attachment":"scroll","background-type":"","background-media":"","overlay-type":"","overlay-color":"","overlay-opacity":"","overlay-gradient":""},"tablet":{"background-color":"var(--ast-global-color-5)","background-image":"","background-repeat":"repeat","background-position":"center center","background-size":"auto","background-attachment":"scroll","background-type":"","background-media":"","overlay-type":"","overlay-color":"","overlay-opacity":"","overlay-gradient":""},"mobile":{"background-color":"var(--ast-global-color-5)","background-image":"","background-repeat":"repeat","background-position":"center center","background-size":"auto","background-attachment":"scroll","background-type":"","background-media":"","overlay-type":"","overlay-color":"","overlay-opacity":"","overlay-gradient":""}},"footnotes":""},"class_list":["post-71797","page","type-page","status-publish","hentry"],"aioseo_notices":[],"_links":{"self":[{"href":"https:\/\/scoliadarts.com\/fr\/wp-json\/wp\/v2\/pages\/71797","targetHints":{"allow":["GET"]}}],"collection":[{"href":"https:\/\/scoliadarts.com\/fr\/wp-json\/wp\/v2\/pages"}],"about":[{"href":"https:\/\/scoliadarts.com\/fr\/wp-json\/wp\/v2\/types\/page"}],"author":[{"embeddable":true,"href":"https:\/\/scoliadarts.com\/fr\/wp-json\/wp\/v2\/users\/1"}],"replies":[{"embeddable":true,"href":"https:\/\/scoliadarts.com\/fr\/wp-json\/wp\/v2\/comments?post=71797"}],"version-history":[{"count":0,"href":"https:\/\/scoliadarts.com\/fr\/wp-json\/wp\/v2\/pages\/71797\/revisions"}],"wp:attachment":[{"href":"https:\/\/scoliadarts.com\/fr\/wp-json\/wp\/v2\/media?parent=71797"}],"curies":[{"name":"wp","href":"https:\/\/api.w.org\/{rel}","templated":true}]}}