{"id":62894,"date":"2025-11-05T16:42:29","date_gmt":"2025-11-05T15:42:29","guid":{"rendered":"https:\/\/scoliadarts.com\/?page_id=62894"},"modified":"2026-03-31T09:31:10","modified_gmt":"2026-03-31T07:31:10","slug":"usermanual","status":"publish","type":"page","link":"https:\/\/scoliadarts.com\/fr\/social\/usermanual\/","title":{"rendered":"Manuel de l'utilisateur"},"content":{"rendered":"<div data-elementor-type=\"wp-page\" data-elementor-id=\"62894\" class=\"elementor elementor-62894\" data-elementor-post-type=\"page\">\n\t\t\t\t<div class=\"elementor-element elementor-element-b1a42ab e-con-full e-flex e-con e-parent\" data-id=\"b1a42ab\" data-element_type=\"container\" data-e-type=\"container\" data-settings=\"{&quot;background_background&quot;:&quot;classic&quot;}\">\n\t\t\t\t<\/div>\n\t\t<div class=\"elementor-element elementor-element-9ff29ec e-con-full e-flex e-con e-parent\" data-id=\"9ff29ec\" data-element_type=\"container\" data-e-type=\"container\" data-settings=\"{&quot;background_background&quot;:&quot;classic&quot;}\">\n\t\t<div class=\"elementor-element elementor-element-d018726 belso-banner e-flex e-con-boxed e-con e-child\" data-id=\"d018726\" data-element_type=\"container\" data-e-type=\"container\">\n\t\t\t\t\t<div class=\"e-con-inner\">\n\t\t\t\t<div class=\"elementor-element elementor-element-4f8dd49 elementor-widget elementor-widget-html\" data-id=\"4f8dd49\" data-element_type=\"widget\" data-e-type=\"widget\" data-widget_type=\"html.default\">\n\t\t\t\t<div class=\"elementor-widget-container\">\n\t\t\t\t\t<style>\r\nh1, h2, h3, h4, h5 {\r\n  text-transform: none !important;\r\n}\r\n\r\n@media (max-width: 767px) {\r\n  p {\r\n    font-size: 1.1em !important;\r\n  }\r\n}\r\n\r\np {\r\n  hyphens: auto;\r\n  -webkit-hyphens: auto;\r\n  -ms-hyphens: auto;\r\n  overflow-wrap: normal;\r\n  word-break: normal;\r\n}\r\n\r\n@-moz-document url-prefix() {\r\n  p {\r\n    hyphens: auto;\r\n  }\r\n}\r\n<\/style>\r\n\t\t\t\t<\/div>\n\t\t\t\t<\/div>\n\t\t\t\t<div class=\"elementor-element elementor-element-05bb509 elementor-widget elementor-widget-heading\" data-id=\"05bb509\" data-element_type=\"widget\" data-e-type=\"widget\" data-settings=\"{&quot;_animation&quot;:&quot;none&quot;}\" data-widget_type=\"heading.default\">\n\t\t\t\t<div class=\"elementor-widget-container\">\n\t\t\t\t\t<h2 class=\"elementor-heading-title elementor-size-default\">Manuel de l'utilisateur<\/h2>\t\t\t\t<\/div>\n\t\t\t\t<\/div>\n\t\t\t\t<div class=\"elementor-element elementor-element-ea2a9a3 elementor-widget elementor-widget-text-editor\" data-id=\"ea2a9a3\" data-element_type=\"widget\" data-e-type=\"widget\" data-widget_type=\"text-editor.default\">\n\t\t\t\t<div class=\"elementor-widget-container\">\n\t\t\t\t\t\t\t\t\t<p>Suivez ce guide pour configurer rapidement votre syst\u00e8me Scolia Social.<\/p><h3>Assemblage de l'appareil<\/h3><p>Avant d'installer la Social Box, assurez-vous que votre syst\u00e8me Scolia est d\u00e9j\u00e0 install\u00e9 et fonctionne. Vous trouverez les manuels d'installation de Scolia dans votre emballage ou en ligne <a href=\"https:\/\/scoliadarts.com\/fr\/user-manuals\/\">ici<\/a>. Une fois que votre syst\u00e8me Scolia est op\u00e9rationnel, vous pouvez proc\u00e9der \u00e0 l'installation de la Social Box.<\/p><p>La Social Box n'a pas besoin d'\u00eatre physiquement connect\u00e9e \u00e0 la carte Scolia. La Social Box communique avec le tableau Scolia existant via Internet, tant que les deux appareils sont en ligne.<\/p><h4>Mise en place de votre Social Box :<\/h4><ol><li>Branchez le bloc d'alimentation dans la Social Box.<\/li><li>Connectez la Social Box \u00e0 Internet \u00e0 l'aide d'un c\u00e2ble Ethernet.<\/li><li>Branchez la Social Box sur votre t\u00e9l\u00e9viseur \u00e0 l'aide du c\u00e2ble HDMI fourni.<\/li><li>Allumez la Social Box et votre TV - elle s'initialisera automatiquement et lancera l'affichage de Scolia Social.<\/li><li>Prenez une tablette et scannez le code QR affich\u00e9 sur votre t\u00e9l\u00e9viseur. La session d\u00e9marre automatiquement et vous \u00eates pr\u00eat \u00e0 jouer !<\/li><\/ol><h4>Inscription \u00e0 la Social Box<\/h4><p>Pour commencer \u00e0 jouer avec Scolia Social, vous devez enregistrer la Social Box et l'attacher \u00e0 un tableau \u00e0 l'adresse suivante\u00a0<a href=\"http:\/\/game.scoliadarts.com\" target=\"_blank\" rel=\"noopener\">game.scoliadarts.com<\/a>. Pour l'instant, cette op\u00e9ration est effectu\u00e9e manuellement lorsque vous commandez la Social Box. Veuillez donc contacter votre charg\u00e9 de client\u00e8le pour vous assurer que cette op\u00e9ration a bien \u00e9t\u00e9 effectu\u00e9e.<\/p><h4>Activating Your Social Subscription<\/h4><p>Once the Social Box is attached to your board, navigate to the Board Details page in My Boards menu. If the device is recognized correctly, you will see the Social ready badge displayed on your board&#8217;s profile.<\/p><p>To get started:<\/p><ol><li>Click on the Subscribe button to open the subscription panel.<\/li><li>Fill out the form and complete the checkout process.<\/li><li>Once your subscription is confirmed, your board is immediately ready to use Social Games.<\/li><\/ol><p>Note: If the Social Ready badge does not appear on your Board&#8217;s profile, please contact your account representative to ensure the Social Box has been correctly added to your Board.<\/p><h4>Installation sur votre tablette<\/h4><ul><li>Sur votre tablette, scannez le code QR ou rendez-vous \u00e0 l'adresse suivante <a href=\"https:\/\/social.scoliadarts.com\" target=\"_blank\" rel=\"noopener\">social.scoliadarts.com<\/a> et entrez le code affich\u00e9 sur votre t\u00e9l\u00e9viseur.<\/li><li>Pour une exp\u00e9rience plus fluide, nous vous recommandons d'enregistrer l'application web en tant que PWA (Progressive Web App) sur l'\u00e9cran d'accueil de votre tablette.<\/li><li>Vous pouvez associer la tablette au dispositif d'affichage afin que les utilisateurs n'aient pas \u00e0 les reconnecter \u00e0 chaque fois que le syst\u00e8me d\u00e9marre. C'est ce que nous appelons le mode dispositif fixe.<\/li><\/ul>\t\t\t\t\t\t\t\t<\/div>\n\t\t\t\t<\/div>\n\t\t\t\t<div class=\"elementor-element elementor-element-5dd7fc0 elementor-widget elementor-widget-heading\" data-id=\"5dd7fc0\" data-element_type=\"widget\" data-e-type=\"widget\" data-widget_type=\"heading.default\">\n\t\t\t\t<div class=\"elementor-widget-container\">\n\t\t\t\t\t<h3 class=\"elementor-heading-title elementor-size-default\">Mode dispositif fixe\n<\/h3>\t\t\t\t<\/div>\n\t\t\t\t<\/div>\n\t\t\t\t<div class=\"elementor-element elementor-element-b722650 elementor-widget elementor-widget-text-editor\" data-id=\"b722650\" data-element_type=\"widget\" data-e-type=\"widget\" data-widget_type=\"text-editor.default\">\n\t\t\t\t<div class=\"elementor-widget-container\">\n\t\t\t\t\t\t\t\t\t<p>Vous pouvez associer le dispositif de configuration au dispositif d'affichage afin que les utilisateurs n'aient pas \u00e0 les reconnecter \u00e0 chaque d\u00e9marrage du syst\u00e8me. C'est ce que nous appelons le mode dispositif fixe. Une fois le mode dispositif fixe configur\u00e9, il suffit d'allumer la Social Box pour que le dispositif de configuration s'y connecte automatiquement, sans qu'il soit n\u00e9cessaire de saisir \u00e0 nouveau le code.<\/p>\t\t\t\t\t\t\t\t<\/div>\n\t\t\t\t<\/div>\n\t\t\t\t<div class=\"elementor-element elementor-element-c5887ad elementor-widget elementor-widget-image\" data-id=\"c5887ad\" data-element_type=\"widget\" data-e-type=\"widget\" data-widget_type=\"image.default\">\n\t\t\t\t<div class=\"elementor-widget-container\">\n\t\t\t\t\t\t\t\t\t\t\t\t\t\t\t<img decoding=\"async\" width=\"1116\" height=\"707\" src=\"https:\/\/scoliadarts.com\/wp-content\/uploads\/2025\/11\/DisplayCodeBlackShadow.png\" class=\"attachment-full size-full wp-image-63670\" alt=\"Code d&#039;affichage\" srcset=\"https:\/\/scoliadarts.com\/wp-content\/uploads\/2025\/11\/DisplayCodeBlackShadow.png 1116w, https:\/\/scoliadarts.com\/wp-content\/uploads\/2025\/11\/DisplayCodeBlackShadow-300x190.png 300w, https:\/\/scoliadarts.com\/wp-content\/uploads\/2025\/11\/DisplayCodeBlackShadow-1024x649.png 1024w, https:\/\/scoliadarts.com\/wp-content\/uploads\/2025\/11\/DisplayCodeBlackShadow-768x487.png 768w, https:\/\/scoliadarts.com\/wp-content\/uploads\/2025\/11\/DisplayCodeBlackShadow-600x380.png 600w\" sizes=\"(max-width: 1116px) 100vw, 1116px\" \/>\t\t\t\t\t\t\t\t\t\t\t\t\t\t\t<\/div>\n\t\t\t\t<\/div>\n\t\t\t\t<div class=\"elementor-element elementor-element-5bca6de elementor-widget elementor-widget-text-editor\" data-id=\"5bca6de\" data-element_type=\"widget\" data-e-type=\"widget\" data-widget_type=\"text-editor.default\">\n\t\t\t\t<div class=\"elementor-widget-container\">\n\t\t\t\t\t\t\t\t\t<p>Lorsque vous \u00eates sur l'\u00e9cran d'introduction, au lieu d'entrer le code de l'appareil d'affichage, utilisez le code suivant : <strong>SC0LI4<\/strong>. Veuillez noter que <strong>0<\/strong> est le nombre z\u00e9ro et <strong>4<\/strong> est le chiffre quatre. Ensuite, entrez le num\u00e9ro de s\u00e9rie de votre syst\u00e8me Scolia dans le champ de saisie et cliquez sur <strong>Set (jeu de mots)<\/strong>.<\/p><p>Cette op\u00e9ration permet d'activer le mode dispositif fixe. Si vous souhaitez supprimer le num\u00e9ro de s\u00e9rie et d\u00e9sactiver le mode dispositif fixe, commencez par \u00e9teindre et rallumer la Social Box. Ensuite, entrez<strong> SC0LI4<\/strong> et supprimez le num\u00e9ro de s\u00e9rie. Le syst\u00e8me reviendra ainsi au mode par d\u00e9faut.<\/p>\t\t\t\t\t\t\t\t<\/div>\n\t\t\t\t<\/div>\n\t\t<div class=\"elementor-element elementor-element-3e6cfbc e-con-full e-flex e-con e-child\" data-id=\"3e6cfbc\" data-element_type=\"container\" data-e-type=\"container\">\n\t\t\t\t<div class=\"elementor-element elementor-element-f9a18c5 elementor-widget elementor-widget-image\" data-id=\"f9a18c5\" data-element_type=\"widget\" data-e-type=\"widget\" data-widget_type=\"image.default\">\n\t\t\t\t<div class=\"elementor-widget-container\">\n\t\t\t\t\t\t\t\t\t\t\t\t\t\t\t<img decoding=\"async\" width=\"374\" height=\"379\" src=\"https:\/\/scoliadarts.com\/wp-content\/uploads\/2025\/11\/SerialNumberInputBlackShadow.png\" class=\"attachment-large size-large wp-image-63669\" alt=\"Num\u00e9ro de s\u00e9rie\" srcset=\"https:\/\/scoliadarts.com\/wp-content\/uploads\/2025\/11\/SerialNumberInputBlackShadow.png 374w, https:\/\/scoliadarts.com\/wp-content\/uploads\/2025\/11\/SerialNumberInputBlackShadow-296x300.png 296w, https:\/\/scoliadarts.com\/wp-content\/uploads\/2025\/11\/SerialNumberInputBlackShadow-100x100.png 100w, https:\/\/scoliadarts.com\/wp-content\/uploads\/2025\/11\/SerialNumberInputBlackShadow-32x32.png 32w\" sizes=\"(max-width: 374px) 100vw, 374px\" \/>\t\t\t\t\t\t\t\t\t\t\t\t\t\t\t<\/div>\n\t\t\t\t<\/div>\n\t\t\t\t<\/div>\n\t\t\t\t<div class=\"elementor-element elementor-element-a0de445 elementor-widget elementor-widget-heading\" data-id=\"a0de445\" data-element_type=\"widget\" data-e-type=\"widget\" data-widget_type=\"heading.default\">\n\t\t\t\t<div class=\"elementor-widget-container\">\n\t\t\t\t\t<h4 class=\"elementor-heading-title elementor-size-default\">Mode kiosque\n<\/h4>\t\t\t\t<\/div>\n\t\t\t\t<\/div>\n\t\t\t\t<div class=\"elementor-element elementor-element-5a8ebec elementor-widget elementor-widget-text-editor\" data-id=\"5a8ebec\" data-element_type=\"widget\" data-e-type=\"widget\" data-widget_type=\"text-editor.default\">\n\t\t\t\t<div class=\"elementor-widget-container\">\n\t\t\t\t\t\t\t\t\t<p>Le mode kiosque est id\u00e9al pour les salles et les bars afin d'\u00e9viter toute mauvaise configuration accidentelle de la tablette. Vous pouvez configurer la tablette de fa\u00e7on \u00e0 ce qu'elle ne fonctionne qu'avec le Scolia Social Configurator, garantissant ainsi que les joueurs ne peuvent acc\u00e9der \u00e0 rien d'autre.<\/p><p>Il est important de noter que si l'\u00e9pinglage d'\u00e9cran d'Android est un outil utile pour l'utilisation d'une seule application, il pr\u00e9sente certaines limites par rapport \u00e0 l'acc\u00e8s guid\u00e9 d'iOS. Par exemple, il ne permet pas de d\u00e9finir un mot de passe unique pour l'\u00e9cran \u00e9pingl\u00e9 ; toute personne poss\u00e9dant le mot de passe de l'appareil principal peut d\u00e9s\u00e9pingler l'application. En outre, il n'emp\u00eache pas les utilisateurs de r\u00e9gler le volume, d'\u00e9teindre l'\u00e9cran ou d'acc\u00e9der \u00e0 certaines zones de l'\u00e9cran.<\/p>\t\t\t\t\t\t\t\t<\/div>\n\t\t\t\t<\/div>\n\t\t\t\t<div class=\"elementor-element elementor-element-77c03c6 elementor-widget elementor-widget-heading\" data-id=\"77c03c6\" data-element_type=\"widget\" data-e-type=\"widget\" data-settings=\"{&quot;_animation&quot;:&quot;none&quot;}\" data-widget_type=\"heading.default\">\n\t\t\t\t<div class=\"elementor-widget-container\">\n\t\t\t\t\t<h4 class=\"elementor-heading-title elementor-size-default\">Acc\u00e8s guid\u00e9 iOS\n<\/h4>\t\t\t\t<\/div>\n\t\t\t\t<\/div>\n\t\t\t\t<div class=\"elementor-element elementor-element-49ef53e elementor-widget elementor-widget-text-editor\" data-id=\"49ef53e\" data-element_type=\"widget\" data-e-type=\"widget\" data-widget_type=\"text-editor.default\">\n\t\t\t\t<div class=\"elementor-widget-container\">\n\t\t\t\t\t\t\t\t\t<ol><li>Allez dans Param\u00e8tres &gt; Accessibilit\u00e9, puis activez l'acc\u00e8s guid\u00e9.<\/li><li>Tapez sur Param\u00e8tres du code, puis sur D\u00e9finir le code d'acc\u00e8s guid\u00e9.<\/li><li>Saisissez un code d'acc\u00e8s, puis saisissez-le \u00e0 nouveau. \u00c0 partir d'ici, vous pouvez \u00e9galement activer Face ID ou Touch ID comme moyen de mettre fin \u00e0 une session d'acc\u00e8s guid\u00e9.<\/li><\/ol>\t\t\t\t\t\t\t\t<\/div>\n\t\t\t\t<\/div>\n\t\t\t\t<div class=\"elementor-element elementor-element-caa6a64 elementor-widget elementor-widget-image\" data-id=\"caa6a64\" data-element_type=\"widget\" data-e-type=\"widget\" data-widget_type=\"image.default\">\n\t\t\t\t<div class=\"elementor-widget-container\">\n\t\t\t\t\t\t\t\t\t\t\t\t\t\t\t<img decoding=\"async\" width=\"1024\" height=\"712\" src=\"https:\/\/scoliadarts.com\/wp-content\/uploads\/2025\/11\/Guided-Access-min-1024x712.jpg\" class=\"attachment-large size-large wp-image-63621\" alt=\"Acc\u00e8s guid\u00e9\" srcset=\"https:\/\/scoliadarts.com\/wp-content\/uploads\/2025\/11\/Guided-Access-min-1024x712.jpg 1024w, https:\/\/scoliadarts.com\/wp-content\/uploads\/2025\/11\/Guided-Access-min-300x208.jpg 300w, https:\/\/scoliadarts.com\/wp-content\/uploads\/2025\/11\/Guided-Access-min-768x534.jpg 768w, https:\/\/scoliadarts.com\/wp-content\/uploads\/2025\/11\/Guided-Access-min-1536x1067.jpg 1536w, https:\/\/scoliadarts.com\/wp-content\/uploads\/2025\/11\/Guided-Access-min-2048x1423.jpg 2048w, https:\/\/scoliadarts.com\/wp-content\/uploads\/2025\/11\/Guided-Access-min-600x417.jpg 600w\" sizes=\"(max-width: 1024px) 100vw, 1024px\" \/>\t\t\t\t\t\t\t\t\t\t\t\t\t\t\t<\/div>\n\t\t\t\t<\/div>\n\t\t\t\t<div class=\"elementor-element elementor-element-f7403a4 elementor-widget elementor-widget-heading\" data-id=\"f7403a4\" data-element_type=\"widget\" data-e-type=\"widget\" data-widget_type=\"heading.default\">\n\t\t\t\t<div class=\"elementor-widget-container\">\n\t\t\t\t\t<h5 class=\"elementor-heading-title elementor-size-default\">D\u00e9marrer une session d'acc\u00e8s guid\u00e9 \n\n<\/h5>\t\t\t\t<\/div>\n\t\t\t\t<\/div>\n\t\t\t\t<div class=\"elementor-element elementor-element-5cef2f0 elementor-widget elementor-widget-text-editor\" data-id=\"5cef2f0\" data-element_type=\"widget\" data-e-type=\"widget\" data-widget_type=\"text-editor.default\">\n\t\t\t\t<div class=\"elementor-widget-container\">\n\t\t\t\t\t\t\t\t\t<ol><li>Ouvrez l'application souhait\u00e9e.<\/li><li>Sur un iPhone X ou ult\u00e9rieur, triple-cliquez sur le bouton lat\u00e9ral. Sur un iPhone 8 ou ult\u00e9rieur, triple-cliquez sur le bouton d'accueil.<\/li><li>Si vous souhaitez que certaines parties de votre \u00e9cran ne r\u00e9agissent plus au toucher, utilisez un doigt pour entourer ces zones. Vous pouvez d\u00e9placer ou redimensionner le cercle, ou appuyer sur le X pour le supprimer.<\/li><li>Appuyez sur Acc\u00e8s guid\u00e9, puis sur D\u00e9marrer.<\/li><\/ol>\t\t\t\t\t\t\t\t<\/div>\n\t\t\t\t<\/div>\n\t\t\t\t<div class=\"elementor-element elementor-element-f6bd5db elementor-widget elementor-widget-heading\" data-id=\"f6bd5db\" data-element_type=\"widget\" data-e-type=\"widget\" data-widget_type=\"heading.default\">\n\t\t\t\t<div class=\"elementor-widget-container\">\n\t\t\t\t\t<h5 class=\"elementor-heading-title elementor-size-default\">Terminer une session d'acc\u00e8s guid\u00e9\n\n<\/h5>\t\t\t\t<\/div>\n\t\t\t\t<\/div>\n\t\t\t\t<div class=\"elementor-element elementor-element-9c3a37e elementor-widget elementor-widget-text-editor\" data-id=\"9c3a37e\" data-element_type=\"widget\" data-e-type=\"widget\" data-widget_type=\"text-editor.default\">\n\t\t\t\t<div class=\"elementor-widget-container\">\n\t\t\t\t\t\t\t\t\t<ol><li>Triple-cliquez sur le bouton lat\u00e9ral ou d'accueil, saisissez votre code d'acc\u00e8s \u00e0 l'acc\u00e8s guid\u00e9, puis appuyez sur Fin. Ou si vous avez activ\u00e9 Touch ID ou Face ID pour Guided Access, double-cliquez sur le bouton lat\u00e9ral ou d'accueil.<\/li><\/ol><p>R\u00e9f\u00e9rence : <a href=\"https:\/\/support.apple.com\/en-us\/111795\">https:\/\/support.apple.com\/en-us\/111795<\/a><\/p>\t\t\t\t\t\t\t\t<\/div>\n\t\t\t\t<\/div>\n\t\t\t\t<div class=\"elementor-element elementor-element-03b5466 elementor-widget elementor-widget-heading\" data-id=\"03b5466\" data-element_type=\"widget\" data-e-type=\"widget\" data-settings=\"{&quot;_animation&quot;:&quot;none&quot;}\" data-widget_type=\"heading.default\">\n\t\t\t\t<div class=\"elementor-widget-container\">\n\t\t\t\t\t<h4 class=\"elementor-heading-title elementor-size-default\">\u00c9crans d'\u00e9pinglage et de d\u00e9s\u00e9pinglage Android\n<\/h4>\t\t\t\t<\/div>\n\t\t\t\t<\/div>\n\t\t\t\t<div class=\"elementor-element elementor-element-85de06d elementor-widget elementor-widget-text-editor\" data-id=\"85de06d\" data-element_type=\"widget\" data-e-type=\"widget\" data-widget_type=\"text-editor.default\">\n\t\t\t\t<div class=\"elementor-widget-container\">\n\t\t\t\t\t\t\t\t\t<p>R\u00e9f\u00e9rence : <a href=\"https:\/\/support.google.com\/android\/answer\/9455138?hl=en#zippy=%2Cif-youre-using-android-below\">https:\/\/support.google.com\/android\/answer\/9455138?hl=en#zippy=%2Cif-youre-using-android-below<\/a><\/p>\t\t\t\t\t\t\t\t<\/div>\n\t\t\t\t<\/div>\n\t\t\t\t\t<\/div>\n\t\t\t\t<\/div>\n\t\t\t\t<\/div>\n\t\t\t\t<\/div>","protected":false},"excerpt":{"rendered":"<p>User Manual Follow this guide to set up your Scolia Social system quickly. Assembling Your Unit Before installing the Social Box, make sure that your Scolia system is already installed and working. You can find the Scolia setup manuals in your package or online here. Once your Scolia system is operational, you can proceed with [&hellip;]<\/p>\n","protected":false},"author":2,"featured_media":0,"parent":63899,"menu_order":0,"comment_status":"closed","ping_status":"closed","template":"","meta":{"inline_featured_image":false,"site-sidebar-layout":"no-sidebar","site-content-layout":"page-builder","ast-site-content-layout":"full-width-container","site-content-style":"default","site-sidebar-style":"default","ast-global-header-display":"","ast-banner-title-visibility":"","ast-main-header-display":"","ast-hfb-above-header-display":"","ast-hfb-below-header-display":"","ast-hfb-mobile-header-display":"","site-post-title":"disabled","ast-breadcrumbs-content":"","ast-featured-img":"disabled","footer-sml-layout":"","ast-disable-related-posts":"","theme-transparent-header-meta":"default","adv-header-id-meta":"","stick-header-meta":"default","header-above-stick-meta":"","header-main-stick-meta":"","header-below-stick-meta":"","astra-migrate-meta-layouts":"set","ast-page-background-enabled":"default","ast-page-background-meta":{"desktop":{"background-color":"","background-image":"","background-repeat":"repeat","background-position":"center center","background-size":"auto","background-attachment":"scroll","background-type":"","background-media":"","overlay-type":"","overlay-color":"","overlay-opacity":"","overlay-gradient":""},"tablet":{"background-color":"","background-image":"","background-repeat":"repeat","background-position":"center center","background-size":"auto","background-attachment":"scroll","background-type":"","background-media":"","overlay-type":"","overlay-color":"","overlay-opacity":"","overlay-gradient":""},"mobile":{"background-color":"","background-image":"","background-repeat":"repeat","background-position":"center center","background-size":"auto","background-attachment":"scroll","background-type":"","background-media":"","overlay-type":"","overlay-color":"","overlay-opacity":"","overlay-gradient":""}},"ast-content-background-meta":{"desktop":{"background-color":"var(--ast-global-color-5)","background-image":"","background-repeat":"repeat","background-position":"center center","background-size":"auto","background-attachment":"scroll","background-type":"","background-media":"","overlay-type":"","overlay-color":"","overlay-opacity":"","overlay-gradient":""},"tablet":{"background-color":"var(--ast-global-color-5)","background-image":"","background-repeat":"repeat","background-position":"center center","background-size":"auto","background-attachment":"scroll","background-type":"","background-media":"","overlay-type":"","overlay-color":"","overlay-opacity":"","overlay-gradient":""},"mobile":{"background-color":"var(--ast-global-color-5)","background-image":"","background-repeat":"repeat","background-position":"center center","background-size":"auto","background-attachment":"scroll","background-type":"","background-media":"","overlay-type":"","overlay-color":"","overlay-opacity":"","overlay-gradient":""}},"footnotes":""},"class_list":["post-62894","page","type-page","status-publish","hentry"],"aioseo_notices":[],"_links":{"self":[{"href":"https:\/\/scoliadarts.com\/fr\/wp-json\/wp\/v2\/pages\/62894","targetHints":{"allow":["GET"]}}],"collection":[{"href":"https:\/\/scoliadarts.com\/fr\/wp-json\/wp\/v2\/pages"}],"about":[{"href":"https:\/\/scoliadarts.com\/fr\/wp-json\/wp\/v2\/types\/page"}],"author":[{"embeddable":true,"href":"https:\/\/scoliadarts.com\/fr\/wp-json\/wp\/v2\/users\/2"}],"replies":[{"embeddable":true,"href":"https:\/\/scoliadarts.com\/fr\/wp-json\/wp\/v2\/comments?post=62894"}],"version-history":[{"count":0,"href":"https:\/\/scoliadarts.com\/fr\/wp-json\/wp\/v2\/pages\/62894\/revisions"}],"up":[{"embeddable":true,"href":"https:\/\/scoliadarts.com\/fr\/wp-json\/wp\/v2\/pages\/63899"}],"wp:attachment":[{"href":"https:\/\/scoliadarts.com\/fr\/wp-json\/wp\/v2\/media?parent=62894"}],"curies":[{"name":"wp","href":"https:\/\/api.w.org\/{rel}","templated":true}]}}