{"id":3,"date":"2019-04-15T12:13:08","date_gmt":"2019-04-15T12:13:08","guid":{"rendered":"https:\/\/scoliadarts.com\/?page_id=3"},"modified":"2023-06-01T06:31:52","modified_gmt":"2023-06-01T06:31:52","slug":"privacy-policy","status":"publish","type":"page","link":"https:\/\/scoliadarts.com\/fr\/privacy-policy\/","title":{"rendered":"Politique de confidentialit\u00e9 v1"},"content":{"rendered":"<header class=\"entry-header ast-no-thumbnail ast-no-meta\">\n<h1 class=\"entry-title\">SCOLIA TECHNOLOGIES LTD Politique de confidentialit\u00e9<\/h1>\n<\/header>\n<div class=\"entry-content clear\">\n<p>SCOLIA Technologies Ltd. est une soci\u00e9t\u00e9 priv\u00e9e. Cette politique de confidentialit\u00e9 explique comment notre organisation utilise les donn\u00e9es personnelles que nous recueillons aupr\u00e8s de vous lorsque vous utilisez notre site web.<\/p>\n<h2>Th\u00e8mes :<\/h2>\n<ul>\n<li>Quelles sont les donn\u00e9es collect\u00e9es ?<\/li>\n<li>Comment recueillons-nous vos donn\u00e9es ?<\/li>\n<li>Comment utiliserons-nous vos donn\u00e9es ?<\/li>\n<li>Comment conservons-nous vos donn\u00e9es ?<\/li>\n<li>Marketing<\/li>\n<li>Quels sont vos droits en mati\u00e8re de protection des donn\u00e9es ?<\/li>\n<li>Qu'est-ce qu'un biscuit ?<\/li>\n<li>Comment utilisons-nous les cookies ?<\/li>\n<li>Quels types de cookies utilisons-nous ?<\/li>\n<li>Comment g\u00e9rer vos cookies<\/li>\n<li>Politiques de confidentialit\u00e9 d'autres sites web<\/li>\n<li>Modifications de notre politique de confidentialit\u00e9<\/li>\n<li>Comment nous contacter<\/li>\n<li>Comment contacter les autorit\u00e9s comp\u00e9tentes<\/li>\n<\/ul>\n<h2><strong>Quelles sont les donn\u00e9es collect\u00e9es ?<\/strong><\/h2>\n<p>SCOLIA Technologies Ltd. collecte les donn\u00e9es suivantes :<\/p>\n<ul>\n<li>Informations d'identification personnelle (nom, adresse \u00e9lectronique, adresse, num\u00e9ro de t\u00e9l\u00e9phone, etc.)<\/li>\n<li>Enregistrements de scores personnels pour l'analyse statistique<\/li>\n<\/ul>\n<h2><strong>Comment recueillons-nous vos donn\u00e9es ?<\/strong><\/h2>\n<p>Vous fournissez directement \u00e0 SCOLIA Technologies Ltd. la plupart des donn\u00e9es que nous collectons. Nous collectons et traitons des donn\u00e9es lorsque vous :<\/p>\n<ul>\n<li>S'inscrire en ligne ou passer une commande pour l'un de nos produits ou services.<\/li>\n<li>R\u00e9pondre volontairement \u00e0 une enqu\u00eate aupr\u00e8s des clients ou fournir un retour d'information sur l'un de nos tableaux d'affichage ou par courrier \u00e9lectronique.<\/li>\n<li>Utiliser ou consulter notre site web via les cookies de votre navigateur.<\/li>\n<li>Utiliser notre service de jeu sous le nom de domaine game.scoliadarts.com<\/li>\n<\/ul>\n<p>SCOLIA Technologies Ltd. peut \u00e9galement recevoir vos donn\u00e9es indirectement des sources suivantes :<\/p>\n<ul>\n<li>Donn\u00e9es statistiques des parties jou\u00e9es sur votre plateau par d'autres joueurs<\/li>\n<\/ul>\n<h2><strong>Comment utiliserons-nous vos donn\u00e9es ?<\/strong><\/h2>\n<p>SCOLIA Technologies Ltd. recueille vos donn\u00e9es afin de pouvoir :<\/p>\n<ul>\n<li>Traiter votre commande et g\u00e9rer votre compte.<\/li>\n<li>Vous envoyer par e-mail des offres sp\u00e9ciales sur d'autres produits et services que nous pensons susceptibles de vous int\u00e9resser.<\/li>\n<li>Afficher votre historique de jeu et vos dossiers personnels sur les syst\u00e8mes Scolia<\/li>\n<\/ul>\n<p>Lorsque SCOLIA Technologies Ltd. traite votre commande, elle peut envoyer vos donn\u00e9es \u00e0 des agences de r\u00e9f\u00e9rence en mati\u00e8re de cr\u00e9dit et utiliser les informations qui en r\u00e9sultent afin de pr\u00e9venir les achats frauduleux.<\/p>\n<h2><strong>Comment conservons-nous vos donn\u00e9es ?<\/strong><\/h2>\n<p>SCOLIA Technologies Ltd. stocke vos donn\u00e9es de mani\u00e8re s\u00e9curis\u00e9e sur Google Cloud Platform, principalement h\u00e9berg\u00e9e en Belgique.<\/p>\n<p>SCOLIA Technologies Ltd. conservera vos donn\u00e9es personnelles et vos donn\u00e9es de jeu jusqu'\u00e0 ce que vous d\u00e9cidiez de les supprimer lors de l'annulation de votre inscription. Une fois que vous avez annul\u00e9 votre inscription et que vous n'avez plus le droit d'acc\u00e9der aux services de Scolia, nous supprimerons automatiquement vos donn\u00e9es dans un d\u00e9lai de 30 jours. Les statistiques de jeu seront rendues anonymes et utilis\u00e9es pour des donn\u00e9es statistiques globales.<\/p>\n<h2><strong>Marketing<\/strong><\/h2>\n<p>SCOLIA Technologies Ltd. souhaite vous envoyer des informations sur nos produits et services que nous pensons susceptibles de vous int\u00e9resser, ainsi que sur ceux de nos partenaires.<\/p>\n<p>Si vous avez accept\u00e9 de recevoir des messages publicitaires, vous pouvez toujours vous y opposer ult\u00e9rieurement.<\/p>\n<p>Vous avez le droit, \u00e0 tout moment, d'emp\u00eacher SCOLIA Technologies Ltd. de vous contacter \u00e0 des fins de marketing ou de communiquer vos donn\u00e9es \u00e0 d'autres membres du groupe SCOLIA Technologies Ltd. SCOLIA Technologies Ltd.<\/p>\n<p>Si vous ne souhaitez plus \u00eatre contact\u00e9 \u00e0 des fins de marketing, veuillez envoyer un courriel \u00e0 notre adresse \u00e9lectronique ci-dessous.<\/p>\n<h2><strong>Quels sont vos droits en mati\u00e8re de protection des donn\u00e9es ?<\/strong><\/h2>\n<p>SCOLIA Technologies Ltd. souhaite s'assurer que vous \u00eates pleinement conscient de vos droits en mati\u00e8re de protection des donn\u00e9es. Chaque utilisateur a droit \u00e0 ce qui suit :<\/p>\n<p><strong>Le droit d'acc\u00e8s<\/strong>\u00a0- Vous avez le droit de demander \u00e0 SCOLIA Technologies Ltd. des copies de vos donn\u00e9es personnelles. Il se peut que nous vous facturions une somme modique pour ce service.<\/p>\n<p><strong>Le droit de rectification<\/strong>\u00a0- Vous avez le droit de demander \u00e0 SCOLIA Technologies Ltd. de corriger toute information que vous estimez inexacte. Vous avez \u00e9galement le droit de demander \u00e0 SCOLIA Technologies Ltd. de compl\u00e9ter les informations que vous jugez incompl\u00e8tes.<\/p>\n<p><strong>Le droit \u00e0 l'effacement<\/strong>\u00a0- Vous avez le droit de demander \u00e0 SCOLIA Technologies Ltd. d'effacer vos donn\u00e9es personnelles, sous certaines conditions.<\/p>\n<p><strong>Le droit de restreindre le traitement<\/strong>\u00a0- Vous avez le droit de demander \u00e0 SCOLIA Technologies Ltd. de limiter le traitement de vos donn\u00e9es personnelles, sous certaines conditions.<\/p>\n<p><strong>Le droit de s'opposer au traitement<\/strong>\u00a0- Vous avez le droit de vous opposer au traitement de vos donn\u00e9es personnelles par SCOLIA Technologies Ltd. sous certaines conditions.<\/p>\n<p><strong>Le droit \u00e0 la portabilit\u00e9 des donn\u00e9es<\/strong>\u00a0- Vous avez le droit de demander \u00e0 SCOLIA Technologies Ltd. de transf\u00e9rer les donn\u00e9es que nous avons collect\u00e9es \u00e0 une autre organisation, ou directement \u00e0 vous, sous certaines conditions.<\/p>\n<p>Si vous faites une demande, nous avons un mois pour vous r\u00e9pondre. Si vous souhaitez exercer l'un de ces droits, veuillez nous contacter \u00e0 notre adresse \u00e9lectronique :<\/p>\n<p>Ou \u00e9crivez-nous : info@scoliadarts.com<\/p>\n<h2><strong>Cookies<\/strong><\/h2>\n<p>Les cookies sont des fichiers texte plac\u00e9s sur votre ordinateur pour collecter des informations de journal Internet standard et des informations sur le comportement des visiteurs. Lorsque vous visitez nos sites web, nous pouvons collecter automatiquement des informations vous concernant par le biais de cookies ou d'autres technologies similaires<\/p>\n<p>Pour plus d'informations, visitez le site\u00a0<a href=\"http:\/\/www.allaboutcookies.org\/\" target=\"_blank\" rel=\"noreferrer noopener\" aria-label=\" (s&#039;ouvre dans un nouvel onglet)\">allaboutcookies.org<\/a>.<\/p>\n<h2><strong>Comment utilisons-nous les cookies ?<\/strong><\/h2>\n<p>SCOLIA Technologies Ltd. utilise des cookies de diff\u00e9rentes mani\u00e8res afin d'am\u00e9liorer votre exp\u00e9rience sur notre site web, y compris :<\/p>\n<ul>\n<li>Vous garder connect\u00e9<\/li>\n<li>Comprendre comment vous utilisez notre site web<\/li>\n<\/ul>\n<p><strong>Quels types de cookies utilisons-nous ?<\/strong><\/p>\n<p>Il existe un certain nombre de types de cookies diff\u00e9rents, mais notre site web en utilise :<\/p>\n<ul>\n<li>Fonctionnalit\u00e9 - SCOLIA Technologies Ltd. utilise ces cookies pour vous reconna\u00eetre sur notre site web et se souvenir des pr\u00e9f\u00e9rences que vous avez s\u00e9lectionn\u00e9es pr\u00e9c\u00e9demment. Il peut s'agir de la langue que vous pr\u00e9f\u00e9rez et de l'endroit o\u00f9 vous vous trouvez. Un m\u00e9lange de cookies de premi\u00e8re partie et de tiers est utilis\u00e9.<\/li>\n<li>Publicit\u00e9 - SCOLIA Technologies Ltd. utilise ces cookies pour collecter des informations sur votre visite sur notre site web, le contenu que vous avez consult\u00e9, les liens que vous avez suivis et des informations sur votre navigateur, votre appareil et votre adresse IP. SCOLIA Technologies Ltd. partage parfois certains aspects limit\u00e9s de ces donn\u00e9es avec des tiers \u00e0 des fins publicitaires. Nous pouvons \u00e9galement partager les donn\u00e9es en ligne collect\u00e9es par les cookies avec nos partenaires publicitaires. Cela signifie que lorsque vous visitez un autre site web, vous pouvez recevoir de la publicit\u00e9 bas\u00e9e sur vos habitudes de navigation sur notre site web.<\/li>\n<\/ul>\n<h2><strong>Comment g\u00e9rer les cookies<\/strong><\/h2>\n<p>Vous pouvez configurer votre navigateur pour qu'il n'accepte pas les cookies, et le site web susmentionn\u00e9 vous explique comment supprimer les cookies de votre navigateur. Toutefois, dans certains cas, il se peut que certaines fonctionnalit\u00e9s de notre site web ne fonctionnent pas.<\/p>\n<h2><strong>Politiques de confidentialit\u00e9 d'autres sites web<\/strong><\/h2>\n<p>Le site web de SCOLIA Technologies Ltd. peut contenir des liens vers d'autres sites web. Notre politique de confidentialit\u00e9 ne s'applique qu'\u00e0 notre site web. Si vous cliquez sur un lien vers un autre site web, vous devez lire sa politique de confidentialit\u00e9.<\/p>\n<h2><strong>Modifications de notre politique de confidentialit\u00e9<\/strong><\/h2>\n<p>SCOLIA Technologies Ltd. r\u00e9vise r\u00e9guli\u00e8rement sa politique de confidentialit\u00e9 et publie les mises \u00e0 jour sur cette page web. Cette politique de confidentialit\u00e9 a \u00e9t\u00e9 mise \u00e0 jour pour la derni\u00e8re fois le 17 juin 2019.<\/p>\n<h2><strong>Comment nous contacter<\/strong><\/h2>\n<p>Si vous avez des questions sur la politique de confidentialit\u00e9 de Scolia Technologies Ltd., sur les donn\u00e9es que nous d\u00e9tenons sur vous, ou si vous souhaitez exercer l'un de vos droits en mati\u00e8re de protection des donn\u00e9es, n'h\u00e9sitez pas \u00e0 nous contacter.<\/p>\n<p>Envoyez-nous un courriel \u00e0 l'adresse suivante : info@scoliadarts.com<\/p>\n<h2><strong>Comment contacter l'autorit\u00e9 comp\u00e9tente<\/strong><\/h2>\n<p>Si vous souhaitez d\u00e9poser une plainte ou si vous estimez que SCOLIA Technologies Ltd. n'a pas r\u00e9pondu \u00e0 votre pr\u00e9occupation de mani\u00e8re satisfaisante, vous pouvez contacter le bureau du commissaire \u00e0 l'information de votre r\u00e9gion.<\/p>\n<p>Derni\u00e8re mise \u00e0 jour : 17 \/ 06 \/ 2019<\/p>\n<\/div>","protected":false},"excerpt":{"rendered":"<p>SCOLIA TECHNOLOGIES LTD Privacy Policy SCOLIA Technologies Ltd. is a private company. This privacy policy will explain how our organization uses the personal data we collect from you when you use our website. Topics: What data do we collect? How do we collect your data? How will we use your data? How do we store [&hellip;]<\/p>\n","protected":false},"author":1,"featured_media":0,"parent":0,"menu_order":0,"comment_status":"closed","ping_status":"open","template":"","meta":{"inline_featured_image":false,"site-sidebar-layout":"default","site-content-layout":"default","ast-site-content-layout":"default","site-content-style":"default","site-sidebar-style":"default","ast-global-header-display":"","ast-banner-title-visibility":"","ast-main-header-display":"","ast-hfb-above-header-display":"","ast-hfb-below-header-display":"","ast-hfb-mobile-header-display":"","site-post-title":"","ast-breadcrumbs-content":"","ast-featured-img":"","footer-sml-layout":"","ast-disable-related-posts":"","theme-transparent-header-meta":"default","adv-header-id-meta":"","stick-header-meta":"default","header-above-stick-meta":"","header-main-stick-meta":"","header-below-stick-meta":"","astra-migrate-meta-layouts":"default","ast-page-background-enabled":"default","ast-page-background-meta":{"desktop":{"background-color":"","background-image":"","background-repeat":"repeat","background-position":"center center","background-size":"auto","background-attachment":"scroll","background-type":"","background-media":"","overlay-type":"","overlay-color":"","overlay-opacity":"","overlay-gradient":""},"tablet":{"background-color":"","background-image":"","background-repeat":"repeat","background-position":"center center","background-size":"auto","background-attachment":"scroll","background-type":"","background-media":"","overlay-type":"","overlay-color":"","overlay-opacity":"","overlay-gradient":""},"mobile":{"background-color":"","background-image":"","background-repeat":"repeat","background-position":"center center","background-size":"auto","background-attachment":"scroll","background-type":"","background-media":"","overlay-type":"","overlay-color":"","overlay-opacity":"","overlay-gradient":""}},"ast-content-background-meta":{"desktop":{"background-color":"var(--ast-global-color-5)","background-image":"","background-repeat":"repeat","background-position":"center center","background-size":"auto","background-attachment":"scroll","background-type":"","background-media":"","overlay-type":"","overlay-color":"","overlay-opacity":"","overlay-gradient":""},"tablet":{"background-color":"var(--ast-global-color-5)","background-image":"","background-repeat":"repeat","background-position":"center center","background-size":"auto","background-attachment":"scroll","background-type":"","background-media":"","overlay-type":"","overlay-color":"","overlay-opacity":"","overlay-gradient":""},"mobile":{"background-color":"var(--ast-global-color-5)","background-image":"","background-repeat":"repeat","background-position":"center center","background-size":"auto","background-attachment":"scroll","background-type":"","background-media":"","overlay-type":"","overlay-color":"","overlay-opacity":"","overlay-gradient":""}},"footnotes":""},"class_list":["post-3","page","type-page","status-publish","hentry"],"aioseo_notices":[],"_links":{"self":[{"href":"https:\/\/scoliadarts.com\/fr\/wp-json\/wp\/v2\/pages\/3","targetHints":{"allow":["GET"]}}],"collection":[{"href":"https:\/\/scoliadarts.com\/fr\/wp-json\/wp\/v2\/pages"}],"about":[{"href":"https:\/\/scoliadarts.com\/fr\/wp-json\/wp\/v2\/types\/page"}],"author":[{"embeddable":true,"href":"https:\/\/scoliadarts.com\/fr\/wp-json\/wp\/v2\/users\/1"}],"replies":[{"embeddable":true,"href":"https:\/\/scoliadarts.com\/fr\/wp-json\/wp\/v2\/comments?post=3"}],"version-history":[{"count":0,"href":"https:\/\/scoliadarts.com\/fr\/wp-json\/wp\/v2\/pages\/3\/revisions"}],"wp:attachment":[{"href":"https:\/\/scoliadarts.com\/fr\/wp-json\/wp\/v2\/media?parent=3"}],"curies":[{"name":"wp","href":"https:\/\/api.w.org\/{rel}","templated":true}]}}