{"id":23527,"date":"2024-04-15T09:11:43","date_gmt":"2024-04-15T09:11:43","guid":{"rendered":"https:\/\/scoliadarts.com\/?page_id=23527"},"modified":"2024-04-15T09:18:02","modified_gmt":"2024-04-15T09:18:02","slug":"end-user-license-agreement-amendment-for-tournament-tokens","status":"publish","type":"page","link":"https:\/\/scoliadarts.com\/fr\/end-user-license-agreement-amendment-for-tournament-tokens\/","title":{"rendered":"Modification de l'accord de licence d'utilisateur final pour les jetons de tournoi"},"content":{"rendered":"<div data-elementor-type=\"wp-page\" data-elementor-id=\"23527\" class=\"elementor elementor-23527\" data-elementor-post-type=\"page\">\n\t\t\t\t<div class=\"elementor-element elementor-element-63d552f1 e-flex e-con-boxed e-con e-parent\" data-id=\"63d552f1\" data-element_type=\"container\" data-e-type=\"container\">\n\t\t\t\t\t<div class=\"e-con-inner\">\n\t\t\t\t<div class=\"elementor-element elementor-element-6626ce1b elementor-widget elementor-widget-text-editor\" data-id=\"6626ce1b\" data-element_type=\"widget\" data-e-type=\"widget\" data-widget_type=\"text-editor.default\">\n\t\t\t\t<div class=\"elementor-widget-container\">\n\t\t\t\t\t\t\t\t\t<p><\/p>\n<p>Le pr\u00e9sent document (ci-apr\u00e8s d\u00e9nomm\u00e9 <strong>\u2018Amendement\u2019 <\/strong>ou <strong>\u2018Accord\u2019<\/strong>) est un amendement \u00e0 l'accord de licence pour l'utilisateur final (ci-apr\u00e8s d\u00e9nomm\u00e9 \"accord de licence pour l'utilisateur final\"). <strong>\u2018CLUF\u2019.\u2019<\/strong>). Le CLUF reste valable et en vigueur, compl\u00e9t\u00e9 par les dispositions contenues dans le pr\u00e9sent document.<\/p>\n<ol>\n<li>D\u00c9FINITIONS<\/li>\n<\/ol>\n<p>Les termes utilis\u00e9s avec des initiales majuscules dans le pr\u00e9sent CLUF sans d\u00e9finition sp\u00e9cifique ont la signification pr\u00e9cis\u00e9e ci-dessous :<\/p>\n<p><strong>\u2018Utilisateur invit\u00e9\u2019<\/strong> d\u00e9signe une personne physique, une personne morale ou une autre entit\u00e9 qui n'est pas enregistr\u00e9e sur le site web.<\/p>\n<p><strong>\u2018Licenci\u00e9\u2019 ou \u2018Utilisateur\u2019 <\/strong>d\u00e9signe une personne physique, une personne morale ou une autre entit\u00e9 qui utilise le site web ou demande \u00e0 y acc\u00e9der en vertu du pr\u00e9sent CLUF et qui s'inscrit sur le site web.<\/p>\n<p><strong>\u2018Site web\u2019<\/strong> Le site web accessible via le <a href=\"https:\/\/game.scoliadarts.com\">https:\/\/game.scoliadarts.com<\/a> lien.<\/p>\n<p><strong>\u2018Produit\u2019 <\/strong>est un mat\u00e9riel fourni par Scolia Technologies Ltd. avec un logiciel pr\u00e9install\u00e9 comprenant les algorithmes sp\u00e9cifiques et le contenu des donn\u00e9es, ainsi qu'un logiciel en tant que service \u00e0 utiliser en conjonction avec le mat\u00e9riel.<\/p>\n<p><strong>\u2018Services payants\u2019<\/strong> Les services payants sont des fonctions logicielles du produit qui peuvent \u00eatre utilis\u00e9es moyennant une redevance. La redevance peut \u00eatre bas\u00e9e sur un abonnement (redevance r\u00e9currente) ou un paiement unique en fonction du service payant. Les services payants sont d\u00e9crits dans des documents distincts qui peuvent \u00eatre consult\u00e9s \u00e0 l'adresse suivante <a href=\"https:\/\/scoliadarts.com\/fr\/paid-services\/\">https:\/\/scoliadarts.com\/paid-services\/<\/a><\/p>\n<p><strong>\u2018Logiciel\u2019<\/strong> d\u00e9signe tout logiciel (qu'il soit fourni sous forme de t\u00e9l\u00e9chargement ou de service en ligne), outil, utilitaire, documentation ou similaire fourni par Scolia Technologies Ltd., y compris toute r\u00e9vision, mise \u00e0 jour ou mise \u00e0 niveau, mis \u00e0 la disposition de l'utilisateur final par Scolia Technologies Ltd. selon les termes et conditions \u00e9nonc\u00e9s dans le CLUF et le pr\u00e9sent avenant.<\/p>\n<ol start=\"2\">\n<li>ACHAT de jetons de tournoi<\/li>\n<\/ol>\n<ul>\n<li>L'achat de jetons de tournoi est rendu possible dans le logiciel Scolia par le biais d'achats ponctuels. Les achats ponctuels sont des acquisitions uniques au sein du Logiciel Scolia qui ne sont pas r\u00e9currentes par nature. Pour \u00e9viter tout doute, vous reconnaissez et acceptez que l'achat de jetons de tournoi est une possibilit\u00e9 optionnelle dans le cadre du service de jeu pour vous en tant qu'utilisateur enregistr\u00e9 et qu'il n'y a donc aucune obligation pour vous en tant qu'utilisateur de r\u00e9aliser de telles transactions ; la fonctionnalit\u00e9 de base du logiciel est disponible sans l'ex\u00e9cution de tels achats. .<\/li>\n<li>Le logiciel Scolia vous permet d'acheter des jetons (\u201cToken\u201d) par le biais d'achats ponctuels. En tant qu'utilisateur, vous confirmez et d\u00e9clarez express\u00e9ment qu'avant d'accepter le pr\u00e9sent CLUF, de vous inscrire, d'utiliser ou d'acc\u00e9der de toute autre mani\u00e8re au logiciel Scolia ou \u00e0 tout mat\u00e9riel inclus dans ou avec les services Scolia, vous avez pris connaissance du fait que l'ex\u00e9cution de l'achat unique conform\u00e9ment au pr\u00e9sent CLUF inclut l'obligation de payer des frais\/prix d'achat pour l'achat unique - prix d'achat pour le paquet de jetons en question.<\/li>\n<li><strong>Les tokens peuvent \u00eatre utilis\u00e9s pour cr\u00e9er des tournois dans le logiciel Scolia.<\/strong>. Les jetons sont de la monnaie de jeu et peuvent avoir pour but d'\u00e9tendre les fonctionnalit\u00e9s du jeu.<\/li>\n<li>Vous pouvez acheter les jetons par le biais du formulaire d'achat unique de diff\u00e9rents types de paquets de jetons qui diff\u00e8rent par leur nombre ou leur valeur, le prix d'achat des paquets de jetons concern\u00e9s, y compris le prix d'achat du paquet de jetons concern\u00e9, \u00e9tant fix\u00e9 en fonction du nombre et de la valeur des jetons. <strong style=\"font-size: 16px; text-align: var(--text-align); background-color: var(--ast-global-color-5);\">taxe sur la valeur ajout\u00e9e<\/strong><span style=\"font-size: 16px; text-align: var(--text-align); background-color: var(--ast-global-color-5);\"> et toute autre taxe applicable li\u00e9e \u00e0 cet achat unique.<\/span><\/li>\n<li>Les jetons entrent en vigueur d\u00e8s leur achat par l'utilisateur et le restent jusqu'\u00e0 ce que l'une ou l'autre des parties y mette fin.<\/li>\n<\/ul>\n<ol start=\"3\">\n<li>UTILISATION DU LOGICIEL AVEC LES SERVICES EN LIGNE DE SCOLIA TECHNOLOGIES LTD.<\/li>\n<\/ol>\n<ul>\n<li>Certaines utilisations du Logiciel n\u00e9cessitent l'utilisation par le Logiciel d'un ou plusieurs services en ligne sur la plateforme de cloud computing Google Cloud (ou d'autres plateformes de cloud computing). Il est express\u00e9ment indiqu\u00e9 que Scolia Technologies Ltd. n'est pas responsable des temps d'arr\u00eat ou autres interruptions de service li\u00e9s \u00e0 Google Cloud (ou autres plateformes de cloud computing) et\/ou hors du contr\u00f4le de Scolia Technologies Ltd.<\/li>\n<li>Lors de l'utilisation des services en ligne de Scolia Technologies Ltd., des donn\u00e9es sont transf\u00e9r\u00e9es vers et depuis le service. Ces donn\u00e9es sont stock\u00e9es ou enregistr\u00e9es par Scolia Technologies Ltd. L'utilisateur accepte que Scolia Technologies Ltd. puisse avoir acc\u00e8s aux donn\u00e9es dans le cadre d'un incident de support, d'un d\u00e9pannage pr\u00e9ventif, d'un d\u00e9bogage ou d'autres activit\u00e9s visant \u00e0 assurer un fonctionnement stable des services en ligne de Scolia Technologies Ltd. Scolia Technologies Ltd. peut collecter des donn\u00e9es t\u00e9l\u00e9m\u00e9triques sur l'utilisation du logiciel \u00e0 des fins de performance, d'optimisation, d'am\u00e9lioration et de statistiques.<\/li>\n<\/ul>\n<ol start=\"4\">\n<li>MISE \u00c0 JOUR<\/li>\n<\/ol>\n<ul>\n<li>Scolia Technologies Ltd. s'efforcera d'assurer le d\u00e9veloppement continu du logiciel, y compris la correction des erreurs et des impr\u00e9cisions et, \u00e0 la discr\u00e9tion de Scolia Technologies Ltd. de modifier le logiciel afin de le rendre compatible avec les nouvelles versions des logiciels standards des tiers.<\/li>\n<li>Licence d'abonnement : Lors de l'achat d'une licence d'abonnement au logiciel, des frais de mise \u00e0 jour sont inclus dans la licence d'abonnement, ce qui permet \u00e0 l'utilisateur d'avoir acc\u00e8s aux mises \u00e0 jour pertinentes.<\/li>\n<li>L'utilisateur reconna\u00eet que les mises \u00e0 jour du logiciel peuvent ne pas fonctionner avec le mat\u00e9riel personnalis\u00e9 de l'utilisateur, les modules compl\u00e9mentaires, les logiciels tiers ou les ajustements ou modifications personnalis\u00e9s.<\/li>\n<\/ul>\n<ol start=\"5\">\n<li>SOUTIEN<\/li>\n<\/ol>\n<ul>\n<li>Scolia Technologies Ltd. est le premier point de contact et de r\u00e9f\u00e9rence de l'utilisateur pour tout ce qui concerne le logiciel, y compris, mais sans s'y limiter, le support.<\/li>\n<li>Scolia Technologies Ltd. offre un support en ligne \u00e0 l'utilisateur.<\/li>\n<li>Les demandes d'assistance qui ne sont pas li\u00e9es \u00e0 des erreurs reproductibles dans la version la plus r\u00e9cente du logiciel et auxquelles il n'est pas possible de r\u00e9pondre par voie \u00e9lectronique ou qui n\u00e9cessitent des conversations ou des r\u00e9unions plus approfondies seront consid\u00e9r\u00e9es comme des demandes de fonctionnalit\u00e9s.<\/li>\n<\/ul>\n<ol start=\"6\">\n<li>AFFECTATION<\/li>\n<\/ol>\n<ul>\n<li>L'utilisateur n'est pas autoris\u00e9 \u00e0 pr\u00eater, louer, sous-licencier, transf\u00e9rer ou c\u00e9der de quelque mani\u00e8re que ce soit ses droits et obligations au titre du pr\u00e9sent contrat sans l'accord \u00e9crit pr\u00e9alable de Scolia Technologies Ltd. Toute cession ne sera pas l\u00e9gale sans l'accord \u00e9crit pr\u00e9alable de Scolia Technologies Ltd. La cession comprend \u00e9galement le transfert ou l'adoption dans le cadre d'une fusion, d'une scission, d'une externalisation et d'autres \u00e9v\u00e9nements ou activit\u00e9s similaires \u00e0 l'int\u00e9rieur et \u00e0 l'ext\u00e9rieur du groupe de soci\u00e9t\u00e9s auquel l'utilisateur appartient.<\/li>\n<li>Si l'utilisateur c\u00e8de le logiciel en contradiction avec les dispositions ci-dessus, Scolia Technologies Ltd. peut r\u00e9silier le pr\u00e9sent contrat avec effet imm\u00e9diat.<\/li>\n<li>Scolia Technologies Ltd. peut \u00e0 tout moment c\u00e9der, en totalit\u00e9 ou en partie, ses droits et obligations au titre du pr\u00e9sent accord \u00e0 un tiers.<\/li>\n<\/ul>\n<ol start=\"7\">\n<li>VIOLATION DES DROITS DES TIERS<\/li>\n<\/ol>\n<ul>\n<li>Scolia Technologies Ltd. d\u00e9clare et garantit qu'elle a le droit de licencier le Logiciel, y compris toute documentation, \u00e0 l'Utilisateur, et que Scolia Technologies Ltd. d\u00e9tient les droits, titres et licences n\u00e9cessaires pour permettre \u00e0 l'Utilisateur d'exercer tous les droits pr\u00e9vus par le pr\u00e9sent avenant, et que le Logiciel n'enfreint aucun droit d'un tiers qui soit valide et applicable en Hongrie.<\/li>\n<li>Si un tiers \u00e0 l'Utilisateur pr\u00e9tend que le Logiciel porte atteinte aux droits d'un tiers, l'Utilisateur en informe imm\u00e9diatement Scolia Technologies Ltd. par \u00e9crit et Scolia Technologies Ltd. prend en charge la d\u00e9fense de la r\u00e9clamation. Scolia Technologies Ltd. aura, \u00e0 ses frais, la ma\u00eetrise de toute proc\u00e9dure relative \u00e0 la violation des droits des tiers.<\/li>\n<li>Si l'utilisateur a connaissance d'une violation ou d'une violation potentielle du logiciel, il doit en informer Scolia Technologies Ltd. par \u00e9crit dans les plus brefs d\u00e9lais.<\/li>\n<\/ul>\n<ol start=\"8\">\n<li>FOURNI \u201cEN L'\u00c9TAT\u201d<\/li>\n<\/ol>\n<ul>\n<li>Le logiciel et toute documentation connexe sont fournis \u201cen l'\u00e9tat\u201d sans garantie d'aucune sorte, expresse ou implicite, y compris, mais sans s'y limiter, les garanties implicites de qualit\u00e9 marchande et d'ad\u00e9quation \u00e0 un usage particulier. L'utilisateur assume l'int\u00e9gralit\u00e9 des risques li\u00e9s \u00e0 l'utilisation ou aux performances du logiciel.<\/li>\n<li>Le logiciel livr\u00e9 en vertu du pr\u00e9sent avenant est un produit standard, et l'utilisateur est conscient qu'aucun logiciel n'est parfait dans toutes les situations et combinaisons.<\/li>\n<li>Scolia Technologies Ltd. n'est pas responsable des d\u00e9fauts \u00e9ventuels. Le pr\u00e9sent contrat ne comporte aucune garantie contre les d\u00e9fauts, ni aucune garantie d'aptitude ou d'ad\u00e9quation \u00e0 un usage particulier.<\/li>\n<li>D\u00e8s qu'une erreur ou un d\u00e9faut reproductible est d\u00e9couvert ou devrait \u00eatre d\u00e9couvert, l'utilisateur doit en informer Scolia Technologies Ltd. Lors de la notification, l'utilisateur doit sp\u00e9cifier l'erreur ou le d\u00e9faut.<\/li>\n<li>Scolia Technologies Ltd. s'efforcera de rem\u00e9dier aux erreurs et d\u00e9fauts reproductibles dans la version la plus r\u00e9cente du logiciel.<\/li>\n<li>L'\u00e9tendue et la proc\u00e9dure de r\u00e9paration des erreurs ou des d\u00e9fauts sont laiss\u00e9es \u00e0 la libre et ind\u00e9pendante appr\u00e9ciation de Scolia Technologies Ltd. qui peut rem\u00e9dier aux erreurs et aux d\u00e9fauts essentiels en publiant une mise \u00e0 jour du logiciel. Scolia Technologies Ltd. rem\u00e9diera aux erreurs et d\u00e9fauts non essentiels dans la mesure o\u00f9 Scolia Technologies Ltd. le jugera n\u00e9cessaire.<\/li>\n<\/ul>\n<ol start=\"9\">\n<li>R\u00c9SILIATION<\/li>\n<\/ol>\n<ul>\n<li>L'utilisateur peut r\u00e9silier le pr\u00e9sent CLUF pour l'avenir \u00e0 tout moment en cessant d'utiliser le logiciel et en supprimant rapidement son compte. L'utilisateur n'aura droit \u00e0 aucun remboursement pour les jetons, tous les jetons restants sous le compte utilisateur supprim\u00e9 seront d\u00e9finitivement supprim\u00e9s.<\/li>\n<li>Si l'utilisateur ne respecte pas l'un des termes ou conditions du CLUF et du pr\u00e9sent avenant, Scolia Technologies Ltd. peut r\u00e9silier le droit de l'utilisateur d'utiliser le logiciel moyennant un pr\u00e9avis \u00e9crit de 30 jours. Apr\u00e8s cette r\u00e9siliation, l'utilisateur ne pourra plus utiliser le logiciel. L'utilisateur ne pourra pr\u00e9tendre \u00e0 aucun remboursement des frais de licence \u00e0 la suite de cette r\u00e9siliation.<\/li>\n<\/ul>\n<ol start=\"10\">\n<li>RESPONSABILIT\u00c9 DE L'UTILISATEUR<\/li>\n<\/ol>\n<ul>\n<li>Les r\u00e8gles g\u00e9n\u00e9rales du droit hongrois sont applicables \u00e0 la rupture du contrat par l'Utilisateur. En cas de violation par l'utilisateur de l'une des obligations \u00e9nonc\u00e9es dans le CLUF et le pr\u00e9sent amendement, Scolia Technologies Ltd. est en droit de r\u00e9silier le pr\u00e9sent contrat avec effet imm\u00e9diat.<\/li>\n<\/ul>\n<ol start=\"11\">\n<li>LIMITATION DE LA RESPONSABILIT\u00c9<\/li>\n<\/ol>\n<ul>\n<li>Scolia Technologies Ltd. d\u00e9cline express\u00e9ment toute responsabilit\u00e9, expresse ou implicite, concernant (i) les d\u00e9fauts et erreurs qui ne sont pas li\u00e9s au Logiciel, mais qui sont li\u00e9s \u00e0 des facteurs externes, y compris les autres produits logiciels de l'Utilisateur, (ii) les actes ou omissions des partenaires de Scolia Technologies Ltd. (iii) l'interaction entre le Logiciel et tout autre environnement mat\u00e9riel et\/ou logiciel et organisation sur le site de l'Utilisateur ou sur tout site distant, y compris, mais sans s'y limiter, les centres d'h\u00e9bergement ou de donn\u00e9es (iv) les erreurs, les d\u00e9fauts et l'inex\u00e9cution des produits standards de tiers, livr\u00e9s par Scolia Technologies Ltd. (v) les changements et\/ou modifications de l'utilisateur dans ou avec le logiciel, et (vi) la compatibilit\u00e9 entre le logiciel et toute nouvelle version, mise \u00e0 jour, etc. du logiciel d'un tiers.<\/li>\n<li>Scolia Technologies Ltd. ne sera en aucun cas responsable des circonstances li\u00e9es \u00e0 l'inex\u00e9cution des obligations de l'utilisateur dans le cadre du pr\u00e9sent contrat. En aucun cas, Scolia Technologies Ltd. ne pourra \u00eatre tenu responsable de tout dommage r\u00e9sultant d'une perte de donn\u00e9es, d'une perte de b\u00e9n\u00e9fices ou de client\u00e8le ou de tout autre dommage indirect. La responsabilit\u00e9 de Scolia Technologies Ltd. ne peut en aucun cas exc\u00e9der le montant de la licence pay\u00e9e par l'Utilisateur dans le cadre du Contrat.<\/li>\n<\/ul>\n<ol start=\"12\">\n<li>VALIDIT\u00c9<\/li>\n<\/ol>\n<ul>\n<li>Si une disposition du pr\u00e9sent accord est jug\u00e9e ill\u00e9gale, invalide ou inapplicable, cette ou ces dispositions seront n\u00e9anmoins appliqu\u00e9es dans toute la mesure permise par le droit applicable, de mani\u00e8re \u00e0 refl\u00e9ter l'intention initiale des parties. Ces dispositions n'affectent pas la l\u00e9galit\u00e9 et la validit\u00e9 des autres dispositions du pr\u00e9sent accord.<\/li>\n<\/ul>\n<ol start=\"13\">\n<li>DROIT APPLICABLE ET R\u00c8GLEMENT DES LITIGES<\/li>\n<\/ol>\n<ul>\n<li>Le pr\u00e9sent accord est r\u00e9gi et interpr\u00e9t\u00e9 par le droit hongrois et remplace toutes les propositions et communications orales et \u00e9crites ant\u00e9rieures et contemporaines concernant l'objet du pr\u00e9sent accord.<\/li>\n<li>Les parties d\u00e9ploieront tous les efforts raisonnables pour r\u00e9soudre \u00e0 l'amiable toute controverse pouvant r\u00e9sulter du pr\u00e9sent accord au niveau des cadres sup\u00e9rieurs des deux parties. Les litiges qui ne peuvent \u00eatre r\u00e9gl\u00e9s \u00e0 l'amiable seront r\u00e9gl\u00e9s par le tribunal de la ville de Szeged.<\/li>\n<\/ul>\n<ol start=\"14\">\n<li>INTERPR\u00c9TATION<\/li>\n<\/ol>\n<ul>\n<li>Si une disposition du pr\u00e9sent accord est jug\u00e9e ill\u00e9gale ou inapplicable par un tribunal comp\u00e9tent, cette disposition sera consid\u00e9r\u00e9e comme s\u00e9parable des autres dispositions du pr\u00e9sent accord et n'affectera ni ne compromettra la validit\u00e9 ou l'applicabilit\u00e9 des autres dispositions du pr\u00e9sent accord.<\/li>\n<\/ul>\n<p><\/p>\t\t\t\t\t\t\t\t<\/div>\n\t\t\t\t<\/div>\n\t\t\t\t\t<\/div>\n\t\t\t\t<\/div>\n\t\t\t\t<\/div>","protected":false},"excerpt":{"rendered":"<p>Present document (hereinafter referred to as \u2018Amendment\u2019 or \u2018Agreement\u2019) is an amendment to the End User License Agreement (hereinafter referred to as \u2018EULA\u2019). The EULA shall remain valid and in effect, supplemented by the provisions contained in this document. DEFINITIONS The terms used with capital initials in the present EULA without specific definition have the [&hellip;]<\/p>\n","protected":false},"author":1,"featured_media":0,"parent":0,"menu_order":0,"comment_status":"closed","ping_status":"closed","template":"","meta":{"inline_featured_image":false,"site-sidebar-layout":"default","site-content-layout":"","ast-site-content-layout":"default","site-content-style":"default","site-sidebar-style":"default","ast-global-header-display":"","ast-banner-title-visibility":"","ast-main-header-display":"","ast-hfb-above-header-display":"","ast-hfb-below-header-display":"","ast-hfb-mobile-header-display":"","site-post-title":"","ast-breadcrumbs-content":"","ast-featured-img":"","footer-sml-layout":"","ast-disable-related-posts":"","theme-transparent-header-meta":"","adv-header-id-meta":"","stick-header-meta":"","header-above-stick-meta":"","header-main-stick-meta":"","header-below-stick-meta":"","astra-migrate-meta-layouts":"set","ast-page-background-enabled":"default","ast-page-background-meta":{"desktop":{"background-color":"","background-image":"","background-repeat":"repeat","background-position":"center center","background-size":"auto","background-attachment":"scroll","background-type":"","background-media":"","overlay-type":"","overlay-color":"","overlay-opacity":"","overlay-gradient":""},"tablet":{"background-color":"","background-image":"","background-repeat":"repeat","background-position":"center center","background-size":"auto","background-attachment":"scroll","background-type":"","background-media":"","overlay-type":"","overlay-color":"","overlay-opacity":"","overlay-gradient":""},"mobile":{"background-color":"","background-image":"","background-repeat":"repeat","background-position":"center center","background-size":"auto","background-attachment":"scroll","background-type":"","background-media":"","overlay-type":"","overlay-color":"","overlay-opacity":"","overlay-gradient":""}},"ast-content-background-meta":{"desktop":{"background-color":"var(--ast-global-color-5)","background-image":"","background-repeat":"repeat","background-position":"center center","background-size":"auto","background-attachment":"scroll","background-type":"","background-media":"","overlay-type":"","overlay-color":"","overlay-opacity":"","overlay-gradient":""},"tablet":{"background-color":"var(--ast-global-color-5)","background-image":"","background-repeat":"repeat","background-position":"center center","background-size":"auto","background-attachment":"scroll","background-type":"","background-media":"","overlay-type":"","overlay-color":"","overlay-opacity":"","overlay-gradient":""},"mobile":{"background-color":"var(--ast-global-color-5)","background-image":"","background-repeat":"repeat","background-position":"center center","background-size":"auto","background-attachment":"scroll","background-type":"","background-media":"","overlay-type":"","overlay-color":"","overlay-opacity":"","overlay-gradient":""}},"footnotes":""},"class_list":["post-23527","page","type-page","status-publish","hentry"],"aioseo_notices":[],"_links":{"self":[{"href":"https:\/\/scoliadarts.com\/fr\/wp-json\/wp\/v2\/pages\/23527","targetHints":{"allow":["GET"]}}],"collection":[{"href":"https:\/\/scoliadarts.com\/fr\/wp-json\/wp\/v2\/pages"}],"about":[{"href":"https:\/\/scoliadarts.com\/fr\/wp-json\/wp\/v2\/types\/page"}],"author":[{"embeddable":true,"href":"https:\/\/scoliadarts.com\/fr\/wp-json\/wp\/v2\/users\/1"}],"replies":[{"embeddable":true,"href":"https:\/\/scoliadarts.com\/fr\/wp-json\/wp\/v2\/comments?post=23527"}],"version-history":[{"count":0,"href":"https:\/\/scoliadarts.com\/fr\/wp-json\/wp\/v2\/pages\/23527\/revisions"}],"wp:attachment":[{"href":"https:\/\/scoliadarts.com\/fr\/wp-json\/wp\/v2\/media?parent=23527"}],"curies":[{"name":"wp","href":"https:\/\/api.w.org\/{rel}","templated":true}]}}