{"id":9733,"date":"2020-05-01T11:35:47","date_gmt":"2020-05-01T11:35:47","guid":{"rendered":"https:\/\/scoliadarts.com\/?page_id=9733"},"modified":"2020-10-01T04:13:02","modified_gmt":"2020-10-01T04:13:02","slug":"api","status":"publish","type":"page","link":"https:\/\/scoliadarts.com\/de\/api\/","title":{"rendered":"Api"},"content":{"rendered":"<div data-elementor-type=\"wp-page\" data-elementor-id=\"9733\" class=\"elementor elementor-9733\" data-elementor-post-type=\"page\">\n\t\t\t\t\t\t<section class=\"elementor-section elementor-top-section elementor-element elementor-element-7a01bac elementor-section-full_width elementor-section-height-min-height elementor-section-height-default elementor-section-items-middle\" data-id=\"7a01bac\" data-element_type=\"section\" data-e-type=\"section\">\n\t\t\t\t\t\t\t<div class=\"elementor-background-overlay\"><\/div>\n\t\t\t\t\t\t\t<div class=\"elementor-container elementor-column-gap-no\">\n\t\t\t\t\t<div class=\"elementor-column elementor-col-100 elementor-top-column elementor-element elementor-element-dcaa88d\" data-id=\"dcaa88d\" data-element_type=\"column\" data-e-type=\"column\">\n\t\t\t<div class=\"elementor-widget-wrap elementor-element-populated\">\n\t\t\t\t\t\t<section class=\"elementor-section elementor-inner-section elementor-element elementor-element-c619825 elementor-section-boxed elementor-section-height-default elementor-section-height-default\" data-id=\"c619825\" data-element_type=\"section\" data-e-type=\"section\">\n\t\t\t\t\t\t<div class=\"elementor-container elementor-column-gap-default\">\n\t\t\t\t\t<div class=\"elementor-column elementor-col-100 elementor-inner-column elementor-element elementor-element-b31ce8c\" data-id=\"b31ce8c\" data-element_type=\"column\" data-e-type=\"column\">\n\t\t\t<div class=\"elementor-widget-wrap elementor-element-populated\">\n\t\t\t\t\t\t<div class=\"elementor-element elementor-element-9bb432e elementor-widget elementor-widget-html\" data-id=\"9bb432e\" data-element_type=\"widget\" data-e-type=\"widget\" data-widget_type=\"html.default\">\n\t\t\t\t<div class=\"elementor-widget-container\">\n\t\t\t\t\t<div class=\"apibanner\">\n<h1>Sie brauchen einen <span class=\"sunderline\">API<\/span> f\u00fcr Ihr Unternehmen?<\/h1>\n<p>Wir haben alles f\u00fcr Sie! Die Scolia API ist die perfekte Wahl f\u00fcr den Aufbau Ihrer eigenen Scorekeeping- oder Analysel\u00f6sung.<\/p>\n<\/div>\t\t\t\t<\/div>\n\t\t\t\t<\/div>\n\t\t\t\t\t<\/div>\n\t\t<\/div>\n\t\t\t\t\t<\/div>\n\t\t<\/section>\n\t\t\t\t\t<\/div>\n\t\t<\/div>\n\t\t\t\t\t<\/div>\n\t\t<\/section>\n\t\t\t\t<section class=\"elementor-section elementor-top-section elementor-element elementor-element-88892b8 mobilapikep elementor-section-boxed elementor-section-height-default elementor-section-height-default\" data-id=\"88892b8\" data-element_type=\"section\" data-e-type=\"section\">\n\t\t\t\t\t\t<div class=\"elementor-container elementor-column-gap-default\">\n\t\t\t\t\t<div class=\"elementor-column elementor-col-100 elementor-top-column elementor-element elementor-element-720a206\" data-id=\"720a206\" data-element_type=\"column\" data-e-type=\"column\">\n\t\t\t<div class=\"elementor-widget-wrap elementor-element-populated\">\n\t\t\t\t\t\t<div class=\"elementor-element elementor-element-390f558 elementor-widget elementor-widget-image\" data-id=\"390f558\" data-element_type=\"widget\" data-e-type=\"widget\" data-widget_type=\"image.default\">\n\t\t\t\t<div class=\"elementor-widget-container\">\n\t\t\t\t\t\t\t\t\t\t\t\t\t\t\t<img decoding=\"async\" width=\"300\" height=\"245\" src=\"https:\/\/scoliadarts.com\/wp-content\/uploads\/2020\/05\/api-illustrator-300x245.png\" class=\"attachment-medium size-medium wp-image-9770\" alt=\"Api\" srcset=\"https:\/\/scoliadarts.com\/wp-content\/uploads\/2020\/05\/api-illustrator-300x245.png 300w, https:\/\/scoliadarts.com\/wp-content\/uploads\/2020\/05\/api-illustrator-600x490.png 600w, https:\/\/scoliadarts.com\/wp-content\/uploads\/2020\/05\/api-illustrator.png 603w\" sizes=\"(max-width: 300px) 100vw, 300px\" \/>\t\t\t\t\t\t\t\t\t\t\t\t\t\t\t<\/div>\n\t\t\t\t<\/div>\n\t\t\t\t\t<\/div>\n\t\t<\/div>\n\t\t\t\t\t<\/div>\n\t\t<\/section>\n\t\t\t\t<section class=\"elementor-section elementor-top-section elementor-element elementor-element-c30072f elementor-section-boxed elementor-section-height-default elementor-section-height-default\" data-id=\"c30072f\" data-element_type=\"section\" data-e-type=\"section\">\n\t\t\t\t\t\t<div class=\"elementor-container elementor-column-gap-no\">\n\t\t\t\t\t<div class=\"elementor-column elementor-col-100 elementor-top-column elementor-element elementor-element-e9372b2\" data-id=\"e9372b2\" data-element_type=\"column\" data-e-type=\"column\">\n\t\t\t<div class=\"elementor-widget-wrap elementor-element-populated\">\n\t\t\t\t\t\t<div class=\"elementor-element elementor-element-f2c0b1b elementor-absolute apikep elementor-hidden-phone elementor-widget elementor-widget-image\" data-id=\"f2c0b1b\" data-element_type=\"widget\" data-e-type=\"widget\" data-settings=\"{&quot;_position&quot;:&quot;absolute&quot;}\" data-widget_type=\"image.default\">\n\t\t\t\t<div class=\"elementor-widget-container\">\n\t\t\t\t\t\t\t\t\t\t\t\t\t\t\t<img decoding=\"async\" width=\"603\" height=\"492\" src=\"https:\/\/scoliadarts.com\/wp-content\/uploads\/2020\/05\/api-illustrator.png\" class=\"attachment-full size-full wp-image-9770\" alt=\"Api\" srcset=\"https:\/\/scoliadarts.com\/wp-content\/uploads\/2020\/05\/api-illustrator.png 603w, https:\/\/scoliadarts.com\/wp-content\/uploads\/2020\/05\/api-illustrator-300x245.png 300w, https:\/\/scoliadarts.com\/wp-content\/uploads\/2020\/05\/api-illustrator-600x490.png 600w\" sizes=\"(max-width: 603px) 100vw, 603px\" \/>\t\t\t\t\t\t\t\t\t\t\t\t\t\t\t<\/div>\n\t\t\t\t<\/div>\n\t\t\t\t\t<\/div>\n\t\t<\/div>\n\t\t\t\t\t<\/div>\n\t\t<\/section>\n\t\t\t\t<section class=\"elementor-section elementor-top-section elementor-element elementor-element-3f65c51 elementor-section-full_width elementor-section-height-default elementor-section-height-default\" data-id=\"3f65c51\" data-element_type=\"section\" data-e-type=\"section\">\n\t\t\t\t\t\t<div class=\"elementor-container elementor-column-gap-no\">\n\t\t\t\t\t<div class=\"elementor-column elementor-col-100 elementor-top-column elementor-element elementor-element-bddd437\" data-id=\"bddd437\" data-element_type=\"column\" data-e-type=\"column\">\n\t\t\t<div class=\"elementor-widget-wrap elementor-element-populated\">\n\t\t\t\t\t\t<section class=\"elementor-section elementor-inner-section elementor-element elementor-element-070ed8b elementor-section-boxed elementor-section-height-default elementor-section-height-default\" data-id=\"070ed8b\" data-element_type=\"section\" data-e-type=\"section\">\n\t\t\t\t\t\t<div class=\"elementor-container elementor-column-gap-extended\">\n\t\t\t\t\t<div class=\"elementor-column elementor-col-100 elementor-inner-column elementor-element elementor-element-45584f8 apicontent\" data-id=\"45584f8\" data-element_type=\"column\" data-e-type=\"column\">\n\t\t\t<div class=\"elementor-widget-wrap elementor-element-populated\">\n\t\t\t\t\t\t<div class=\"elementor-element elementor-element-9f0e894 elementor-widget elementor-widget-text-editor\" data-id=\"9f0e894\" data-element_type=\"widget\" data-e-type=\"widget\" data-widget_type=\"text-editor.default\">\n\t\t\t\t<div class=\"elementor-widget-container\">\n\t\t\t\t\t\t\t\t\t<p>\u00dcber diese API k\u00f6nnen Sie alle Ereignisse empfangen, die mit Ihren Scolia-Systemen in Verbindung stehen oder von diesen erkannt werden, einschlie\u00dflich:<\/p>\t\t\t\t\t\t\t\t<\/div>\n\t\t\t\t<\/div>\n\t\t\t\t<div class=\"elementor-element elementor-element-172ca5e elementor-widget elementor-widget-html\" data-id=\"172ca5e\" data-element_type=\"widget\" data-e-type=\"widget\" data-widget_type=\"html.default\">\n\t\t\t\t<div class=\"elementor-widget-container\">\n\t\t\t\t\t<ul class=\"pipa\">\n    <li><b>Status\u00e4nderungen<\/b> der Verarbeitungseinheit<\/li>\n    <li><b>Takeout gestartet<\/b> und <b>fertig<\/b> Veranstaltungen<\/li>\n    <li class=\"translation-block\"><b>Throw events<\/b> (including scores, X-Y coordinates, 3D inclined angles)<\/li>\n<\/ul>\t\t\t\t<\/div>\n\t\t\t\t<\/div>\n\t\t\t\t<div class=\"elementor-element elementor-element-3766577 elementor-widget elementor-widget-html\" data-id=\"3766577\" data-element_type=\"widget\" data-e-type=\"widget\" data-widget_type=\"html.default\">\n\t\t\t\t<div class=\"elementor-widget-container\">\n\t\t\t\t\t<div class=\"contactlink\">\n<a href=\"\/\/scoliadarts.com\/de\/contact-us\/\"><div class=\"felirat\">Kontakt<\/div><\/a>\n<\/div>\t\t\t\t<\/div>\n\t\t\t\t<\/div>\n\t\t\t\t\t<\/div>\n\t\t<\/div>\n\t\t\t\t\t<\/div>\n\t\t<\/section>\n\t\t\t\t<div class=\"elementor-element elementor-element-f46938c elementor-widget elementor-widget-spacer\" data-id=\"f46938c\" data-element_type=\"widget\" data-e-type=\"widget\" data-widget_type=\"spacer.default\">\n\t\t\t\t<div class=\"elementor-widget-container\">\n\t\t\t\t\t\t\t<div class=\"elementor-spacer\">\n\t\t\t<div class=\"elementor-spacer-inner\"><\/div>\n\t\t<\/div>\n\t\t\t\t\t\t<\/div>\n\t\t\t\t<\/div>\n\t\t\t\t\t<\/div>\n\t\t<\/div>\n\t\t\t\t\t<\/div>\n\t\t<\/section>\n\t\t\t\t<\/div>","protected":false},"excerpt":{"rendered":"<p>Need an API for your business? We got you covered! The Scolia API is the perfect choice for building your own scorekeeping or analytical solution. Through this API, you will be able to receive all the events related to, or detected by your Scolia systems, including: Status changes of the processing unit Takeout started and [&hellip;]<\/p>\n","protected":false},"author":2,"featured_media":0,"parent":0,"menu_order":0,"comment_status":"closed","ping_status":"closed","template":"","meta":{"inline_featured_image":false,"site-sidebar-layout":"no-sidebar","site-content-layout":"page-builder","ast-site-content-layout":"default","site-content-style":"default","site-sidebar-style":"default","ast-global-header-display":"","ast-banner-title-visibility":"","ast-main-header-display":"","ast-hfb-above-header-display":"","ast-hfb-below-header-display":"","ast-hfb-mobile-header-display":"","site-post-title":"disabled","ast-breadcrumbs-content":"","ast-featured-img":"disabled","footer-sml-layout":"","ast-disable-related-posts":"","theme-transparent-header-meta":"default","adv-header-id-meta":"","stick-header-meta":"default","header-above-stick-meta":"","header-main-stick-meta":"","header-below-stick-meta":"","astra-migrate-meta-layouts":"default","ast-page-background-enabled":"default","ast-page-background-meta":{"desktop":{"background-color":"","background-image":"","background-repeat":"repeat","background-position":"center center","background-size":"auto","background-attachment":"scroll","background-type":"","background-media":"","overlay-type":"","overlay-color":"","overlay-opacity":"","overlay-gradient":""},"tablet":{"background-color":"","background-image":"","background-repeat":"repeat","background-position":"center center","background-size":"auto","background-attachment":"scroll","background-type":"","background-media":"","overlay-type":"","overlay-color":"","overlay-opacity":"","overlay-gradient":""},"mobile":{"background-color":"","background-image":"","background-repeat":"repeat","background-position":"center center","background-size":"auto","background-attachment":"scroll","background-type":"","background-media":"","overlay-type":"","overlay-color":"","overlay-opacity":"","overlay-gradient":""}},"ast-content-background-meta":{"desktop":{"background-color":"var(--ast-global-color-5)","background-image":"","background-repeat":"repeat","background-position":"center center","background-size":"auto","background-attachment":"scroll","background-type":"","background-media":"","overlay-type":"","overlay-color":"","overlay-opacity":"","overlay-gradient":""},"tablet":{"background-color":"var(--ast-global-color-5)","background-image":"","background-repeat":"repeat","background-position":"center center","background-size":"auto","background-attachment":"scroll","background-type":"","background-media":"","overlay-type":"","overlay-color":"","overlay-opacity":"","overlay-gradient":""},"mobile":{"background-color":"var(--ast-global-color-5)","background-image":"","background-repeat":"repeat","background-position":"center center","background-size":"auto","background-attachment":"scroll","background-type":"","background-media":"","overlay-type":"","overlay-color":"","overlay-opacity":"","overlay-gradient":""}},"footnotes":""},"class_list":["post-9733","page","type-page","status-publish","hentry"],"aioseo_notices":[],"_links":{"self":[{"href":"https:\/\/scoliadarts.com\/de\/wp-json\/wp\/v2\/pages\/9733","targetHints":{"allow":["GET"]}}],"collection":[{"href":"https:\/\/scoliadarts.com\/de\/wp-json\/wp\/v2\/pages"}],"about":[{"href":"https:\/\/scoliadarts.com\/de\/wp-json\/wp\/v2\/types\/page"}],"author":[{"embeddable":true,"href":"https:\/\/scoliadarts.com\/de\/wp-json\/wp\/v2\/users\/2"}],"replies":[{"embeddable":true,"href":"https:\/\/scoliadarts.com\/de\/wp-json\/wp\/v2\/comments?post=9733"}],"version-history":[{"count":0,"href":"https:\/\/scoliadarts.com\/de\/wp-json\/wp\/v2\/pages\/9733\/revisions"}],"wp:attachment":[{"href":"https:\/\/scoliadarts.com\/de\/wp-json\/wp\/v2\/media?parent=9733"}],"curies":[{"name":"wp","href":"https:\/\/api.w.org\/{rel}","templated":true}]}}