{"id":71797,"date":"2026-01-22T12:20:19","date_gmt":"2026-01-22T11:20:19","guid":{"rendered":"https:\/\/scoliadarts.com\/?page_id=71797"},"modified":"2026-01-22T12:20:19","modified_gmt":"2026-01-22T11:20:19","slug":"privacy-policy-v4","status":"publish","type":"page","link":"https:\/\/scoliadarts.com\/de\/privacy-policy-v4\/","title":{"rendered":"Datenschutzrichtlinie v4"},"content":{"rendered":"<ol>\n<li><strong>Erw\u00e4gungsgr\u00fcnde<\/strong>\n<ul>\n<li>Scolia Technologies Ltd. (Firmenregisternummer: 06-09-023973, Sitz: 6 Victor Hugo Stra\u00dfe, 6720 Szeged, UNGARN, im Folgenden als <strong>\u2019Scolia\u2019<\/strong>) verpflichtet sich zum Schutz der Privatsph\u00e4re der Nutzer (im Folgenden als\u2018<strong>Benutzer oder Sie<\/strong>\u2019) dieser Website (die \u2018<strong>Website<\/strong>\u2019) und wird alles in ihrer Macht Stehende tun, um sicherzustellen, dass die personenbezogenen Daten der Nutzer unter Wahrung ihrer Grundrechte und -freiheiten sowie ihrer pers\u00f6nlichen W\u00fcrde und insbesondere unter Wahrung der Vertraulichkeit behandelt werden.<\/li>\n<li>Im Allgemeinen werden alle Informationen und Daten, die Sie zur Verf\u00fcgung stellen oder die von Scolia im Zusammenhang mit der Website anderweitig erfasst werden, von Scolia in \u00dcbereinstimmung mit der Verordnung (EU) 2016\/679 (\u201c<strong>GDPR<\/strong>\u201d).<\/li>\n<li>Wenn Sie Fragen zu dieser Datenschutzrichtlinie haben, wenden Sie sich bitte an die unten angegebenen Kontaktdaten.<\/li>\n<\/ul>\n<\/li>\n<li><strong>Name und Kontaktangaben des f\u00fcr die Verarbeitung Verantwortlichen<\/strong>\n<ul>\n<li>Name des f\u00fcr die Datenverarbeitung Verantwortlichen: <strong>Scolia Technologies Ltd.<\/strong><\/li>\n<li>Unternehmensregisternummer des f\u00fcr die Verarbeitung Verantwortlichen: <strong>06-09-023973<\/strong><\/li>\n<li>Sitz des f\u00fcr die Verarbeitung Verantwortlichen: <strong>Victor-Hugo-Stra\u00dfe 6, 6720 Szeged, UNGARN<\/strong><\/li>\n<li>E-Mail Adresse des f\u00fcr die Verarbeitung Verantwortlichen: <strong>\u00a0<\/strong><strong>info@scoliadarts.com<\/strong><\/li>\n<\/ul>\n<\/li>\n<li><strong>Zweck und Rechtsgrundlage der Datenverarbeitung, Umfang der verarbeiteten Daten, Dauer der Datenverarbeitung und Folgen der Nichtbereitstellung der Daten<\/strong>\n<ul>\n<li>Der Einfachheit halber haben wir im Folgenden den Zweck jeder unserer Verarbeitungst\u00e4tigkeiten, die Rechtsgrundlage, auf der wir sie durchf\u00fchren, den Zeitraum, f\u00fcr den wir Ihre personenbezogenen Daten aufbewahren, und die Folgen, die sich gegebenenfalls ergeben, wenn Sie uns Ihre Daten nicht zur Verf\u00fcgung stellen oder sich weigern, sie uns zur Verf\u00fcgung zu stellen, dargelegt.<\/li>\n<\/ul>\n<\/li>\n<\/ol>\n<table width=\"100%\">\n<tbody>\n<tr>\n<td width=\"30%\"><strong>Zweck der <\/strong><strong>Datenverarbeitung:<\/strong><\/td>\n<td width=\"69%\"><strong>Um sich zu registrieren und ein Konto zu erstellen auf <\/strong><a href=\"https:\/\/scoliadarts.com\/de\/\"><strong>https:\/\/scoliadarts.com\/<\/strong><\/a><strong>, um bei vergessenem Passwort eine Erinnerung zu senden<\/strong><\/td>\n<\/tr>\n<tr>\n<td width=\"30%\">Rechtsgrundlage der Datenverarbeitung:<\/td>\n<td width=\"69%\">Erf\u00fcllung des mit dem Nutzer geschlossenen Vertrags (GDPR Art. 6,1b)<\/td>\n<\/tr>\n<tr>\n<td width=\"30%\">Der Umfang der von Scolia verarbeiteten Daten:<\/td>\n<td width=\"69%\">Vollst\u00e4ndiger Name, E-Mail-Adresse, Passwort, Geburtsdatum (optional), Adresse (Stadt)<\/td>\n<\/tr>\n<tr>\n<td width=\"30%\">Dauer der Datenverarbeitung:<\/td>\n<td width=\"69%\">5 Jahre nach Beendigung des Vertrages (5 Jahre nach L\u00f6schung des Nutzerkontos)<\/td>\n<\/tr>\n<tr>\n<td width=\"30%\">Die Folgen der Nichtbereitstellung von Daten:<\/td>\n<td width=\"69%\">Wir sind nicht in der Lage, Ihnen das Konto zur Verf\u00fcgung zu stellen, das Sie f\u00fcr die Nutzung unserer Dienstleistungen oder Produkte ben\u00f6tigen.<\/td>\n<\/tr>\n<tr>\n<td width=\"30%\"><\/td>\n<td width=\"69%\"><\/td>\n<\/tr>\n<tr>\n<td width=\"30%\"><strong>Zweck der <\/strong><strong>Datenverarbeitung:<\/strong><\/td>\n<td width=\"69%\"><strong>Abrechnung von Dienstleistungen und Produkten, die \u00fcber die Website https:\/\/scoliadarts.com\/ bestellt wurden, und von Geb\u00fchren, die mit diesen Dienstleistungen und Produkten verbunden sind, \u00dcberpr\u00fcfung von Nutzerdaten und Aufbewahrung von Dokumenten im Zusammenhang mit der Abrechnung<\/strong><\/td>\n<\/tr>\n<tr>\n<td width=\"30%\">Rechtsgrundlage der Datenverarbeitung:<\/td>\n<td width=\"69%\">Erf\u00fcllung des mit dem Nutzer geschlossenen Vertrages (Art. 6,1b GDPR) und der gesetzlichen Verpflichtung zur Einhaltung der Rechnungslegungsvorschriften (Art. 6,1c, \u00a7 169 Abs. (2) des Gesetzes \u00fcber die Rechnungslegung, im Folgenden als\u2018<strong>Rechnungslegungsgesetz\u2019.\u2019<\/strong>) (strenge Buchf\u00fchrungspflichten)<\/td>\n<\/tr>\n<tr>\n<td width=\"30%\">Der Umfang der von Scolia verarbeiteten Daten:<\/td>\n<td width=\"69%\">Die Art der Dienstleistung, die Art des Produkts, der vollst\u00e4ndige Name des Nutzers und die f\u00fcr den Vertragsabschluss erforderlichen Angaben, die IP-Adresse, das Entgelt, der Rechnungsbetrag, die Zahlungsfrist, das Ausstellungsdatum der Rechnung, das Zahlungsdatum, sonstige Angaben zur Rechnung, die Art und Weise und der Zeitpunkt der Zahlung des Entgelts, die Angaben zur Person des Entgeltzahlers (Name, Bankkartendaten, Zahlungsdaten)<\/td>\n<\/tr>\n<tr>\n<td width=\"30%\">Dauer der Datenverarbeitung:<\/td>\n<td width=\"69%\">5 Jahre ab Beendigung des Vertrages (ab L\u00f6schung des Benutzerkontos). Die Aufbewahrungsfrist f\u00fcr strenge Buchhaltungsunterlagen betr\u00e4gt gem\u00e4\u00df \u00a7 169 Abs. 2 Rechnungslegungsgesetz 8 Kalenderjahre ab Ende des jeweiligen Kalenderjahres.<\/td>\n<\/tr>\n<tr>\n<td width=\"30%\">Die Folgen der Nichtbereitstellung von Daten:<\/td>\n<td width=\"69%\">Wenn die entsprechenden Daten nicht vorliegen, k\u00f6nnen wir Ihnen keine Dienstleistungen oder Produkte anbieten.<\/td>\n<\/tr>\n<tr>\n<td width=\"30%\"><\/td>\n<td width=\"69%\"><\/td>\n<\/tr>\n<tr>\n<td width=\"30%\"><strong>Zweck der <\/strong><strong>Datenverarbeitung:<\/strong><\/td>\n<td width=\"69%\"><strong>Kontaktaufnahme mit dem Nutzer per E-Mail, Telefon<\/strong><\/td>\n<\/tr>\n<tr>\n<td width=\"30%\">Rechtsgrundlage der Datenverarbeitung:<\/td>\n<td width=\"69%\">Erf\u00fcllung des mit dem Nutzer geschlossenen Vertrags (GDPR Art. 6,1b)<\/td>\n<\/tr>\n<tr>\n<td width=\"30%\">Der Umfang der von Scolia verarbeiteten Daten:<\/td>\n<td width=\"69%\">Vollst\u00e4ndiger Name, E-Mail Adresse, Telefonnummer<\/td>\n<\/tr>\n<tr>\n<td width=\"30%\">Dauer der Datenverarbeitung:<\/td>\n<td width=\"69%\">F\u00fcr 5 Jahre ab Beendigung des Vertrages (ab L\u00f6schung des Nutzerkontos).<\/td>\n<\/tr>\n<tr>\n<td width=\"30%\">Die Folgen der Nichtbereitstellung von Daten:<\/td>\n<td width=\"69%\">Ohne die oben genannten Informationen k\u00f6nnen wir Sie nicht kontaktieren.<\/td>\n<\/tr>\n<tr>\n<td width=\"30%\"><\/td>\n<td width=\"69%\"><\/td>\n<\/tr>\n<tr>\n<td width=\"30%\"><strong>Zweck der <\/strong><strong>Datenverarbeitung:<\/strong><\/td>\n<td width=\"69%\"><strong>Ausf\u00fchrung der Auftr\u00e4ge<\/strong><\/td>\n<\/tr>\n<tr>\n<td width=\"30%\">Rechtsgrundlage der Datenverarbeitung:<\/td>\n<td width=\"69%\">Erf\u00fcllung des mit dem Nutzer geschlossenen Vertrags (GDPR Art. 6,1b)<\/td>\n<\/tr>\n<tr>\n<td width=\"30%\">Der Umfang der von Scolia verarbeiteten Daten:<\/td>\n<td width=\"69%\">Name, Adresse, E-Mail-Adresse, Telefonnummer, Paketnummer, Wert der Sendung, gew\u00e4hlte Zahlungs- und Zustellungsart, Nachnahmebetrag, Rechnungsname und -adresse sowie alle weiteren Informationen, die Scolia im Zusammenhang mit dem Aufenthalt an der angegebenen Adresse freiwillig zur Verf\u00fcgung gestellt werden, sowie alle weiteren Informationen, die im Bestellschein angegeben sind (z.B. abweichender Name auf der T\u00fcrklingel).<\/td>\n<\/tr>\n<tr>\n<td width=\"30%\">Dauer der Datenverarbeitung:<\/td>\n<td width=\"69%\">F\u00fcr 5 Jahre ab Beendigung des Vertrages (ab L\u00f6schung des Nutzerkontos)<\/td>\n<\/tr>\n<tr>\n<td width=\"30%\">Die Folgen der Nichtbereitstellung von Daten:<\/td>\n<td width=\"69%\">Ohne die oben genannten Informationen k\u00f6nnen wir die bestellten Produkte nicht liefern.<\/td>\n<\/tr>\n<tr>\n<td width=\"30%\"><\/td>\n<td width=\"69%\"><\/td>\n<\/tr>\n<tr>\n<td width=\"30%\"><strong>Zweck der <\/strong><strong>Datenverarbeitung:<\/strong><\/td>\n<td width=\"69%\"><strong>Versand von elektronischen Nachrichten, Newslettern (einschlie\u00dflich, aber nicht beschr\u00e4nkt auf E-Mail- und SMS-Nachrichten und andere Benachrichtigungen, Banner), die f\u00fcr Scolias Produkte und Dienste werben, sowie Durchf\u00fchrung von Studien, Untersuchungen, Marktstatistiken oder Umfragen im Zusammenhang mit Scolias Produkten und Diensten<\/strong><\/td>\n<\/tr>\n<tr>\n<td width=\"30%\">Rechtsgrundlage der Datenverarbeitung:<\/td>\n<td width=\"69%\">Auf der Grundlage der Zustimmung des Nutzers (GDPR Art. 6,1a)<strong>Die Einwilligung kann jederzeit durch eine Nachricht an die in Punkt 1 genannte E-Mail-Adresse von Scolia widerrufen werden. Der Widerruf der Einwilligung ber\u00fchrt nicht die Rechtm\u00e4\u00dfigkeit der auf der Einwilligung beruhenden Verarbeitung vor deren Widerruf.<\/strong><\/td>\n<\/tr>\n<tr>\n<td width=\"30%\">Der Umfang der von Scolia verarbeiteten Daten:<\/td>\n<td width=\"69%\">Die folgenden Daten, die der Nutzer freiwillig zur Verf\u00fcgung stellt oder die \u00fcber den Nutzer oder seine Aktivit\u00e4ten (z. B. Browsing, Produktsuche und -auswahl) gesammelt werden<\/td>\n<\/tr>\n<tr>\n<td width=\"30%\">Dauer der Datenverarbeitung:<\/td>\n<td width=\"69%\">Bis zum Widerruf der Zustimmung (jedoch nicht l\u00e4nger als 5 Jahre nach L\u00f6schung des Benutzerkontos)<\/td>\n<\/tr>\n<tr>\n<td width=\"30%\">Die Folgen der Nichtbereitstellung von Daten:<\/td>\n<td width=\"69%\">Scolia wird ohne die Zustimmung des Nutzers\/der Nutzerin keine Marketinganfragen versenden oder Umfragen durchf\u00fchren.<\/td>\n<\/tr>\n<tr>\n<td width=\"30%\"><\/td>\n<td width=\"69%\"><\/td>\n<\/tr>\n<tr>\n<td width=\"30%\"><strong>Zweck der <\/strong><strong>Datenverarbeitung:<\/strong><\/td>\n<td width=\"69%\"><strong>Statistische Analyse f\u00fcr pers\u00f6nliche Statistiken und globale Statistiken<\/strong><\/td>\n<\/tr>\n<tr>\n<td width=\"30%\">Rechtsgrundlage der Datenverarbeitung:<\/td>\n<td width=\"69%\">Auf der Grundlage der Zustimmung des Nutzers (GDPR Art. 6,1a)<strong>Die Einwilligung kann jederzeit durch eine Nachricht an die in Punkt 1 genannte E-Mail-Adresse von Scolia widerrufen werden. Der Widerruf der Einwilligung ber\u00fchrt nicht die Rechtm\u00e4\u00dfigkeit der auf der Einwilligung beruhenden Verarbeitung vor deren Widerruf.<\/strong><\/td>\n<\/tr>\n<tr>\n<td width=\"30%\">Der Umfang der von Scolia verarbeiteten Daten:<\/td>\n<td width=\"69%\">Streikdaten in Bezug auf die Benutzer<\/td>\n<\/tr>\n<tr>\n<td width=\"30%\">Dauer der Datenverarbeitung:<\/td>\n<td width=\"69%\">Bis die Zustimmung zur\u00fcckgezogen wird.<\/td>\n<\/tr>\n<tr>\n<td width=\"30%\">Die Folgen der Nichtbereitstellung von Daten:<\/td>\n<td width=\"69%\">Scolia l\u00f6scht die pers\u00f6nlichen Daten des Nutzers und anonymisiert die Streikdaten. Anonymisierte Daten werden nur f\u00fcr die globale Statistik verwendet.<\/td>\n<\/tr>\n<\/tbody>\n<\/table>\n<table width=\"100%\">\n<tbody>\n<tr>\n<td width=\"30%\"><strong>\u00a0<\/strong><\/td>\n<td width=\"69%\"><strong>\u00a0<\/strong><\/td>\n<\/tr>\n<tr>\n<td width=\"30%\"><strong>Zweck der Datenverarbeitung:<\/strong><\/td>\n<td width=\"69%\"><strong>\u00dcberpr\u00fcfung der Einhaltung des Verhaltenskodexes<\/strong><\/td>\n<\/tr>\n<tr>\n<td width=\"30%\">Rechtsgrundlage der Datenverarbeitung:<\/td>\n<td width=\"69%\">Erf\u00fcllung des mit dem Nutzer geschlossenen Vertrags (GDPR Art. 6,1b)<\/td>\n<\/tr>\n<tr>\n<td width=\"30%\">Der Umfang der von Scolia verarbeiteten Daten:<\/td>\n<td width=\"69%\">Lobby-Chatverlauf, Direktnachrichtenverlauf, Kamerabilder der Dartscheibe<\/td>\n<\/tr>\n<tr>\n<td width=\"30%\">Dauer der Datenverarbeitung:<\/td>\n<td width=\"69%\">F\u00fcr 5 Jahre ab Beendigung des Vertrages (ab L\u00f6schung des Nutzerkontos)<\/td>\n<\/tr>\n<tr>\n<td width=\"30%\">Die Folgen der Nichtbereitstellung von Daten:<\/td>\n<td width=\"69%\">Wir k\u00f6nnen Beschwerden \u00fcber Verst\u00f6\u00dfe gegen den Verhaltenskodex nicht validieren.<\/td>\n<\/tr>\n<\/tbody>\n<\/table>\n<ol start=\"4\">\n<li><strong>Daten\u00fcbertragung<\/strong>\n<ul>\n<li><strong>Post- und Logistikdienstleister<\/strong>\n<ul>\n<li>Die Rechtsgrundlage f\u00fcr die Daten\u00fcbermittlung im Falle der Inanspruchnahme eines Post-Universaldienstleisters (Magyar Posta Zrt.) ist GDPR Art. 6,1e, im Lichte der Artikel 6 und 18 des Postgesetzes, w\u00e4hrend bei Postdienstleistungen au\u00dferhalb des Postuniversaldienstes (Magyar Posta Zrt.) die \u00dcbermittlung der Daten zur Durchsetzung der berechtigten Interessen von Scolia und des Postdienstleisters erforderlich ist, was sich darin manifestiert, dass ohne diese die Erf\u00fcllung und \u00dcberpr\u00fcfung des Vertrages unter den gesetzlichen Bedingungen f\u00fcr die Erbringung von Postdienstleistungen nicht m\u00f6glich w\u00e4re.<\/li>\n<li>Ist der vom Nutzer gew\u00e4hlte Kurierdienst aus Gr\u00fcnden, die nicht im Verantwortungsbereich von Scolia liegen, nicht in der Lage, das bestellte Produkt innerhalb der bei der Bestellung angegebenen Frist oder in der erwarteten Qualit\u00e4t zuzustellen, \u00fcbertr\u00e4gt Scolia das\/die zuzustellende(n) Paket(e) an einen anderen Dienstleister, um die rechtzeitige Zustellung zu gew\u00e4hrleisten, und \u00fcbermittelt die im Zusammenhang mit der Zustellung verarbeiteten Daten, die dem Nutzer in einer anderen, von der Zustellungs-E-Mail getrennten E-Mail unter Angabe der Tatsache und des Grundes der \u00c4nderung mitgeteilt werden.<\/li>\n<li>Die von den Postdienstleistern\/Kurierdiensten erbrachten Dienstleistungen unterliegen deren allgemeinen Gesch\u00e4ftsbedingungen und Datenverarbeitungsregeln, die der Nutzer mit der Annahme dieser Datenschutzrichtlinie akzeptiert.<\/li>\n<li>Im Falle von Postdiensten, die f\u00fcr die Lieferung der bestellten Produkte an den Lieferort genutzt werden, kann der Postdienstleister die personenbezogenen Daten des Nutzers als Datenverantwortlicher gem\u00e4\u00df den Bestimmungen des Postgesetzes (Artikel 54) verarbeiten, im Falle anderer Logistikdienstleister speichern die Logistikdienstleister des Unternehmens die personenbezogenen Daten des Nutzers nur bis zur Lieferung der bestellten Produkte, es sei denn, das Gesetz schreibt eine weitergehende Speicherung der Daten des Nutzers durch die Logistikdienstleister zum Zwecke der Daten\u00fcbermittlung an Beh\u00f6rden (z. B. Steuerbeh\u00f6rden) vor.<\/li>\n<\/ul>\n<\/li>\n<\/ul>\n<\/li>\n<\/ol>\n<table width=\"100%\">\n<tbody>\n<tr>\n<td width=\"33%\"><strong>Name des Postdienstleisters<\/strong><\/td>\n<td width=\"33%\"><strong>Sitz des Postdienstleisters<\/strong><\/td>\n<td width=\"33%\"><strong>Vom Postdienstleister durchgef\u00fchrte Datenverarbeitungst\u00e4tigkeiten<\/strong><\/td>\n<\/tr>\n<tr>\n<td width=\"33%\">DHL Express Magyarorsz\u00e1g Kft.<\/td>\n<td width=\"33%\">1185 Budapest, BUD Internationaler FlughafenGeb\u00e4ude 302 UNGARN<\/td>\n<td width=\"33%\">Zustellung von Paketen<\/td>\n<\/tr>\n<\/tbody>\n<\/table>\n<ul>\n<li><strong>\u00dcbermittlung von Daten an Zahlungsdienstleister<\/strong>\n<ul>\n<li>Rechtsgrundlage f\u00fcr die \u00dcbermittlung von Daten GDPR art. 6,1b (Erf\u00fcllung des Vertrags).<\/li>\n<li>Anbieter von Kreditkartenzahlungsdiensten:\u00a0<strong>Stripe Payments Europa<\/strong><\/li>\n<li>Sitz: 1, Lower Grand Canal Street, Dublin 2, Irland<\/li>\n<\/ul>\n<\/li>\n<li><strong>\u00dcbertragung der Daten an den Hosting-Provider<\/strong>\n<ul>\n<li>Hosting-Anbieter: <strong>Google Ireland Ltd.<\/strong><\/li>\n<li>Sitz: Google Building Gordon House, 4 Barrow St, Grand Canal Dock, Dublin 4, D04 V4X7, Irland<\/li>\n<\/ul>\n<\/li>\n<\/ul>\n<ol start=\"10\">\n<li><strong>Rechte des Nutzers<\/strong><\/li>\n<\/ol>\n<p style=\"padding-left: 40px;\">Der Nutzer hat die folgenden Rechte in Bezug auf personenbezogene Daten:<\/p>\n<ul>\n<li><strong>Recht auf Zugang<\/strong> - Sie k\u00f6nnen von Scolia Auskunft \u00fcber den Umfang der \u00fcber Sie verarbeiteten Daten verlangen und Zugang zu Ihren personenbezogenen Daten beantragen. Das Auskunftsrecht gibt Ihnen die M\u00f6glichkeit, eine R\u00fcckmeldung dar\u00fcber zu erhalten, ob Ihre personenbezogenen Daten verarbeitet werden, und, falls dies der Fall ist, Zugang zu Ihren personenbezogenen Daten zu erhalten, eine Kopie Ihrer personenbezogenen Daten anzufordern und von Scolia Informationen \u00fcber die Verarbeitung zu verlangen.<\/li>\n<li><strong>Das Recht auf Berichtigung - <\/strong>Sie haben das Recht, von Scolia die Berichtigung personenbezogener Daten zu verlangen, die Sie f\u00fcr unrichtig halten. Sie haben auch das Recht, Scolia aufzufordern, personenbezogene Daten, die Sie f\u00fcr unvollst\u00e4ndig halten, zu vervollst\u00e4ndigen.<\/li>\n<li><strong>Das Recht auf L\u00f6schung<\/strong> - Sie haben das Recht, von Scolia unter bestimmten Bedingungen die L\u00f6schung Ihrer personenbezogenen Daten zu verlangen.<\/li>\n<li><strong>Das Recht auf Einschr\u00e4nkung der Verarbeitung<\/strong> - Sie haben das Recht, von Scolia zu verlangen, dass die Verarbeitung Ihrer personenbezogenen Daten unter bestimmten Bedingungen eingeschr\u00e4nkt wird.<\/li>\n<li><strong>Das Recht auf Widerspruch gegen die Verarbeitung<\/strong> - Sie haben das Recht, der Verarbeitung Ihrer personenbezogenen Daten durch Scolia unter bestimmten Bedingungen zu widersprechen.<\/li>\n<li><strong>Das Recht auf Daten\u00fcbertragbarkeit - <\/strong>Sie haben das Recht auf Daten\u00fcbertragbarkeit. Im Rahmen des Rechts auf Daten\u00fcbertragbarkeit haben Sie das Recht, Ihre von Scolia verarbeiteten personenbezogenen Daten in einem strukturierten, g\u00e4ngigen und maschinenlesbaren Format zu erhalten und diese Daten ohne Behinderung durch Scolia an einen anderen Verantwortlichen zu \u00fcbermitteln. Sofern technisch machbar, kann der Nutzer auch verlangen, dass Scolia seine personenbezogenen Daten direkt an einen anderen f\u00fcr die Verarbeitung Verantwortlichen \u00fcbermittelt.<\/li>\n<li><strong>Das Recht auf Widerruf der Zustimmung<\/strong> - Sie haben au\u00dferdem das Recht, Ihre Einwilligung in die Datenverarbeitung zu widerrufen, was Sie jederzeit ohne Angabe von Gr\u00fcnden und kostenlos tun k\u00f6nnen. Bitte beachten Sie, dass der Widerruf der Einwilligung die Rechtm\u00e4\u00dfigkeit der Verarbeitung aufgrund der Einwilligung vor deren Widerruf nicht ber\u00fchrt.<\/li>\n<li>Sie sollten sich auch dar\u00fcber im Klaren sein, dass einige Ihrer Rechte ganz oder teilweise durch gesetzliche Verpflichtungen oder berechtigte Interessen von Scolia eingeschr\u00e4nkt sein k\u00f6nnen.<\/li>\n<\/ul>\n<ol start=\"11\">\n<li><strong>Recht auf Beschwerde, Rechtsbehelf<\/strong><\/li>\n<\/ol>\n<p style=\"padding-left: 40px;\">Wenn Sie eine Verletzung Ihrer Rechte im Rahmen der Datenverarbeitung feststellen, haben Sie folgende M\u00f6glichkeiten:<\/p>\n<ol>\n<li>Scolia direkt auf dem Postweg oder per E-Mail unter den in dieser Datenschutzrichtlinie angegebenen Kontaktdaten kontaktieren;<\/li>\n<li>kann im Falle einer unrechtm\u00e4\u00dfigen Verarbeitung Ihrer Daten oder einer Verletzung Ihrer Datensicherheit rechtliche Schritte einleiten. Informationen \u00fcber den Gerichtsstand und die Kontaktdaten des Gerichts finden Sie unter: www.birosagok.hu<\/li>\n<li>eine Beschwerde bei der zust\u00e4ndigen Aufsichtsbeh\u00f6rde, der Nationalen Beh\u00f6rde f\u00fcr Datenschutz und Informationsfreiheit, einreichen, wenn Sie der Meinung sind, dass Ihre personenbezogenen Daten unrechtm\u00e4\u00dfig verarbeitet werden. Kontaktinformationen der Nationalen Beh\u00f6rde f\u00fcr Datenschutz und Informationsfreiheit: H-1055 Budapest, Falk Miksa utca 9-11 Website: www.naih.hu E-Mail: <a href=\"mailto:ugyfelszolgalat@naih.hu\">ugyfelszolgalat@naih.hu<\/a><\/li>\n<li><strong>\u00c4nderungen des Datenschutzhinweises und der Warnung<\/strong><\/li>\n<\/ol>\n<p>Die Scolia beh\u00e4lt sich das Recht vor, diese Datenschutzrichtlinie jederzeit einseitig zu \u00e4ndern.<\/p>\n<p>Zuletzt aktualisiert: Juni, 2024<\/p>\n<p>Name des f\u00fcr die Datenverarbeitung Verantwortlichen: Scolia Technologies Ltd.<\/p>","protected":false},"excerpt":{"rendered":"<p>Recitals Scolia Technologies Ltd. (company registration number: 06-09-023973, seat: 6 Victor Hugo Street, 6720 Szeged, HUNGARY, hereinafter referred to as \u2019Scolia\u2019) is committed to protecting the privacy of users (hereinafter referred to as \u2018User or You\u2019) of this website (the \u2018Website\u2019) and will do everything in its power to ensure that Users\u2019 personal data is [&hellip;]<\/p>\n","protected":false},"author":1,"featured_media":0,"parent":0,"menu_order":0,"comment_status":"closed","ping_status":"closed","template":"","meta":{"inline_featured_image":false,"site-sidebar-layout":"default","site-content-layout":"","ast-site-content-layout":"default","site-content-style":"default","site-sidebar-style":"default","ast-global-header-display":"","ast-banner-title-visibility":"","ast-main-header-display":"","ast-hfb-above-header-display":"","ast-hfb-below-header-display":"","ast-hfb-mobile-header-display":"","site-post-title":"","ast-breadcrumbs-content":"","ast-featured-img":"","footer-sml-layout":"","ast-disable-related-posts":"","theme-transparent-header-meta":"default","adv-header-id-meta":"","stick-header-meta":"default","header-above-stick-meta":"","header-main-stick-meta":"","header-below-stick-meta":"","astra-migrate-meta-layouts":"set","ast-page-background-enabled":"default","ast-page-background-meta":{"desktop":{"background-color":"","background-image":"","background-repeat":"repeat","background-position":"center center","background-size":"auto","background-attachment":"scroll","background-type":"","background-media":"","overlay-type":"","overlay-color":"","overlay-opacity":"","overlay-gradient":""},"tablet":{"background-color":"","background-image":"","background-repeat":"repeat","background-position":"center center","background-size":"auto","background-attachment":"scroll","background-type":"","background-media":"","overlay-type":"","overlay-color":"","overlay-opacity":"","overlay-gradient":""},"mobile":{"background-color":"","background-image":"","background-repeat":"repeat","background-position":"center center","background-size":"auto","background-attachment":"scroll","background-type":"","background-media":"","overlay-type":"","overlay-color":"","overlay-opacity":"","overlay-gradient":""}},"ast-content-background-meta":{"desktop":{"background-color":"var(--ast-global-color-5)","background-image":"","background-repeat":"repeat","background-position":"center center","background-size":"auto","background-attachment":"scroll","background-type":"","background-media":"","overlay-type":"","overlay-color":"","overlay-opacity":"","overlay-gradient":""},"tablet":{"background-color":"var(--ast-global-color-5)","background-image":"","background-repeat":"repeat","background-position":"center center","background-size":"auto","background-attachment":"scroll","background-type":"","background-media":"","overlay-type":"","overlay-color":"","overlay-opacity":"","overlay-gradient":""},"mobile":{"background-color":"var(--ast-global-color-5)","background-image":"","background-repeat":"repeat","background-position":"center center","background-size":"auto","background-attachment":"scroll","background-type":"","background-media":"","overlay-type":"","overlay-color":"","overlay-opacity":"","overlay-gradient":""}},"footnotes":""},"class_list":["post-71797","page","type-page","status-publish","hentry"],"aioseo_notices":[],"_links":{"self":[{"href":"https:\/\/scoliadarts.com\/de\/wp-json\/wp\/v2\/pages\/71797","targetHints":{"allow":["GET"]}}],"collection":[{"href":"https:\/\/scoliadarts.com\/de\/wp-json\/wp\/v2\/pages"}],"about":[{"href":"https:\/\/scoliadarts.com\/de\/wp-json\/wp\/v2\/types\/page"}],"author":[{"embeddable":true,"href":"https:\/\/scoliadarts.com\/de\/wp-json\/wp\/v2\/users\/1"}],"replies":[{"embeddable":true,"href":"https:\/\/scoliadarts.com\/de\/wp-json\/wp\/v2\/comments?post=71797"}],"version-history":[{"count":0,"href":"https:\/\/scoliadarts.com\/de\/wp-json\/wp\/v2\/pages\/71797\/revisions"}],"wp:attachment":[{"href":"https:\/\/scoliadarts.com\/de\/wp-json\/wp\/v2\/media?parent=71797"}],"curies":[{"name":"wp","href":"https:\/\/api.w.org\/{rel}","templated":true}]}}