{"id":62894,"date":"2025-11-05T16:42:29","date_gmt":"2025-11-05T15:42:29","guid":{"rendered":"https:\/\/scoliadarts.com\/?page_id=62894"},"modified":"2026-03-31T09:31:10","modified_gmt":"2026-03-31T07:31:10","slug":"usermanual","status":"publish","type":"page","link":"https:\/\/scoliadarts.com\/de\/social\/usermanual\/","title":{"rendered":"Benutzerhandbuch"},"content":{"rendered":"<div data-elementor-type=\"wp-page\" data-elementor-id=\"62894\" class=\"elementor elementor-62894\" data-elementor-post-type=\"page\">\n\t\t\t\t<div class=\"elementor-element elementor-element-b1a42ab e-con-full e-flex e-con e-parent\" data-id=\"b1a42ab\" data-element_type=\"container\" data-e-type=\"container\" data-settings=\"{&quot;background_background&quot;:&quot;classic&quot;}\">\n\t\t\t\t<\/div>\n\t\t<div class=\"elementor-element elementor-element-9ff29ec e-con-full e-flex e-con e-parent\" data-id=\"9ff29ec\" data-element_type=\"container\" data-e-type=\"container\" data-settings=\"{&quot;background_background&quot;:&quot;classic&quot;}\">\n\t\t<div class=\"elementor-element elementor-element-d018726 belso-banner e-flex e-con-boxed e-con e-child\" data-id=\"d018726\" data-element_type=\"container\" data-e-type=\"container\">\n\t\t\t\t\t<div class=\"e-con-inner\">\n\t\t\t\t<div class=\"elementor-element elementor-element-4f8dd49 elementor-widget elementor-widget-html\" data-id=\"4f8dd49\" data-element_type=\"widget\" data-e-type=\"widget\" data-widget_type=\"html.default\">\n\t\t\t\t<div class=\"elementor-widget-container\">\n\t\t\t\t\t<style>\r\nh1, h2, h3, h4, h5 {\r\n  text-transform: none !important;\r\n}\r\n\r\n@media (max-width: 767px) {\r\n  p {\r\n    font-size: 1.1em !important;\r\n  }\r\n}\r\n\r\np {\r\n  hyphens: auto;\r\n  -webkit-hyphens: auto;\r\n  -ms-hyphens: auto;\r\n  overflow-wrap: normal;\r\n  word-break: normal;\r\n}\r\n\r\n@-moz-document url-prefix() {\r\n  p {\r\n    hyphens: auto;\r\n  }\r\n}\r\n<\/style>\r\n\t\t\t\t<\/div>\n\t\t\t\t<\/div>\n\t\t\t\t<div class=\"elementor-element elementor-element-05bb509 elementor-widget elementor-widget-heading\" data-id=\"05bb509\" data-element_type=\"widget\" data-e-type=\"widget\" data-settings=\"{&quot;_animation&quot;:&quot;none&quot;}\" data-widget_type=\"heading.default\">\n\t\t\t\t<div class=\"elementor-widget-container\">\n\t\t\t\t\t<h2 class=\"elementor-heading-title elementor-size-default\">Benutzerhandbuch<\/h2>\t\t\t\t<\/div>\n\t\t\t\t<\/div>\n\t\t\t\t<div class=\"elementor-element elementor-element-ea2a9a3 elementor-widget elementor-widget-text-editor\" data-id=\"ea2a9a3\" data-element_type=\"widget\" data-e-type=\"widget\" data-widget_type=\"text-editor.default\">\n\t\t\t\t<div class=\"elementor-widget-container\">\n\t\t\t\t\t\t\t\t\t<p>Folgen Sie dieser Anleitung, um Ihr Scolia Social System schnell einzurichten.<\/p><h3>Zusammenbau Ihrer Einheit<\/h3><p>Bevor Sie die Social Box installieren, stellen Sie sicher, dass Ihr Scolia-System bereits installiert ist und funktioniert. Sie finden die Scolia-Einrichtungsanleitungen in Ihrem Paket oder online <a href=\"https:\/\/scoliadarts.com\/de\/user-manuals\/\">hier<\/a>. Sobald Ihr Scolia-System betriebsbereit ist, k\u00f6nnen Sie mit der Einrichtung der Social Box fortfahren.<\/p><p>Die Social Box muss nicht physisch mit der Scolia-Board-Einheit verbunden sein. Die Social Box kommuniziert mit dem bestehenden Scolia-Board \u00fcber das Internet, solange beide Ger\u00e4te online sind.<\/p><h4>Einrichten Ihrer Social Box:<\/h4><ol><li>Schlie\u00dfen Sie das Netzteil an die Social Box an.<\/li><li>Verbinden Sie die Social Box \u00fcber ein Ethernet-Kabel mit dem Internet.<\/li><li>Schlie\u00dfen Sie die Social Box \u00fcber das mitgelieferte HDMI-Kabel an Ihren Fernseher an.<\/li><li>Schalten Sie die Social Box und Ihren Fernseher ein - sie wird sich automatisch initialisieren und das Scolia Social Display starten.<\/li><li>Nimm ein Tablet und scanne den QR-Code, der auf deinem Fernseher angezeigt wird. Die Sitzung wird automatisch gestartet und Sie sind bereit zu spielen!<\/li><\/ol><h4>Social Box Anmeldung<\/h4><p>Um mit Scolia Social spielen zu k\u00f6nnen, m\u00fcssen Sie die Social Box registrieren und sie an ein Board anh\u00e4ngen\u00a0<a href=\"http:\/\/game.scoliadarts.com\" target=\"_blank\" rel=\"noopener\">game.scoliadarts.com<\/a>. Derzeit erfolgt dies manuell, wenn Sie die Social Box bestellen. Wenden Sie sich daher bitte an Ihren Kundenbetreuer, um sicherzustellen, dass der Vorgang abgeschlossen ist.<\/p><h4>Activating Your Social Subscription<\/h4><p>Once the Social Box is attached to your board, navigate to the Board Details page in My Boards menu. If the device is recognized correctly, you will see the Social ready badge displayed on your board&#8217;s profile.<\/p><p>To get started:<\/p><ol><li>Click on the Subscribe button to open the subscription panel.<\/li><li>Fill out the form and complete the checkout process.<\/li><li>Once your subscription is confirmed, your board is immediately ready to use Social Games.<\/li><\/ol><p>Note: If the Social Ready badge does not appear on your Board&#8217;s profile, please contact your account representative to ensure the Social Box has been correctly added to your Board.<\/p><h4>Einrichtung auf Ihrem Tablet<\/h4><ul><li>Scannen Sie auf Ihrem Tablet den QR-Code oder gehen Sie zu <a href=\"https:\/\/social.scoliadarts.com\" target=\"_blank\" rel=\"noopener\">social.scoliadarts.com<\/a> und geben Sie den auf Ihrem Fernsehger\u00e4t angezeigten Code ein.<\/li><li>F\u00fcr ein reibungsloseres Erlebnis empfehlen wir, die Webanwendung als PWA (Progressive Web App) auf dem Startbildschirm Ihres Tablets zu speichern.<\/li><li>Sie k\u00f6nnen das Tablet-Ger\u00e4t mit dem Anzeigeger\u00e4t koppeln, damit die Benutzer die Ger\u00e4te nicht bei jedem Systemstart neu verbinden m\u00fcssen. Wir bezeichnen dies als Fixed Device Mode.<\/li><\/ul>\t\t\t\t\t\t\t\t<\/div>\n\t\t\t\t<\/div>\n\t\t\t\t<div class=\"elementor-element elementor-element-5dd7fc0 elementor-widget elementor-widget-heading\" data-id=\"5dd7fc0\" data-element_type=\"widget\" data-e-type=\"widget\" data-widget_type=\"heading.default\">\n\t\t\t\t<div class=\"elementor-widget-container\">\n\t\t\t\t\t<h3 class=\"elementor-heading-title elementor-size-default\">Fester Ger\u00e4temodus\n<\/h3>\t\t\t\t<\/div>\n\t\t\t\t<\/div>\n\t\t\t\t<div class=\"elementor-element elementor-element-b722650 elementor-widget elementor-widget-text-editor\" data-id=\"b722650\" data-element_type=\"widget\" data-e-type=\"widget\" data-widget_type=\"text-editor.default\">\n\t\t\t\t<div class=\"elementor-widget-container\">\n\t\t\t\t\t\t\t\t\t<p>Sie k\u00f6nnen das Konfigurationsger\u00e4t mit dem Anzeigeger\u00e4t koppeln, damit die Benutzer die Ger\u00e4te nicht bei jedem Systemstart neu verbinden m\u00fcssen. Wir bezeichnen dies als Fixed Device Mode. Sobald der Fixed Device Mode eingerichtet ist, schalten Sie einfach die Social Box ein und das Konfigurationsger\u00e4t verbindet sich automatisch mit ihr, ohne dass eine erneute Codeeingabe erforderlich ist.<\/p>\t\t\t\t\t\t\t\t<\/div>\n\t\t\t\t<\/div>\n\t\t\t\t<div class=\"elementor-element elementor-element-c5887ad elementor-widget elementor-widget-image\" data-id=\"c5887ad\" data-element_type=\"widget\" data-e-type=\"widget\" data-widget_type=\"image.default\">\n\t\t\t\t<div class=\"elementor-widget-container\">\n\t\t\t\t\t\t\t\t\t\t\t\t\t\t\t<img decoding=\"async\" width=\"1116\" height=\"707\" src=\"https:\/\/scoliadarts.com\/wp-content\/uploads\/2025\/11\/DisplayCodeBlackShadow.png\" class=\"attachment-full size-full wp-image-63670\" alt=\"Code anzeigen\" srcset=\"https:\/\/scoliadarts.com\/wp-content\/uploads\/2025\/11\/DisplayCodeBlackShadow.png 1116w, https:\/\/scoliadarts.com\/wp-content\/uploads\/2025\/11\/DisplayCodeBlackShadow-300x190.png 300w, https:\/\/scoliadarts.com\/wp-content\/uploads\/2025\/11\/DisplayCodeBlackShadow-1024x649.png 1024w, https:\/\/scoliadarts.com\/wp-content\/uploads\/2025\/11\/DisplayCodeBlackShadow-768x487.png 768w, https:\/\/scoliadarts.com\/wp-content\/uploads\/2025\/11\/DisplayCodeBlackShadow-600x380.png 600w\" sizes=\"(max-width: 1116px) 100vw, 1116px\" \/>\t\t\t\t\t\t\t\t\t\t\t\t\t\t\t<\/div>\n\t\t\t\t<\/div>\n\t\t\t\t<div class=\"elementor-element elementor-element-5bca6de elementor-widget elementor-widget-text-editor\" data-id=\"5bca6de\" data-element_type=\"widget\" data-e-type=\"widget\" data-widget_type=\"text-editor.default\">\n\t\t\t\t<div class=\"elementor-widget-container\">\n\t\t\t\t\t\t\t\t\t<p>Wenn Sie sich auf dem Einf\u00fchrungsbildschirm befinden, geben Sie statt des Anzeigeger\u00e4tecodes den folgenden Code ein: <strong>SC0LI4<\/strong>. Bitte beachten Sie, dass <strong>0<\/strong> ist die Zahl Null und <strong>4<\/strong> ist die Nummer vier. Danach geben Sie die Seriennummer Ihres Scolia-Systems in das Eingabefeld ein und klicken auf <strong>Einstellung<\/strong>.<\/p><p>Dadurch wird der Festeinbau-Modus erfolgreich aktiviert. Wenn Sie die Seriennummer entfernen und den Festeinbau-Modus deaktivieren m\u00f6chten, schalten Sie zun\u00e4chst die Social Box aus und wieder ein. Geben Sie dann<strong> SC0LI4<\/strong> erneut und l\u00f6schen Sie die Seriennummer. Dadurch wird das System wieder in den Standardmodus versetzt.<\/p>\t\t\t\t\t\t\t\t<\/div>\n\t\t\t\t<\/div>\n\t\t<div class=\"elementor-element elementor-element-3e6cfbc e-con-full e-flex e-con e-child\" data-id=\"3e6cfbc\" data-element_type=\"container\" data-e-type=\"container\">\n\t\t\t\t<div class=\"elementor-element elementor-element-f9a18c5 elementor-widget elementor-widget-image\" data-id=\"f9a18c5\" data-element_type=\"widget\" data-e-type=\"widget\" data-widget_type=\"image.default\">\n\t\t\t\t<div class=\"elementor-widget-container\">\n\t\t\t\t\t\t\t\t\t\t\t\t\t\t\t<img decoding=\"async\" width=\"374\" height=\"379\" src=\"https:\/\/scoliadarts.com\/wp-content\/uploads\/2025\/11\/SerialNumberInputBlackShadow.png\" class=\"attachment-large size-large wp-image-63669\" alt=\"Seriennummer\" srcset=\"https:\/\/scoliadarts.com\/wp-content\/uploads\/2025\/11\/SerialNumberInputBlackShadow.png 374w, https:\/\/scoliadarts.com\/wp-content\/uploads\/2025\/11\/SerialNumberInputBlackShadow-296x300.png 296w, https:\/\/scoliadarts.com\/wp-content\/uploads\/2025\/11\/SerialNumberInputBlackShadow-100x100.png 100w, https:\/\/scoliadarts.com\/wp-content\/uploads\/2025\/11\/SerialNumberInputBlackShadow-32x32.png 32w\" sizes=\"(max-width: 374px) 100vw, 374px\" \/>\t\t\t\t\t\t\t\t\t\t\t\t\t\t\t<\/div>\n\t\t\t\t<\/div>\n\t\t\t\t<\/div>\n\t\t\t\t<div class=\"elementor-element elementor-element-a0de445 elementor-widget elementor-widget-heading\" data-id=\"a0de445\" data-element_type=\"widget\" data-e-type=\"widget\" data-widget_type=\"heading.default\">\n\t\t\t\t<div class=\"elementor-widget-container\">\n\t\t\t\t\t<h4 class=\"elementor-heading-title elementor-size-default\">Kiosk-Modus\n<\/h4>\t\t\t\t<\/div>\n\t\t\t\t<\/div>\n\t\t\t\t<div class=\"elementor-element elementor-element-5a8ebec elementor-widget elementor-widget-text-editor\" data-id=\"5a8ebec\" data-element_type=\"widget\" data-e-type=\"widget\" data-widget_type=\"text-editor.default\">\n\t\t\t\t<div class=\"elementor-widget-container\">\n\t\t\t\t\t\t\t\t\t<p>Der Kiosk-Modus ist ideal f\u00fcr Veranstaltungsorte und Bars, um eine versehentliche Fehlkonfiguration des Tablets zu verhindern. Sie k\u00f6nnen ihn so einrichten, dass auf dem Tablet nur der Scolia Social Configurator l\u00e4uft und die Spieler auf nichts anderes zugreifen k\u00f6nnen.<\/p><p>Es ist wichtig anzumerken, dass das Screen Pinning von Android zwar ein n\u00fctzliches Tool f\u00fcr die Nutzung einer einzelnen App ist, aber im Vergleich zum Guided Access von iOS einige Einschr\u00e4nkungen aufweist. So ist es zum Beispiel nicht m\u00f6glich, ein eindeutiges Kennwort f\u00fcr den angehefteten Bildschirm festzulegen; jeder, der das Kennwort f\u00fcr das Hauptger\u00e4t hat, kann die Anheftung der App aufheben. Au\u00dferdem k\u00f6nnen Benutzer nicht verhindern, dass sie die Lautst\u00e4rkeregelung anpassen, das Display ausschalten oder auf bestimmte Bereiche des Bildschirms zugreifen.<\/p>\t\t\t\t\t\t\t\t<\/div>\n\t\t\t\t<\/div>\n\t\t\t\t<div class=\"elementor-element elementor-element-77c03c6 elementor-widget elementor-widget-heading\" data-id=\"77c03c6\" data-element_type=\"widget\" data-e-type=\"widget\" data-settings=\"{&quot;_animation&quot;:&quot;none&quot;}\" data-widget_type=\"heading.default\">\n\t\t\t\t<div class=\"elementor-widget-container\">\n\t\t\t\t\t<h4 class=\"elementor-heading-title elementor-size-default\">iOS Gef\u00fchrter Zugang\n<\/h4>\t\t\t\t<\/div>\n\t\t\t\t<\/div>\n\t\t\t\t<div class=\"elementor-element elementor-element-49ef53e elementor-widget elementor-widget-text-editor\" data-id=\"49ef53e\" data-element_type=\"widget\" data-e-type=\"widget\" data-widget_type=\"text-editor.default\">\n\t\t\t\t<div class=\"elementor-widget-container\">\n\t\t\t\t\t\t\t\t\t<ol><li>Gehen Sie zu Einstellungen &gt; Eingabehilfen und aktivieren Sie dann den gef\u00fchrten Zugriff.<\/li><li>Tippen Sie auf Passcode-Einstellungen und dann auf Passcode f\u00fcr gef\u00fchrten Zugriff festlegen.<\/li><li>Geben Sie einen Passcode ein und wiederholen Sie ihn dann. Von hier aus k\u00f6nnen Sie auch Face ID oder Touch ID einschalten, um eine Guided Access-Sitzung zu beenden.<\/li><\/ol>\t\t\t\t\t\t\t\t<\/div>\n\t\t\t\t<\/div>\n\t\t\t\t<div class=\"elementor-element elementor-element-caa6a64 elementor-widget elementor-widget-image\" data-id=\"caa6a64\" data-element_type=\"widget\" data-e-type=\"widget\" data-widget_type=\"image.default\">\n\t\t\t\t<div class=\"elementor-widget-container\">\n\t\t\t\t\t\t\t\t\t\t\t\t\t\t\t<img decoding=\"async\" width=\"1024\" height=\"712\" src=\"https:\/\/scoliadarts.com\/wp-content\/uploads\/2025\/11\/Guided-Access-min-1024x712.jpg\" class=\"attachment-large size-large wp-image-63621\" alt=\"Gef\u00fchrter Zugang\" srcset=\"https:\/\/scoliadarts.com\/wp-content\/uploads\/2025\/11\/Guided-Access-min-1024x712.jpg 1024w, https:\/\/scoliadarts.com\/wp-content\/uploads\/2025\/11\/Guided-Access-min-300x208.jpg 300w, https:\/\/scoliadarts.com\/wp-content\/uploads\/2025\/11\/Guided-Access-min-768x534.jpg 768w, https:\/\/scoliadarts.com\/wp-content\/uploads\/2025\/11\/Guided-Access-min-1536x1067.jpg 1536w, https:\/\/scoliadarts.com\/wp-content\/uploads\/2025\/11\/Guided-Access-min-2048x1423.jpg 2048w, https:\/\/scoliadarts.com\/wp-content\/uploads\/2025\/11\/Guided-Access-min-600x417.jpg 600w\" sizes=\"(max-width: 1024px) 100vw, 1024px\" \/>\t\t\t\t\t\t\t\t\t\t\t\t\t\t\t<\/div>\n\t\t\t\t<\/div>\n\t\t\t\t<div class=\"elementor-element elementor-element-f7403a4 elementor-widget elementor-widget-heading\" data-id=\"f7403a4\" data-element_type=\"widget\" data-e-type=\"widget\" data-widget_type=\"heading.default\">\n\t\t\t\t<div class=\"elementor-widget-container\">\n\t\t\t\t\t<h5 class=\"elementor-heading-title elementor-size-default\">Starten Sie eine Guided Access-Sitzung \n\n<\/h5>\t\t\t\t<\/div>\n\t\t\t\t<\/div>\n\t\t\t\t<div class=\"elementor-element elementor-element-5cef2f0 elementor-widget elementor-widget-text-editor\" data-id=\"5cef2f0\" data-element_type=\"widget\" data-e-type=\"widget\" data-widget_type=\"text-editor.default\">\n\t\t\t\t<div class=\"elementor-widget-container\">\n\t\t\t\t\t\t\t\t\t<ol><li>\u00d6ffnen Sie die gew\u00fcnschte Anwendung.<\/li><li>Auf einem iPhone X oder h\u00f6her klicken Sie dreimal auf die Seitentaste. Auf einem iPhone 8 oder h\u00f6her klicken Sie dreimal auf die Home-Taste.<\/li><li>Wenn Sie m\u00f6chten, dass Teile des Bildschirms nicht mehr auf Ber\u00fchrungen reagieren, kreisen Sie diese Bereiche mit einem Finger ein. Sie k\u00f6nnen den Kreis verschieben oder in der Gr\u00f6\u00dfe ver\u00e4ndern, oder Sie tippen auf das X, um ihn zu entfernen.<\/li><li>Tippen Sie auf Gef\u00fchrter Zugriff und dann auf Start.<\/li><\/ol>\t\t\t\t\t\t\t\t<\/div>\n\t\t\t\t<\/div>\n\t\t\t\t<div class=\"elementor-element elementor-element-f6bd5db elementor-widget elementor-widget-heading\" data-id=\"f6bd5db\" data-element_type=\"widget\" data-e-type=\"widget\" data-widget_type=\"heading.default\">\n\t\t\t\t<div class=\"elementor-widget-container\">\n\t\t\t\t\t<h5 class=\"elementor-heading-title elementor-size-default\">Beenden einer Guided Access-Sitzung\n\n<\/h5>\t\t\t\t<\/div>\n\t\t\t\t<\/div>\n\t\t\t\t<div class=\"elementor-element elementor-element-9c3a37e elementor-widget elementor-widget-text-editor\" data-id=\"9c3a37e\" data-element_type=\"widget\" data-e-type=\"widget\" data-widget_type=\"text-editor.default\">\n\t\t\t\t<div class=\"elementor-widget-container\">\n\t\t\t\t\t\t\t\t\t<ol><li>Klicken Sie dreimal auf die Seiten- oder Home-Taste, geben Sie Ihren Passcode f\u00fcr den gef\u00fchrten Zugriff ein und tippen Sie dann auf Ende. Oder wenn Sie Touch ID oder Face ID f\u00fcr den gef\u00fchrten Zugriff aktiviert haben, doppelklicken Sie auf die Seiten- oder Home-Taste.<\/li><\/ol><p>Referenz: <a href=\"https:\/\/support.apple.com\/en-us\/111795\">https:\/\/support.apple.com\/en-us\/111795<\/a><\/p>\t\t\t\t\t\t\t\t<\/div>\n\t\t\t\t<\/div>\n\t\t\t\t<div class=\"elementor-element elementor-element-03b5466 elementor-widget elementor-widget-heading\" data-id=\"03b5466\" data-element_type=\"widget\" data-e-type=\"widget\" data-settings=\"{&quot;_animation&quot;:&quot;none&quot;}\" data-widget_type=\"heading.default\">\n\t\t\t\t<div class=\"elementor-widget-container\">\n\t\t\t\t\t<h4 class=\"elementor-heading-title elementor-size-default\">Android Pin &amp; Unpin Bildschirme\n<\/h4>\t\t\t\t<\/div>\n\t\t\t\t<\/div>\n\t\t\t\t<div class=\"elementor-element elementor-element-85de06d elementor-widget elementor-widget-text-editor\" data-id=\"85de06d\" data-element_type=\"widget\" data-e-type=\"widget\" data-widget_type=\"text-editor.default\">\n\t\t\t\t<div class=\"elementor-widget-container\">\n\t\t\t\t\t\t\t\t\t<p>Referenz: <a href=\"https:\/\/support.google.com\/android\/answer\/9455138?hl=en#zippy=%2Cif-youre-using-android-below\">https:\/\/support.google.com\/android\/answer\/9455138?hl=en#zippy=%2Cif-youre-using-android-below<\/a><\/p>\t\t\t\t\t\t\t\t<\/div>\n\t\t\t\t<\/div>\n\t\t\t\t\t<\/div>\n\t\t\t\t<\/div>\n\t\t\t\t<\/div>\n\t\t\t\t<\/div>","protected":false},"excerpt":{"rendered":"<p>User Manual Follow this guide to set up your Scolia Social system quickly. Assembling Your Unit Before installing the Social Box, make sure that your Scolia system is already installed and working. You can find the Scolia setup manuals in your package or online here. Once your Scolia system is operational, you can proceed with [&hellip;]<\/p>\n","protected":false},"author":2,"featured_media":0,"parent":63899,"menu_order":0,"comment_status":"closed","ping_status":"closed","template":"","meta":{"inline_featured_image":false,"site-sidebar-layout":"no-sidebar","site-content-layout":"page-builder","ast-site-content-layout":"full-width-container","site-content-style":"default","site-sidebar-style":"default","ast-global-header-display":"","ast-banner-title-visibility":"","ast-main-header-display":"","ast-hfb-above-header-display":"","ast-hfb-below-header-display":"","ast-hfb-mobile-header-display":"","site-post-title":"disabled","ast-breadcrumbs-content":"","ast-featured-img":"disabled","footer-sml-layout":"","ast-disable-related-posts":"","theme-transparent-header-meta":"default","adv-header-id-meta":"","stick-header-meta":"default","header-above-stick-meta":"","header-main-stick-meta":"","header-below-stick-meta":"","astra-migrate-meta-layouts":"set","ast-page-background-enabled":"default","ast-page-background-meta":{"desktop":{"background-color":"","background-image":"","background-repeat":"repeat","background-position":"center center","background-size":"auto","background-attachment":"scroll","background-type":"","background-media":"","overlay-type":"","overlay-color":"","overlay-opacity":"","overlay-gradient":""},"tablet":{"background-color":"","background-image":"","background-repeat":"repeat","background-position":"center center","background-size":"auto","background-attachment":"scroll","background-type":"","background-media":"","overlay-type":"","overlay-color":"","overlay-opacity":"","overlay-gradient":""},"mobile":{"background-color":"","background-image":"","background-repeat":"repeat","background-position":"center center","background-size":"auto","background-attachment":"scroll","background-type":"","background-media":"","overlay-type":"","overlay-color":"","overlay-opacity":"","overlay-gradient":""}},"ast-content-background-meta":{"desktop":{"background-color":"var(--ast-global-color-5)","background-image":"","background-repeat":"repeat","background-position":"center center","background-size":"auto","background-attachment":"scroll","background-type":"","background-media":"","overlay-type":"","overlay-color":"","overlay-opacity":"","overlay-gradient":""},"tablet":{"background-color":"var(--ast-global-color-5)","background-image":"","background-repeat":"repeat","background-position":"center center","background-size":"auto","background-attachment":"scroll","background-type":"","background-media":"","overlay-type":"","overlay-color":"","overlay-opacity":"","overlay-gradient":""},"mobile":{"background-color":"var(--ast-global-color-5)","background-image":"","background-repeat":"repeat","background-position":"center center","background-size":"auto","background-attachment":"scroll","background-type":"","background-media":"","overlay-type":"","overlay-color":"","overlay-opacity":"","overlay-gradient":""}},"footnotes":""},"class_list":["post-62894","page","type-page","status-publish","hentry"],"aioseo_notices":[],"_links":{"self":[{"href":"https:\/\/scoliadarts.com\/de\/wp-json\/wp\/v2\/pages\/62894","targetHints":{"allow":["GET"]}}],"collection":[{"href":"https:\/\/scoliadarts.com\/de\/wp-json\/wp\/v2\/pages"}],"about":[{"href":"https:\/\/scoliadarts.com\/de\/wp-json\/wp\/v2\/types\/page"}],"author":[{"embeddable":true,"href":"https:\/\/scoliadarts.com\/de\/wp-json\/wp\/v2\/users\/2"}],"replies":[{"embeddable":true,"href":"https:\/\/scoliadarts.com\/de\/wp-json\/wp\/v2\/comments?post=62894"}],"version-history":[{"count":0,"href":"https:\/\/scoliadarts.com\/de\/wp-json\/wp\/v2\/pages\/62894\/revisions"}],"up":[{"embeddable":true,"href":"https:\/\/scoliadarts.com\/de\/wp-json\/wp\/v2\/pages\/63899"}],"wp:attachment":[{"href":"https:\/\/scoliadarts.com\/de\/wp-json\/wp\/v2\/media?parent=62894"}],"curies":[{"name":"wp","href":"https:\/\/api.w.org\/{rel}","templated":true}]}}