{"id":3,"date":"2019-04-15T12:13:08","date_gmt":"2019-04-15T12:13:08","guid":{"rendered":"https:\/\/scoliadarts.com\/?page_id=3"},"modified":"2023-06-01T06:31:52","modified_gmt":"2023-06-01T06:31:52","slug":"privacy-policy","status":"publish","type":"page","link":"https:\/\/scoliadarts.com\/de\/privacy-policy\/","title":{"rendered":"Datenschutzrichtlinie v1"},"content":{"rendered":"<header class=\"entry-header ast-no-thumbnail ast-no-meta\">\n<h1 class=\"entry-title\">SCOLIA TECHNOLOGIES LTD Datenschutzrichtlinie<\/h1>\n<\/header>\n<div class=\"entry-content clear\">\n<p>SCOLIA Technologies Ltd. ist ein privates Unternehmen. In dieser Datenschutzerkl\u00e4rung wird erl\u00e4utert, wie unser Unternehmen die pers\u00f6nlichen Daten verwendet, die wir von Ihnen bei der Nutzung unserer Website erfassen.<\/p>\n<h2>Themen:<\/h2>\n<ul>\n<li>Welche Daten sammeln wir?<\/li>\n<li>Wie sammeln wir Ihre Daten?<\/li>\n<li>Wie werden wir Ihre Daten verwenden?<\/li>\n<li>Wie speichern wir Ihre Daten?<\/li>\n<li>Marketing<\/li>\n<li>Welche Rechte haben Sie in Bezug auf den Datenschutz?<\/li>\n<li>Was sind Cookies?<\/li>\n<li>Wie verwenden wir Cookies?<\/li>\n<li>Welche Arten von Cookies verwenden wir?<\/li>\n<li>Wie Sie Ihre Cookies verwalten<\/li>\n<li>Datenschutzrichtlinien anderer Websites<\/li>\n<li>\u00c4nderungen an unserer Datenschutzpolitik<\/li>\n<li>Wie Sie uns kontaktieren k\u00f6nnen<\/li>\n<li>Kontaktaufnahme mit den zust\u00e4ndigen Beh\u00f6rden<\/li>\n<\/ul>\n<h2><strong>Welche Daten sammeln wir?<\/strong><\/h2>\n<p>SCOLIA Technologies Ltd. sammelt die folgenden Daten:<\/p>\n<ul>\n<li>Pers\u00f6nliche Identifikationsdaten (Name, E-Mail-Adresse, Adresse, Telefonnummer usw.)<\/li>\n<li>Pers\u00f6nliche Ergebnisprotokolle f\u00fcr statistische Analysen<\/li>\n<\/ul>\n<h2><strong>Wie sammeln wir Ihre Daten?<\/strong><\/h2>\n<p>Die meisten der von uns erfassten Daten stellen Sie SCOLIA Technologies Ltd. direkt zur Verf\u00fcgung. Wir sammeln Daten und verarbeiten Daten, wenn Sie:<\/p>\n<ul>\n<li>Registrieren Sie sich online oder geben Sie eine Bestellung f\u00fcr eines unserer Produkte oder eine unserer Dienstleistungen auf.<\/li>\n<li>Freiwillig eine Kundenumfrage ausf\u00fcllen oder auf einem unserer Messageboards oder per E-Mail Feedback geben.<\/li>\n<li>Sie k\u00f6nnen unsere Website \u00fcber die Cookies Ihres Browsers nutzen oder ansehen.<\/li>\n<li>Nutzen Sie unseren Spieleservice unter dem Domainnamen game.scoliadarts.com<\/li>\n<\/ul>\n<p>SCOLIA Technologies Ltd. kann Ihre Daten auch indirekt aus den folgenden Quellen erhalten:<\/p>\n<ul>\n<li>Statistische Daten der von anderen Spielern auf Ihrem Brett gespielten Partien<\/li>\n<\/ul>\n<h2><strong>Wie werden wir Ihre Daten verwenden?<\/strong><\/h2>\n<p>SCOLIA Technologies Ltd. sammelt Ihre Daten, damit wir sie nutzen k\u00f6nnen:<\/p>\n<ul>\n<li>Bearbeiten Sie Ihre Bestellung und verwalten Sie Ihr Konto.<\/li>\n<li>Sie per E-Mail \u00fcber Sonderangebote f\u00fcr andere Produkte und Dienstleistungen zu informieren, die Sie interessieren k\u00f6nnten.<\/li>\n<li>Zeigen Sie Ihren Spielverlauf und Ihre pers\u00f6nlichen Aufzeichnungen auf Scolia-Systemen an<\/li>\n<\/ul>\n<p>Wenn SCOLIA Technologies Ltd. Ihre Bestellung bearbeitet, kann das Unternehmen Ihre Daten an Kreditauskunfteien \u00fcbermitteln und die daraus resultierenden Informationen nutzen, um betr\u00fcgerische K\u00e4ufe zu verhindern.<\/p>\n<h2><strong>Wie speichern wir Ihre Daten?<\/strong><\/h2>\n<p>SCOLIA Technologies Ltd. speichert Ihre Daten sicher auf der Google Cloud Platform, die haupts\u00e4chlich in Belgien gehostet wird.<\/p>\n<p>SCOLIA Technologies Ltd. bewahrt Ihre pers\u00f6nlichen Daten und Ihre Spieldaten so lange auf, bis Sie sich entschlie\u00dfen, diese bei der L\u00f6schung der Registrierung zu l\u00f6schen. Sobald Sie die L\u00f6schung Ihrer Registrierung veranlasst haben und nicht mehr berechtigt sind, Scolia-Dienste in Anspruch zu nehmen, werden wir Ihre Daten innerhalb von 30 Tagen automatisch l\u00f6schen. Spielstatistiken werden anonymisiert und f\u00fcr globale statistische Daten weiterverwendet.<\/p>\n<h2><strong>Marketing<\/strong><\/h2>\n<p>SCOLIA Technologies Ltd. m\u00f6chte Ihnen Informationen \u00fcber Produkte und Dienstleistungen von uns und unseren Partnerunternehmen zusenden, die Sie interessieren k\u00f6nnten.<\/p>\n<p>Wenn Sie dem Erhalt von Werbung zugestimmt haben, k\u00f6nnen Sie sich jederzeit zu einem sp\u00e4teren Zeitpunkt abmelden.<\/p>\n<p>Sie haben jederzeit das Recht, SCOLIA Technologies Ltd. davon abzuhalten, Sie zu Marketingzwecken zu kontaktieren oder Ihre Daten an andere Mitglieder der SCOLIA Technologies Ltd. Gruppe weiterzugeben.<\/p>\n<p>Wenn Sie nicht mehr zu Marketingzwecken kontaktiert werden m\u00f6chten, senden Sie bitte eine E-Mail an unsere unten stehende E-Mail-Adresse.<\/p>\n<h2><strong>Welche Rechte haben Sie in Bezug auf den Datenschutz?<\/strong><\/h2>\n<p>SCOLIA Technologies Ltd. m\u00f6chte sicherstellen, dass Sie \u00fcber alle Ihre Datenschutzrechte informiert sind. Jeder Nutzer hat Anspruch auf die folgenden Rechte:<\/p>\n<p><strong>Das Recht auf Zugang<\/strong>\u00a0- Sie haben das Recht, von SCOLIA Technologies Ltd. Kopien Ihrer pers\u00f6nlichen Daten zu verlangen. F\u00fcr diesen Service k\u00f6nnen wir Ihnen eine geringe Geb\u00fchr in Rechnung stellen.<\/p>\n<p><strong>Das Recht auf Berichtigung<\/strong>\u00a0- Sie haben das Recht, von SCOLIA Technologies Ltd. die Berichtigung von Informationen zu verlangen, die Sie f\u00fcr unrichtig halten. Sie haben auch das Recht, SCOLIA Technologies Ltd. aufzufordern, die Informationen, die Sie f\u00fcr unvollst\u00e4ndig halten, zu vervollst\u00e4ndigen.<\/p>\n<p><strong>Das Recht auf L\u00f6schung<\/strong>\u00a0- Sie haben das Recht, von SCOLIA Technologies Ltd. unter bestimmten Bedingungen die L\u00f6schung Ihrer pers\u00f6nlichen Daten zu verlangen.<\/p>\n<p><strong>Das Recht auf Einschr\u00e4nkung der Verarbeitung<\/strong>\u00a0- Sie haben das Recht zu verlangen, dass SCOLIA Technologies Ltd. die Verarbeitung Ihrer personenbezogenen Daten unter bestimmten Bedingungen einschr\u00e4nkt.<\/p>\n<p><strong>Das Recht auf Widerspruch gegen die Verarbeitung<\/strong>\u00a0- Sie haben das Recht, der Verarbeitung Ihrer pers\u00f6nlichen Daten durch SCOLIA Technologies Ltd. unter bestimmten Bedingungen zu widersprechen.<\/p>\n<p><strong>Das Recht auf Daten\u00fcbertragbarkeit<\/strong>\u00a0- Sie haben das Recht zu verlangen, dass SCOLIA Technologies Ltd. die von uns gesammelten Daten unter bestimmten Bedingungen an eine andere Organisation oder direkt an Sie \u00fcbermittelt.<\/p>\n<p>Wenn Sie eine Anfrage stellen, haben wir einen Monat Zeit, Ihnen zu antworten. Wenn Sie eines dieser Rechte aus\u00fcben m\u00f6chten, kontaktieren Sie uns bitte per E-Mail:<\/p>\n<p>Oder schreiben Sie uns: info@scoliadarts.com<\/p>\n<h2><strong>Cookies<\/strong><\/h2>\n<p>Cookies sind Textdateien, die auf Ihrem Computer abgelegt werden, um Standard-Internetprotokolldaten und Informationen zum Besucherverhalten zu sammeln. Wenn Sie unsere Websites besuchen, k\u00f6nnen wir mit Hilfe von Cookies oder \u00e4hnlichen Technologien automatisch Informationen \u00fcber Sie sammeln<\/p>\n<p>Weitere Informationen finden Sie unter\u00a0<a href=\"http:\/\/www.allaboutcookies.org\/\" target=\"_blank\" rel=\"noreferrer noopener\" aria-label=\" (\u00f6ffnet in einer neuen Registerkarte)\">allaboutcookies.org<\/a>.<\/p>\n<h2><strong>Wie verwenden wir Cookies?<\/strong><\/h2>\n<p>SCOLIA Technologies Ltd. verwendet Cookies auf verschiedene Weise, um Ihre Erfahrung auf unserer Website zu verbessern, einschlie\u00dflich:<\/p>\n<ul>\n<li>Angemeldet bleiben<\/li>\n<li>Verstehen, wie Sie unsere Website nutzen<\/li>\n<\/ul>\n<p><strong>Welche Arten von Cookies verwenden wir?<\/strong><\/p>\n<p>Es gibt eine Reihe verschiedener Arten von Cookies, aber unsere Website verwendet sie:<\/p>\n<ul>\n<li>Funktionalit\u00e4t - SCOLIA Technologies Ltd. verwendet diese Cookies, damit wir Sie auf unserer Website wiedererkennen und uns an Ihre zuvor gew\u00e4hlten Einstellungen erinnern. Dazu geh\u00f6ren z. B. die von Ihnen bevorzugte Sprache und der Ort, an dem Sie sich befinden. Es wird eine Mischung aus Erstanbieter- und Drittanbieter-Cookies verwendet.<\/li>\n<li>Werbung - SCOLIA Technologies Ltd. verwendet diese Cookies, um Informationen \u00fcber Ihren Besuch auf unserer Website, den Inhalt, den Sie angesehen haben, die Links, denen Sie gefolgt sind, sowie Informationen \u00fcber Ihren Browser, Ihr Ger\u00e4t und Ihre IP-Adresse zu sammeln. SCOLIA Technologies Ltd. gibt manchmal einige begrenzte Aspekte dieser Daten zu Werbezwecken an Dritte weiter. Wir k\u00f6nnen auch Online-Daten, die durch Cookies gesammelt wurden, mit unseren Werbepartnern teilen. Dies bedeutet, dass Ihnen beim Besuch einer anderen Website m\u00f6glicherweise Werbung angezeigt wird, die auf Ihrem Surfverhalten auf unserer Website basiert.<\/li>\n<\/ul>\n<h2><strong>Wie man Cookies verwaltet<\/strong><\/h2>\n<p>Sie k\u00f6nnen Ihren Browser so einstellen, dass er keine Cookies annimmt, und auf der oben genannten Website erfahren Sie, wie Sie Cookies aus Ihrem Browser entfernen k\u00f6nnen. In einigen wenigen F\u00e4llen kann es jedoch vorkommen, dass einige Funktionen unserer Website dann nicht funktionieren.<\/p>\n<h2><strong>Datenschutzrichtlinien anderer Websites<\/strong><\/h2>\n<p>Die Website von SCOLIA Technologies Ltd. kann Links zu anderen Websites enthalten. Unsere Datenschutzrichtlinie gilt nur f\u00fcr unsere Website. Wenn Sie also auf einen Link zu einer anderen Website klicken, sollten Sie deren Datenschutzrichtlinie lesen.<\/p>\n<h2><strong>\u00c4nderungen an unserer Datenschutzpolitik<\/strong><\/h2>\n<p>SCOLIA Technologies Ltd. \u00fcberpr\u00fcft seine Datenschutzpolitik regelm\u00e4\u00dfig und ver\u00f6ffentlicht alle Aktualisierungen auf dieser Webseite. Diese Datenschutzrichtlinie wurde zuletzt am 17. Juni 2019 aktualisiert.<\/p>\n<h2><strong>Wie Sie uns kontaktieren k\u00f6nnen<\/strong><\/h2>\n<p>Wenn Sie Fragen zur Datenschutzpolitik von Scolia Technologies Ltd. oder zu den von uns \u00fcber Sie gespeicherten Daten haben oder eines Ihrer Datenschutzrechte aus\u00fcben m\u00f6chten, z\u00f6gern Sie bitte nicht, uns zu kontaktieren.<\/p>\n<p>Senden Sie uns eine E-Mail an: info@scoliadarts.com<\/p>\n<h2><strong>Kontaktaufnahme mit der zust\u00e4ndigen Beh\u00f6rde<\/strong><\/h2>\n<p>Wenn Sie eine Beschwerde einreichen m\u00f6chten oder der Meinung sind, dass SCOLIA Technologies Ltd. Ihr Anliegen nicht zufriedenstellend behandelt hat, k\u00f6nnen Sie sich an das f\u00fcr Sie zust\u00e4ndige Information Commissioner's Office wenden.<\/p>\n<p>Zuletzt aktualisiert am: 17 \/ 06 \/ 2019<\/p>\n<\/div>","protected":false},"excerpt":{"rendered":"<p>SCOLIA TECHNOLOGIES LTD Privacy Policy SCOLIA Technologies Ltd. is a private company. This privacy policy will explain how our organization uses the personal data we collect from you when you use our website. Topics: What data do we collect? How do we collect your data? How will we use your data? How do we store [&hellip;]<\/p>\n","protected":false},"author":1,"featured_media":0,"parent":0,"menu_order":0,"comment_status":"closed","ping_status":"open","template":"","meta":{"inline_featured_image":false,"site-sidebar-layout":"default","site-content-layout":"default","ast-site-content-layout":"default","site-content-style":"default","site-sidebar-style":"default","ast-global-header-display":"","ast-banner-title-visibility":"","ast-main-header-display":"","ast-hfb-above-header-display":"","ast-hfb-below-header-display":"","ast-hfb-mobile-header-display":"","site-post-title":"","ast-breadcrumbs-content":"","ast-featured-img":"","footer-sml-layout":"","ast-disable-related-posts":"","theme-transparent-header-meta":"default","adv-header-id-meta":"","stick-header-meta":"default","header-above-stick-meta":"","header-main-stick-meta":"","header-below-stick-meta":"","astra-migrate-meta-layouts":"default","ast-page-background-enabled":"default","ast-page-background-meta":{"desktop":{"background-color":"","background-image":"","background-repeat":"repeat","background-position":"center center","background-size":"auto","background-attachment":"scroll","background-type":"","background-media":"","overlay-type":"","overlay-color":"","overlay-opacity":"","overlay-gradient":""},"tablet":{"background-color":"","background-image":"","background-repeat":"repeat","background-position":"center center","background-size":"auto","background-attachment":"scroll","background-type":"","background-media":"","overlay-type":"","overlay-color":"","overlay-opacity":"","overlay-gradient":""},"mobile":{"background-color":"","background-image":"","background-repeat":"repeat","background-position":"center center","background-size":"auto","background-attachment":"scroll","background-type":"","background-media":"","overlay-type":"","overlay-color":"","overlay-opacity":"","overlay-gradient":""}},"ast-content-background-meta":{"desktop":{"background-color":"var(--ast-global-color-5)","background-image":"","background-repeat":"repeat","background-position":"center center","background-size":"auto","background-attachment":"scroll","background-type":"","background-media":"","overlay-type":"","overlay-color":"","overlay-opacity":"","overlay-gradient":""},"tablet":{"background-color":"var(--ast-global-color-5)","background-image":"","background-repeat":"repeat","background-position":"center center","background-size":"auto","background-attachment":"scroll","background-type":"","background-media":"","overlay-type":"","overlay-color":"","overlay-opacity":"","overlay-gradient":""},"mobile":{"background-color":"var(--ast-global-color-5)","background-image":"","background-repeat":"repeat","background-position":"center center","background-size":"auto","background-attachment":"scroll","background-type":"","background-media":"","overlay-type":"","overlay-color":"","overlay-opacity":"","overlay-gradient":""}},"footnotes":""},"class_list":["post-3","page","type-page","status-publish","hentry"],"aioseo_notices":[],"_links":{"self":[{"href":"https:\/\/scoliadarts.com\/de\/wp-json\/wp\/v2\/pages\/3","targetHints":{"allow":["GET"]}}],"collection":[{"href":"https:\/\/scoliadarts.com\/de\/wp-json\/wp\/v2\/pages"}],"about":[{"href":"https:\/\/scoliadarts.com\/de\/wp-json\/wp\/v2\/types\/page"}],"author":[{"embeddable":true,"href":"https:\/\/scoliadarts.com\/de\/wp-json\/wp\/v2\/users\/1"}],"replies":[{"embeddable":true,"href":"https:\/\/scoliadarts.com\/de\/wp-json\/wp\/v2\/comments?post=3"}],"version-history":[{"count":0,"href":"https:\/\/scoliadarts.com\/de\/wp-json\/wp\/v2\/pages\/3\/revisions"}],"wp:attachment":[{"href":"https:\/\/scoliadarts.com\/de\/wp-json\/wp\/v2\/media?parent=3"}],"curies":[{"name":"wp","href":"https:\/\/api.w.org\/{rel}","templated":true}]}}