{"id":23527,"date":"2024-04-15T09:11:43","date_gmt":"2024-04-15T09:11:43","guid":{"rendered":"https:\/\/scoliadarts.com\/?page_id=23527"},"modified":"2024-04-15T09:18:02","modified_gmt":"2024-04-15T09:18:02","slug":"end-user-license-agreement-amendment-for-tournament-tokens","status":"publish","type":"page","link":"https:\/\/scoliadarts.com\/de\/end-user-license-agreement-amendment-for-tournament-tokens\/","title":{"rendered":"\u00c4nderung der Endbenutzer-Lizenzvereinbarung f\u00fcr Turnier-Token"},"content":{"rendered":"<div data-elementor-type=\"wp-page\" data-elementor-id=\"23527\" class=\"elementor elementor-23527\" data-elementor-post-type=\"page\">\n\t\t\t\t<div class=\"elementor-element elementor-element-63d552f1 e-flex e-con-boxed e-con e-parent\" data-id=\"63d552f1\" data-element_type=\"container\" data-e-type=\"container\">\n\t\t\t\t\t<div class=\"e-con-inner\">\n\t\t\t\t<div class=\"elementor-element elementor-element-6626ce1b elementor-widget elementor-widget-text-editor\" data-id=\"6626ce1b\" data-element_type=\"widget\" data-e-type=\"widget\" data-widget_type=\"text-editor.default\">\n\t\t\t\t<div class=\"elementor-widget-container\">\n\t\t\t\t\t\t\t\t\t<p><\/p>\n<p>Dieses Dokument (im Folgenden als <strong>\u2018\u00c4nderung\u2019.\u2019 <\/strong>oder <strong>\u2018Vereinbarung\u2019<\/strong>) ist eine \u00c4nderung des Endbenutzer-Lizenzvertrags (im Folgenden als <strong>\u2018EULA\u2019.\u2019<\/strong>). Die EULA bleibt g\u00fcltig und in Kraft, erg\u00e4nzt durch die in diesem Dokument enthaltenen Bestimmungen.<\/p>\n<ol>\n<li>DEFINITIONEN<\/li>\n<\/ol>\n<p>Die Begriffe, die in diesem EULA ohne spezifische Definition mit gro\u00dfen Anfangsbuchstaben verwendet werden, haben die unten angegebene Bedeutung:<\/p>\n<p><strong>\u2018Gast-Benutzer\u2019.\u2019<\/strong> ist eine nat\u00fcrliche Person, eine juristische Person oder eine andere Einrichtung, die nicht auf der Website registriert ist.<\/p>\n<p><strong>\u2018Lizenznehmer\u2019 oder \u2018Nutzer\u2019 <\/strong>bezeichnet eine nat\u00fcrliche oder juristische Person oder eine andere Einrichtung, die die Website im Rahmen dieser EULA nutzt oder einen Zugang zu ihr beantragt und sich auf der Website registriert.<\/p>\n<p><strong>\u2018Website\u2019.\u2019<\/strong> ist die Website, die \u00fcber die Website <a href=\"https:\/\/game.scoliadarts.com\">https:\/\/game.scoliadarts.com<\/a> Link.<\/p>\n<p><strong>\u2018Produkt\u2019 <\/strong>ist eine von Scolia Technologies Ltd. bereitgestellte Hardware mit vorinstallierter Software, die aus den spezifischen Algorithmen und Dateninhalten besteht, und einer Software als Dienst, der zusammen mit der Hardware genutzt werden kann.<\/p>\n<p><strong>\u2018Bezahlte Dienstleistungen\u2019.\u2019<\/strong> sind Softwarefunktionen des Produkts, die gegen eine Geb\u00fchr genutzt werden k\u00f6nnen. Die Geb\u00fchr kann auf einem Abonnement basieren (wiederkehrende Geb\u00fchr) oder eine einmalige Zahlung sein, je nach kostenpflichtigem Dienst. Kostenpflichtige Dienste werden in separaten Dokumenten beschrieben, die Sie unter folgender Adresse finden k\u00f6nnen <a href=\"https:\/\/scoliadarts.com\/de\/paid-services\/\">https:\/\/scoliadarts.com\/paid-services\/<\/a><\/p>\n<p><strong>\u2018Software\u2019.\u2019<\/strong> bezeichnet jede von Scolia Technologies Ltd. gelieferte Software (unabh\u00e4ngig davon, ob sie als Download oder als Online-Dienst zur Verf\u00fcgung gestellt wird), jedes Tool, Dienstprogramm, jede Dokumentation oder \u00c4hnliches, einschlie\u00dflich aller \u00dcberarbeitungen, Updates oder Upgrades, die Scolia Technologies Ltd. dem Endnutzer zu den im EULA und in diesem Nachtrag festgelegten Bedingungen zur Verf\u00fcgung stellt.<\/p>\n<ol start=\"2\">\n<li>KAUF VON Turnierm\u00fcnzen<\/li>\n<\/ol>\n<ul>\n<li>Der Erwerb von Turnier-Token wird in der Scolia-Software durch Einmalk\u00e4ufe erm\u00f6glicht. Einmalige K\u00e4ufe sind einmalige Anschaffungen innerhalb der Scolia Software, die nicht wiederkehrend sind. Um jeden Zweifel auszuschlie\u00dfen, nehmen Sie zur Kenntnis und erkl\u00e4ren sich damit einverstanden, dass der Erwerb von Turnier-Token f\u00fcr Sie als registrierter Nutzer eine optionale M\u00f6glichkeit innerhalb des Spielangebots darstellt und daher f\u00fcr Sie als Nutzer keine Verpflichtung besteht, solche Transaktionen durchzuf\u00fchren; die Grundfunktionalit\u00e4t der Software ist auch ohne die Durchf\u00fchrung solcher K\u00e4ufe verf\u00fcgbar. .<\/li>\n<li>Die Scolia-Software erm\u00f6glicht es Ihnen, Token (\u201cToken\u201d) durch einmalige K\u00e4ufe zu erwerben. Sie als Nutzer best\u00e4tigen und erkl\u00e4ren hiermit ausdr\u00fccklich, dass Sie vor der Annahme dieser EULA, der Registrierung, der Nutzung oder dem anderweitigen Zugriff auf die Scolia-Software oder auf Materialien, die in oder mit den Scolia-Diensten enthalten sind, von der Tatsache Kenntnis genommen haben, dass die Durchf\u00fchrung des einmaligen Kaufs gem\u00e4\u00df dieser EULA die Verpflichtung zur Zahlung einer Geb\u00fchr\/eines Kaufpreises f\u00fcr den einmaligen Kauf - Kaufpreis f\u00fcr das jeweilige Token-Paket - beinhaltet.<\/li>\n<li><strong>Token k\u00f6nnen zur Erstellung von Turnieren in Scolia Software verwendet werden<\/strong>. Token sind Spielw\u00e4hrung und k\u00f6nnen den Zweck haben, die Funktionalit\u00e4t des Spiels zu erweitern.<\/li>\n<li>Sie k\u00f6nnen die Token durch den einmaligen Kauf von verschiedenen Arten von Token-Paketen erwerben, die sich durch Anzahl oder Wert unterscheiden, wobei der Kaufpreis der jeweiligen Token-Pakete einschlie\u00dflich der jeweiligen <strong style=\"font-size: 16px; text-align: var(--text-align); background-color: var(--ast-global-color-5);\">Mehrwertsteuer<\/strong><span style=\"font-size: 16px; text-align: var(--text-align); background-color: var(--ast-global-color-5);\"> und alle anderen anwendbaren Steuern im Zusammenhang mit diesem einmaligen Kauf.<\/span><\/li>\n<li>Die Token werden mit dem Kauf durch den Nutzer wirksam und bleiben bis zur K\u00fcndigung durch eine der Parteien in Kraft.<\/li>\n<\/ul>\n<ol start=\"3\">\n<li>NUTZUNG DER SOFTWARE MIT DEN ONLINE-DIENSTEN VON SCOLIA TECHNOLOGIES LTD.<\/li>\n<\/ol>\n<ul>\n<li>Einige Anwendungen der Software erfordern, dass die Software einen oder mehrere Online-Dienste der Cloud-Computing-Plattform Google Cloud (oder anderer Cloud-Computing-Plattformen) nutzt. Es wird ausdr\u00fccklich darauf hingewiesen, dass Scolia Technologies Ltd. nicht f\u00fcr Ausfallzeiten oder andere Unterbrechungen des Dienstes verantwortlich ist, die mit Google Cloud (oder anderen Cloud Computing Plattformen) zusammenh\u00e4ngen und\/oder anderweitig au\u00dferhalb der Kontrolle von Scolia Technologies Ltd. liegen.<\/li>\n<li>Bei der Nutzung des Online-Angebots von Scolia Technologies Ltd. werden Daten zum und vom Dienst \u00fcbertragen. Diese Daten werden von Scolia Technologies Ltd. gespeichert oder protokolliert. Der Benutzer\/die Benutzerin erkl\u00e4rt sich damit einverstanden, dass Scolia Technologies Ltd. im Rahmen eines Supportfalls, einer pr\u00e4ventiven Fehlersuche, einer Fehlerkorrektur oder anderer Aktivit\u00e4ten zur Sicherstellung eines stabilen Betriebs der Online-Dienste von Scolia Technologies Ltd. auf die Daten zugreifen kann. Scolia Technologies Ltd. kann Telemetriedaten \u00fcber die Nutzung der Software zu Leistungs-, Optimierungs-, Verbesserungs- und Statistikzwecken sammeln.<\/li>\n<\/ul>\n<ol start=\"4\">\n<li>UPDATES<\/li>\n<\/ol>\n<ul>\n<li>Scolia Technologies Ltd. wird sich nach besten Kr\u00e4ften bem\u00fchen, die Software weiterzuentwickeln, einschlie\u00dflich der Korrektur von Fehlern und Unzul\u00e4nglichkeiten, und nach eigenem Ermessen die Software zu \u00e4ndern, um sie mit neuen Versionen von Standardsoftware Dritter kompatibel zu machen.<\/li>\n<li>Abonnement-Lizenz: Beim Erwerb einer Abonnementlizenz f\u00fcr die Software ist eine Update-Geb\u00fchr in der Abonnementlizenz enthalten, so dass der Nutzer Zugang zu relevanten Updates hat.<\/li>\n<li>Der Nutzer erkennt an, dass Aktualisierungen der Software m\u00f6glicherweise nicht mit der benutzerdefinierten Hardware des Nutzers, Add-Ons, Software von Drittanbietern oder benutzerdefinierten Anpassungen oder Modifikationen funktionieren.<\/li>\n<\/ul>\n<ol start=\"5\">\n<li>UNTERST\u00dcTZUNG<\/li>\n<\/ol>\n<ul>\n<li>Scolia Technologies Ltd. ist die erste Anlaufstelle des Benutzers in allen die Software betreffenden Angelegenheiten, einschlie\u00dflich, aber nicht beschr\u00e4nkt auf den Support.<\/li>\n<li>Scolia Technologies Ltd. bietet dem Nutzer Online-Support an.<\/li>\n<li>Supportanfragen, die sich nicht auf Fehler beziehen, die in der aktuellsten Version der Software reproduzierbar sind und die nicht elektronisch beantwortet werden k\u00f6nnen oder die ein ausf\u00fchrlicheres Gespr\u00e4ch oder eine Besprechung erfordern, werden als Feature Requests betrachtet.<\/li>\n<\/ul>\n<ol start=\"6\">\n<li>ZUSTELLUNG<\/li>\n<\/ol>\n<ul>\n<li>Der Benutzer ist nicht berechtigt, seine Rechte und Pflichten aus diesem Vertrag ohne vorherige schriftliche Zustimmung von Scolia Technologies Ltd. zu verleihen, zu vermieten, zu unterlizenzieren, zu \u00fcbertragen oder anderweitig abzutreten. Jede Abtretung ist ohne vorherige schriftliche Zustimmung von Scolia Technologies Ltd. unzul\u00e4ssig. Die Abtretung umfasst auch die \u00dcbertragung oder \u00dcbernahme im Zusammenhang mit einer Fusion, Spaltung, Ausgliederung und \u00e4hnlichen Ereignissen oder Aktivit\u00e4ten innerhalb und au\u00dferhalb der Unternehmensgruppe, zu der der Nutzer geh\u00f6rt.<\/li>\n<li>\u00dcbertr\u00e4gt der Nutzer die Software im Widerspruch zu den obigen Bestimmungen, kann Scolia Technologies Ltd. diesen Vertrag mit sofortiger Wirkung k\u00fcndigen.<\/li>\n<li>Scolia Technologies Ltd. kann seine Rechte und Pflichten aus diesem Vertrag jederzeit ganz oder teilweise an Dritte abtreten.<\/li>\n<\/ul>\n<ol start=\"7\">\n<li>VERLETZUNG VON RECHTEN DRITTER<\/li>\n<\/ol>\n<ul>\n<li>Scolia Technologies Ltd. sichert zu und gew\u00e4hrleistet, dass sie das Recht hat, die Software einschlie\u00dflich der Dokumentation an den Benutzer zu lizenzieren, und dass Scolia Technologies Ltd. \u00fcber die erforderlichen Rechte, Titel und Lizenzen verf\u00fcgt, um dem Benutzer die Aus\u00fcbung aller in dieser \u00c4nderung vorgesehenen Rechte zu erm\u00f6glichen, und dass die Software keine Rechte Dritter verletzt, die in Ungarn g\u00fcltig und durchsetzbar sind.<\/li>\n<li>Macht ein Dritter gegen\u00fcber dem Benutzer geltend, die Software verletze Rechte Dritter, so hat der Benutzer die Scolia Technologies GmbH unverz\u00fcglich schriftlich zu benachrichtigen und die Scolia Technologies GmbH \u00fcbernimmt die Verteidigung gegen den Anspruch. Die Scolia Technologies GmbH \u00fcbernimmt auf ihre Kosten die volle Kontrolle \u00fcber alle Verfahren, die sich aus einer Verletzung von Rechten Dritter ergeben.<\/li>\n<li>Wenn der Benutzer von einer Verletzung oder potentiellen Verletzung der Software Kenntnis erlangt, hat er Scolia Technologies Ltd. unverz\u00fcglich schriftlich zu informieren.<\/li>\n<\/ul>\n<ol start=\"8\">\n<li>GELIEFERT \u201cWIE BESEHEN\u201d<\/li>\n<\/ol>\n<ul>\n<li>Die Software und die zugeh\u00f6rige Dokumentation werden ohne M\u00e4ngelgew\u00e4hr und ohne jegliche ausdr\u00fcckliche oder stillschweigende Garantie zur Verf\u00fcgung gestellt, einschlie\u00dflich, aber nicht beschr\u00e4nkt auf die stillschweigende Garantie der Marktg\u00e4ngigkeit und der Eignung f\u00fcr einen bestimmten Zweck. Das gesamte Risiko, das sich aus der Nutzung oder Leistung der Software ergibt, verbleibt beim Benutzer.<\/li>\n<li>Die unter dieser \u00c4nderung gelieferte Software ist ein Standardprodukt, und der Nutzer ist sich bewusst, dass kein Softwareprodukt in allen Situationen und Kombinationen fehlerfrei ist.<\/li>\n<li>Scolia Technologies Ltd. haftet nicht f\u00fcr allf\u00e4llige M\u00e4ngel. Dieser Vertrag enth\u00e4lt weder eine M\u00e4ngelgew\u00e4hrleistung noch eine Gew\u00e4hrleistung der Eignung f\u00fcr einen bestimmten Zweck.<\/li>\n<li>Der Nutzer hat Scolia Technologies Ltd. unverz\u00fcglich nach Feststellung eines reproduzierbaren Fehlers oder Mangels zu benachrichtigen. Bei der Benachrichtigung muss der Nutzer den Fehler oder Mangel angeben.<\/li>\n<li>Scolia Technologies Ltd. wird sich nach besten Kr\u00e4ften bem\u00fchen, Fehler und M\u00e4ngel zu beheben, die in der jeweils neuesten Version der Software reproduzierbar sind.<\/li>\n<li>Der tats\u00e4chliche Umfang und das Verfahren zur Behebung von Fehlern oder M\u00e4ngeln liegt im freien und unabh\u00e4ngigen Ermessen der Scolia Technologies GmbH, die wesentliche Fehler und M\u00e4ngel durch \u00dcberlassung eines Updates der Software beheben kann. Nicht wesentliche Fehler und M\u00e4ngel werden von Scolia Technologies Ltd. in dem Umfang behoben, den Scolia Technologies Ltd. f\u00fcr erforderlich h\u00e4lt.<\/li>\n<\/ul>\n<ol start=\"9\">\n<li>K\u00dcNDIGUNG<\/li>\n<\/ol>\n<ul>\n<li>Der Nutzer kann diese EULA jederzeit f\u00fcr die Zukunft k\u00fcndigen, indem er die Nutzung der Software einstellt und sein Konto unverz\u00fcglich l\u00f6scht. Der Nutzer hat keinen Anspruch auf R\u00fcckerstattung der Token, verbleibende Token unter dem gel\u00f6schten Nutzerkonto werden dauerhaft entfernt.<\/li>\n<li>F\u00fcr den Fall, dass der Benutzer eine der Bedingungen des EULA und dieses Nachtrags nicht einh\u00e4lt, kann Scolia Technologies Ltd. das Recht des Benutzers zur Nutzung der Software mit einer Frist von 30 Tagen schriftlich k\u00fcndigen. Nach einer solchen K\u00fcndigung kann der Benutzer die Software nicht mehr nutzen. Der Benutzer hat in diesem Fall keinen Anspruch auf R\u00fcckerstattung der Lizenzgeb\u00fchr.<\/li>\n<\/ul>\n<ol start=\"10\">\n<li>HAFTUNG DES NUTZERS<\/li>\n<\/ol>\n<ul>\n<li>Auf Vertragsverletzungen durch den Nutzer sind die allgemeinen Regeln des ungarischen Rechts anwendbar. Verst\u00f6\u00dft der Nutzer gegen eine seiner Verpflichtungen aus dem EULA und dieser \u00c4nderung, ist Scolia Technologies Ltd. berechtigt, diesen Vertrag mit sofortiger Wirkung zu k\u00fcndigen.<\/li>\n<\/ul>\n<ol start=\"11\">\n<li>HAFTUNGSBESCHR\u00c4NKUNG<\/li>\n<\/ol>\n<ul>\n<li>Scolia Technologies Ltd. lehnt ausdr\u00fccklich jegliche Haftung ab, sei es ausdr\u00fccklich oder stillschweigend, in Bezug auf (i) Defekte und Fehler, die nicht mit der Software zusammenh\u00e4ngen, sondern auf externe Faktoren zur\u00fcckzuf\u00fchren sind, einschliesslich anderer Softwareprodukte des Benutzers, (ii) Handlungen oder Unterlassungen der Partner von Scolia Technologies Ltd. (iii) die Interaktion zwischen der Software und jeder anderen Hardware- und\/oder Softwareumgebung und -organisation am Standort des Benutzers oder an einem entfernten Standort, einschlie\u00dflich, aber nicht beschr\u00e4nkt auf Hosting- oder Datenzentren (iv) Fehler, Defekte und Untauglichkeit von Standardprodukten Dritter, die von Scolia Technologies Ltd. geliefert werden (v) \u00c4nderungen und\/oder Modifikationen der Software durch den Benutzer und (vi) Kompatibilit\u00e4t zwischen der Software und neuen Versionen, Updates usw. von Software Dritter.<\/li>\n<li>Scolia Technologies Ltd. haftet in keiner Weise f\u00fcr Umst\u00e4nde, die mit der Nichterf\u00fcllung der Pflichten des Benutzers im Zusammenhang mit diesem Vertrag zusammenh\u00e4ngen. In keinem Fall haftet Scolia Technologies Ltd. f\u00fcr Sch\u00e4den, die aus Datenverlust, entgangenem Gewinn oder Firmenwert oder anderen Folgesch\u00e4den resultieren. Die Haftung von Scolia Technologies Ltd. \u00fcbersteigt unter keinen Umst\u00e4nden die vom Benutzer im Rahmen des Vertrages bezahlte Lizenzgeb\u00fchr.<\/li>\n<\/ul>\n<ol start=\"12\">\n<li>VALIDIT\u00c4T<\/li>\n<\/ol>\n<ul>\n<li>Sollte eine Bestimmung dieser Vereinbarung rechtswidrig, ung\u00fcltig oder nicht durchsetzbar sein, so soll diese(n) Bestimmung(en) dennoch im gr\u00f6\u00dftm\u00f6glichen Umfang, der nach geltendem Recht zul\u00e4ssig ist, durchgesetzt werden, so dass die urspr\u00fcngliche Absicht der Parteien wiedergegeben wird. Solche Bestimmungen ber\u00fchren nicht die Rechtm\u00e4\u00dfigkeit und G\u00fcltigkeit der anderen Bestimmungen dieser Vereinbarung.<\/li>\n<\/ul>\n<ol start=\"13\">\n<li>GELTENDES RECHT UND STREITBEILEGUNG<\/li>\n<\/ol>\n<ul>\n<li>Der vorliegende Vertrag unterliegt ungarischem Recht und ersetzt alle fr\u00fcheren und gleichzeitigen m\u00fcndlichen und schriftlichen Angebote und Mitteilungen in Bezug auf den Vertragsgegenstand.<\/li>\n<li>Die Parteien werden sich nach Kr\u00e4ften bem\u00fchen, alle Streitigkeiten, die sich aus dieser Vereinbarung ergeben k\u00f6nnten, auf der Ebene der F\u00fchrungskr\u00e4fte beider Parteien g\u00fctlich beizulegen. Streitigkeiten, die nicht g\u00fctlich beigelegt werden k\u00f6nnen, werden vor dem Stadtgericht Szeged verhandelt.<\/li>\n<\/ul>\n<ol start=\"14\">\n<li>AUSLEGUNG<\/li>\n<\/ol>\n<ul>\n<li>Sollte eine Bestimmung dieses Vertrages von einem zust\u00e4ndigen Gericht f\u00fcr rechtswidrig oder nicht durchsetzbar erkl\u00e4rt werden, so gilt diese Bestimmung als von den \u00fcbrigen Bestimmungen dieses Vertrages trennbar und beeintr\u00e4chtigt nicht die G\u00fcltigkeit oder Durchsetzbarkeit der \u00fcbrigen Bestimmungen dieses Vertrages.<\/li>\n<\/ul>\n<p><\/p>\t\t\t\t\t\t\t\t<\/div>\n\t\t\t\t<\/div>\n\t\t\t\t\t<\/div>\n\t\t\t\t<\/div>\n\t\t\t\t<\/div>","protected":false},"excerpt":{"rendered":"<p>Present document (hereinafter referred to as \u2018Amendment\u2019 or \u2018Agreement\u2019) is an amendment to the End User License Agreement (hereinafter referred to as \u2018EULA\u2019). The EULA shall remain valid and in effect, supplemented by the provisions contained in this document. DEFINITIONS The terms used with capital initials in the present EULA without specific definition have the [&hellip;]<\/p>\n","protected":false},"author":1,"featured_media":0,"parent":0,"menu_order":0,"comment_status":"closed","ping_status":"closed","template":"","meta":{"inline_featured_image":false,"site-sidebar-layout":"default","site-content-layout":"","ast-site-content-layout":"default","site-content-style":"default","site-sidebar-style":"default","ast-global-header-display":"","ast-banner-title-visibility":"","ast-main-header-display":"","ast-hfb-above-header-display":"","ast-hfb-below-header-display":"","ast-hfb-mobile-header-display":"","site-post-title":"","ast-breadcrumbs-content":"","ast-featured-img":"","footer-sml-layout":"","ast-disable-related-posts":"","theme-transparent-header-meta":"","adv-header-id-meta":"","stick-header-meta":"","header-above-stick-meta":"","header-main-stick-meta":"","header-below-stick-meta":"","astra-migrate-meta-layouts":"set","ast-page-background-enabled":"default","ast-page-background-meta":{"desktop":{"background-color":"","background-image":"","background-repeat":"repeat","background-position":"center center","background-size":"auto","background-attachment":"scroll","background-type":"","background-media":"","overlay-type":"","overlay-color":"","overlay-opacity":"","overlay-gradient":""},"tablet":{"background-color":"","background-image":"","background-repeat":"repeat","background-position":"center center","background-size":"auto","background-attachment":"scroll","background-type":"","background-media":"","overlay-type":"","overlay-color":"","overlay-opacity":"","overlay-gradient":""},"mobile":{"background-color":"","background-image":"","background-repeat":"repeat","background-position":"center center","background-size":"auto","background-attachment":"scroll","background-type":"","background-media":"","overlay-type":"","overlay-color":"","overlay-opacity":"","overlay-gradient":""}},"ast-content-background-meta":{"desktop":{"background-color":"var(--ast-global-color-5)","background-image":"","background-repeat":"repeat","background-position":"center center","background-size":"auto","background-attachment":"scroll","background-type":"","background-media":"","overlay-type":"","overlay-color":"","overlay-opacity":"","overlay-gradient":""},"tablet":{"background-color":"var(--ast-global-color-5)","background-image":"","background-repeat":"repeat","background-position":"center center","background-size":"auto","background-attachment":"scroll","background-type":"","background-media":"","overlay-type":"","overlay-color":"","overlay-opacity":"","overlay-gradient":""},"mobile":{"background-color":"var(--ast-global-color-5)","background-image":"","background-repeat":"repeat","background-position":"center center","background-size":"auto","background-attachment":"scroll","background-type":"","background-media":"","overlay-type":"","overlay-color":"","overlay-opacity":"","overlay-gradient":""}},"footnotes":""},"class_list":["post-23527","page","type-page","status-publish","hentry"],"aioseo_notices":[],"_links":{"self":[{"href":"https:\/\/scoliadarts.com\/de\/wp-json\/wp\/v2\/pages\/23527","targetHints":{"allow":["GET"]}}],"collection":[{"href":"https:\/\/scoliadarts.com\/de\/wp-json\/wp\/v2\/pages"}],"about":[{"href":"https:\/\/scoliadarts.com\/de\/wp-json\/wp\/v2\/types\/page"}],"author":[{"embeddable":true,"href":"https:\/\/scoliadarts.com\/de\/wp-json\/wp\/v2\/users\/1"}],"replies":[{"embeddable":true,"href":"https:\/\/scoliadarts.com\/de\/wp-json\/wp\/v2\/comments?post=23527"}],"version-history":[{"count":0,"href":"https:\/\/scoliadarts.com\/de\/wp-json\/wp\/v2\/pages\/23527\/revisions"}],"wp:attachment":[{"href":"https:\/\/scoliadarts.com\/de\/wp-json\/wp\/v2\/media?parent=23527"}],"curies":[{"name":"wp","href":"https:\/\/api.w.org\/{rel}","templated":true}]}}